{"id":54913,"date":"2022-08-04T12:39:08","date_gmt":"2022-08-04T10:39:08","guid":{"rendered":"https:\/\/galicianparts.com\/shop\/producto\/5908619-kit-altavoces-traseros-y-tweeters-lancia-ypsilon-1995-2003-nuevo-lineaccessori\/"},"modified":"2022-09-12T20:22:40","modified_gmt":"2022-09-12T18:22:40","slug":"5908619-kit-altavoces-traseros-y-tweeters-lancia-ypsilon-1995-2003-nuevo-lineaccessori","status":"publish","type":"product","link":"https:\/\/galicianparts.com\/shop\/producto\/5908619-kit-altavoces-traseros-y-tweeters-lancia-ypsilon-1995-2003-nuevo-lineaccessori\/","title":{"rendered":"5908619 Kit altavoces traseros y tweeters Lancia Ypsilon (1995-2003) NUEVO LINEACCESSORI"},"content":{"rendered":"<p>Juego, set de altavoces traseros y tweeters del salpicadero de:<\/p>\n<p>Caracter\u00edsticas altavoces traseros:<br \/>\nImpedancia: 4 Ohm<br \/>\nPotencia m\u00e1xima: 35W<br \/>\nPotencia nominal (RMS): 20W<\/p>\n<p>Caracter\u00edsticas altavoces tweeters:<br \/>\nImpedancia: 8 Ohm<br \/>\nPotencia m\u00e1xima: 35W<br \/>\nPotencia nominal (RMS): 20W<\/p>\n<p>LANCIA &#8211; YPSILON (1995-2003)<\/p>\n<p>LA PIEZA ES NUEVA LANCIA LINEACESSORI.<\/p>\n","protected":false},"excerpt":{"rendered":"<p>Juego, set de altavoces traseros y tweeters del salpicadero de: Caracter\u00edsticas altavoces traseros: Impedancia: 4 Ohm Potencia m\u00e1xima: 35W Potencia nominal (RMS): 20W Caracter\u00edsticas altavoces tweeters: Impedancia: 8 Ohm Potencia m\u00e1xima: 35W Potencia nominal (RMS): 20W LANCIA &#8211; YPSILON (1995-2003) LA PIEZA ES NUEVA LANCIA LINEACESSORI.<\/p>\n","protected":false},"featured_media":54923,"template":"","meta":{"_seopress_robots_primary_cat":"","_seopress_titles_title":"","_seopress_titles_desc":"","_seopress_robots_index":""},"product_cat":[21,127],"product_tag":[],"class_list":{"0":"post-54913","1":"product","2":"type-product","3":"status-publish","4":"has-post-thumbnail","6":"product_cat-recambios-lancia","7":"product_cat-recambios-lancia-ypsilon","9":"first","10":"outofstock","11":"taxable","12":"shipping-taxable","13":"purchasable","14":"product-type-simple"},"_links":{"self":[{"href":"https:\/\/galicianparts.com\/shop\/wp-json\/wp\/v2\/product\/54913"}],"collection":[{"href":"https:\/\/galicianparts.com\/shop\/wp-json\/wp\/v2\/product"}],"about":[{"href":"https:\/\/galicianparts.com\/shop\/wp-json\/wp\/v2\/types\/product"}],"wp:featuredmedia":[{"embeddable":true,"href":"https:\/\/galicianparts.com\/shop\/wp-json\/wp\/v2\/media\/54923"}],"wp:attachment":[{"href":"https:\/\/galicianparts.com\/shop\/wp-json\/wp\/v2\/media?parent=54913"}],"wp:term":[{"taxonomy":"product_cat","embeddable":true,"href":"https:\/\/galicianparts.com\/shop\/wp-json\/wp\/v2\/product_cat?post=54913"},{"taxonomy":"product_tag","embeddable":true,"href":"https:\/\/galicianparts.com\/shop\/wp-json\/wp\/v2\/product_tag?post=54913"}],"curies":[{"name":"wp","href":"https:\/\/api.w.org\/{rel}","templated":true}]}}