{"id":54939,"date":"2022-08-04T13:35:08","date_gmt":"2022-08-04T11:35:08","guid":{"rendered":"https:\/\/galicianparts.com\/shop\/producto\/5892735-kit-pastillas-freno-delantero-fiat-uno-tb-punto-gt-lancia-y10-alfa-original\/"},"modified":"2023-05-04T10:30:51","modified_gmt":"2023-05-04T08:30:51","slug":"5892735-kit-pastillas-freno-delantero-fiat-uno-tb-punto-gt-lancia-y10-alfa-original","status":"publish","type":"product","link":"https:\/\/galicianparts.com\/shop\/producto\/5892735-kit-pastillas-freno-delantero-fiat-uno-tb-punto-gt-lancia-y10-alfa-original\/","title":{"rendered":"5892735 Kit pastillas freno delantero Fiat Uno TB \/Punto GT \/Lancia Y10 \/ Alfa ORIGINAL"},"content":{"rendered":"<p>Juego, set de pastillas de freno delanteras, ICER 180397 con avisador de desgaste ruidoso de:<br \/>\nLongitud: 105 mm<br \/>\nAncho: 68 mm<br \/>\nEspesor: 17 mm<\/p>\n<p>ALFA ROMEO 145 (930)<br \/>\n1.4 i.e. (930.A3), A\u00f1o 07.1994 &#8211; 12.1996, 1351 , 90<br \/>\n1.6 i.e. (930.A2), A\u00f1o 10.1994 &#8211; 12.1996, 1596 , 103<br \/>\n1.7 i.e. 16V (930.A1), A\u00f1o 10.1994 &#8211; 12.1996, 1712 , 129<br \/>\n1.9 TD (930.A4), A\u00f1o 10.1994 &#8211; 02.1999, 1929 , 90<br \/>\nALFA ROMEO 155 (167)<br \/>\n1.6 16V T.S. (167.A6A), A\u00f1o 05.1996 &#8211; 12.1997, 1598 , 120<br \/>\n1.7 T.S., A\u00f1o 04.1993 &#8211; 04.1996, 1748 , 115<br \/>\n1.7 T.S. (167.A4G), A\u00f1o 04.1993 &#8211; 04.1996, 1748 , 113<br \/>\n1.7 T.S. 16V (167.A4N), A\u00f1o 05.1996 &#8211; 12.1997, 1747 , 140<br \/>\n1.8 T.S. (167.A4A, 167.A4C, 167.A4E), A\u00f1o 02.1992 &#8211; 06.1993, 1773 , 129<br \/>\n1.8 T.S. (167.A4C, 167.A), A\u00f1o 02.1992 &#8211; 12.1997, 1756 , 105<br \/>\n1.8 T.S. Sport, A\u00f1o 01.1992 &#8211; 12.1996, 1773 , 127<br \/>\n1.9 TD, A\u00f1o 04.1993 &#8211; 12.1997, 1929 , 90<br \/>\n2.0 T.S., A\u00f1o 02.1992 &#8211; 02.1995, 1995 , 141<br \/>\n2.0 T.S., A\u00f1o 02.1992 &#8211; 04.1993, 1995 , 144<br \/>\nALFA ROMEO 146 (930)<br \/>\n1.4 i.e. (930.B3), A\u00f1o 12.1994 &#8211; 12.1996, 1351 , 90<br \/>\n1.6 i.e. (930.B2), A\u00f1o 12.1994 &#8211; 12.1996, 1596 , 103<br \/>\n1.7 i.e. 16V (930.B1), A\u00f1o 12.1994 &#8211; 12.1996, 1712 , 129<br \/>\n1.9 TD (930.B4A), A\u00f1o 12.1994 &#8211; 02.1999, 1929 , 90<br \/>\nALFA ROMEO Spider (916, 916S)<br \/>\n2.0 T.SPARK 16V, A\u00f1o 06.1995 &#8211; 04.2005, 1970 , 150<\/p>\n<p>FIAT Regata Berlina (138)<br \/>\n1.6 Super 100, A\u00f1o 10.1983 &#8211; 07.1989, 1585 , 95<br \/>\n1.6 Super 100, A\u00f1o 10.1983 &#8211; 12.1990, 1585 , 101<br \/>\n1.7 Di\u00e9sel 60, A\u00f1o 09.1983 &#8211; 12.1986, 1714 , 58<br \/>\n1.7 Di\u00e9sel 60, A\u00f1o 05.1985 &#8211; 03.1989, 1698 , 60<br \/>\n1.9 Di\u00e9sel 65, A\u00f1o 04.1984 &#8211; 07.1989, 1929 , 65<br \/>\n1.3 70, A\u00f1o 09.1983 &#8211; 07.1989, 1301 , 65<br \/>\n1.3 70, A\u00f1o 09.1983 &#8211; 07.1986, 1301 , 68<br \/>\n1.5 75, A\u00f1o 12.1983 &#8211; 07.1989, 1498 , 75<br \/>\n1.9 Turbodi\u00e9sel 80, A\u00f1o 05.1986 &#8211; 07.1989, 1929 , 80<br \/>\n1.5 85, A\u00f1o 05.1985 &#8211; 12.1987, 1498 , 79<br \/>\n1.6 85, A\u00f1o 10.1983 &#8211; 06.1990, 1585 , 82<br \/>\n1.5 Super 85, A\u00f1o 09.1983 &#8211; 04.1985, 1498 , 82<br \/>\n1.6 i.e. 90, A\u00f1o 01.1987 &#8211; 07.1989, 1595 , 90<br \/>\nFIAT Ritmo I Cabrio<br \/>\n1.6 100, A\u00f1o 10.1985 &#8211; 12.1987, 1585 , 100<br \/>\n1.6 100, A\u00f1o 10.1985 &#8211; 12.1987, 1585 , 105<br \/>\n1.3 50, A\u00f1o 10.1985 &#8211; 12.1987, 1302 , 68<br \/>\n1.5 80, A\u00f1o 03.1983 &#8211; 12.1986, 1498 , 82<br \/>\n1.5 80, A\u00f1o 01.1980 &#8211; 07.1989, 1498 , 86<br \/>\nFIAT Ritmo I Hatchback (138)<br \/>\n1.1 60, A\u00f1o 10.1982 &#8211; 12.1987, 1116 , 55<br \/>\n1.1 60, A\u00f1o 04.1985 &#8211; 12.1987, 1116 , 58<br \/>\n1.3 70, A\u00f1o 01.1983 &#8211; 04.1985, 1301 , 68<br \/>\n1.5 85, A\u00f1o 08.1985 &#8211; 05.1987, 1498 , 79<br \/>\n1.5 85, A\u00f1o 01.1983 &#8211; 12.1987, 1498 , 82<br \/>\n1.6 100, A\u00f1o 01.1983 &#8211; 12.1987, 1585 , 100<br \/>\n1.7 Di\u00e9sel 60, A\u00f1o 05.1985 &#8211; 12.1987, 1698 , 60<br \/>\n1.9 Turbodi\u00e9sel 80, A\u00f1o 12.1985 &#8211; 12.1987, 1929 , 80<br \/>\nFIAT Croma I Hatchback (154)<br \/>\n1.9 TD i.d., A\u00f1o 11.1992 &#8211; 12.1996, 1929 , 94<br \/>\n1.9 TD i.d., A\u00f1o 08.1987 &#8211; 10.1992, 1929 , 90<br \/>\n2.0 16V, A\u00f1o 08.1992 &#8211; 08.1996, 1995 , 137<br \/>\n2.0 CHT, A\u00f1o 01.1991 &#8211; 09.1992, 1995 , 100<br \/>\nFIAT Argenta (132)<br \/>\n1.6, A\u00f1o 04.1981 &#8211; 12.1985, 1585 , 98<br \/>\n1.6 i.e, A\u00f1o 04.1981 &#8211; 12.1985, 1585 , 90<br \/>\n2, A\u00f1o 06.1978 &#8211; 12.1985, 1995 , 113<br \/>\n2.0 i.e., A\u00f1o 06.1981 &#8211; 07.1986, 1995 , 122<br \/>\n2.0 Volumex, A\u00f1o 06.1984 &#8211; 07.1985, 1995 , 135<br \/>\n2.5 Di\u00e9sel, A\u00f1o 06.1981 &#8211; 11.1985, 2445 , 72<br \/>\nFIAT Tempra Berlina (159)<br \/>\n1.4 i.e., A\u00f1o 03.1991 &#8211; 08.1996, 1372 , 78<br \/>\n1.4 i.e., A\u00f1o 04.1990 &#8211; 08.1996, 1372 , 69<br \/>\n1.6, A\u00f1o 04.1990 &#8211; 06.1993, 1581 , 69<br \/>\n1.6 (159.AD), A\u00f1o 03.1990 &#8211; 08.1996, 1581 , 86<br \/>\n1.6 i.e., A\u00f1o 06.1990 &#8211; 07.1992, 1581 , 78<br \/>\n1.6 i.e., A\u00f1o 06.1994 &#8211; 08.1996, 1581 , 87<br \/>\n1.6 i.e., A\u00f1o 06.1994 &#8211; 08.1996, 1581 , 90<br \/>\n1.6 i.e., A\u00f1o 06.1992 &#8211; 08.1996, 1581 , 75<br \/>\n1.8 i.e., A\u00f1o 03.1992 &#8211; 08.1996, 1756 , 105<br \/>\n1.8 i.e., A\u00f1o 03.1990 &#8211; 08.1996, 1756 , 110<br \/>\n1.8 i.e., A\u00f1o 09.1993 &#8211; 08.1996, 1756 , 103<br \/>\n1.8 i.e., A\u00f1o 10.1994 &#8211; 08.1996, 1756 , 101<br \/>\n1.9 D, A\u00f1o 07.1991 &#8211; 08.1996, 1929 , 65<br \/>\n1.9 TD, A\u00f1o 07.1992 &#8211; 08.1996, 1929 , 80<br \/>\n1.9 TD, A\u00f1o 05.1990 &#8211; 08.1996, 1929 , 90<br \/>\n2.0 i.e., A\u00f1o 10.1990 &#8211; 08.1996, 1995 , 113<br \/>\nFIAT Tempra S.W. (159)<br \/>\n1.4 i.e., A\u00f1o 03.1991 &#8211; 08.1996, 1372 , 78<br \/>\n1.4 i.e., A\u00f1o 10.1992 &#8211; 08.1996, 1372 , 69<br \/>\n1.6, A\u00f1o 12.1990 &#8211; 04.1993, 1581 , 86<br \/>\n1.6 i.e., A\u00f1o 10.1990 &#8211; 08.1996, 1581 , 78<br \/>\n1.6 i.e., A\u00f1o 06.1994 &#8211; 08.1996, 1581 , 90<br \/>\n1.6 i.e., A\u00f1o 10.1992 &#8211; 08.1996, 1581 , 75<br \/>\n1.8 i.e., A\u00f1o 03.1992 &#8211; 12.1993, 1756 , 105<br \/>\n1.8 i.e., A\u00f1o 03.1990 &#8211; 08.1996, 1756 , 110<br \/>\n1.8 i.e., A\u00f1o 09.1993 &#8211; 08.1996, 1756 , 103<br \/>\n1.8 i.e., A\u00f1o 09.1993 &#8211; 08.1996, 1756 , 90<br \/>\n1.8 i.e., A\u00f1o 10.1994 &#8211; 08.1996, 1756 , 101<br \/>\n1.9 D, A\u00f1o 07.1991 &#8211; 08.1996, 1929 , 65<br \/>\n1.9 TD, A\u00f1o 07.1991 &#8211; 02.1995, 1929 , 90<br \/>\n1.9 TD, A\u00f1o 03.1992 &#8211; 06.1993, 1929 , 80<br \/>\n2.0 i.e., A\u00f1o 01.1991 &#8211; 03.1995, 1995 , 113<br \/>\n2.0 i.e. 4&#215;4, A\u00f1o 03.1992 &#8211; 03.1995, 1995 , 113<br \/>\nFIAT Tipo Hatchback (160)<br \/>\n1.4, A\u00f1o 07.1987 &#8211; 12.1989, 1372 , 71<br \/>\n1.4 i.e., A\u00f1o 05.1989 &#8211; 04.1995, 1372 , 78<br \/>\n1.4 i.e., A\u00f1o 05.1989 &#8211; 04.1995, 1372 , 70<br \/>\n1.6, A\u00f1o 01.1988 &#8211; 10.1991, 1581 , 83<br \/>\n1.6 i.e., A\u00f1o 02.1988 &#8211; 05.1991, 1595 , 90<br \/>\n1.6 i.e., A\u00f1o 10.1992 &#8211; 04.1995, 1581 , 75<br \/>\n1.6 i.e., A\u00f1o 07.1990 &#8211; 01.1993, 1581 , 78<br \/>\n1.6 SX DGT, A\u00f1o 05.1989 &#8211; 10.1995, 1581 , 90<br \/>\n1.7 D, A\u00f1o 01.1988 &#8211; 10.1995, 1697 , 61<br \/>\n1.8 i.e., A\u00f1o 10.1990 &#8211; 06.1993, 1756 , 110<br \/>\n1.8 i.e., A\u00f1o 10.1990 &#8211; 06.1993, 1756 , 105<br \/>\n1.8 i.e., A\u00f1o 04.1993 &#8211; 04.1995, 1756 , 103<br \/>\n1.8 i.e., A\u00f1o 10.1994 &#8211; 10.1995, 1756 , 101<br \/>\n1.8 i.e.16V Sport, A\u00f1o 11.1989 &#8211; 06.1992, 1756 , 136<br \/>\n1.9 D, A\u00f1o 07.1991 &#8211; 08.1995, 1929 , 65<br \/>\n1.9 TD, A\u00f1o 03.1992 &#8211; 06.1993, 1929 , 80<br \/>\n1.9 TD, A\u00f1o 09.1990 &#8211; 04.1995, 1929 , 90<br \/>\n2.0, A\u00f1o 10.1990 &#8211; 10.1992, 1995 , 116<br \/>\nFIAT Punto I (176)<br \/>\n1.4 GT Turbo, A\u00f1o 09.1996 &#8211; 09.1999, 1372 , 131<br \/>\n1.4 GT Turbo, A\u00f1o 01.1994 &#8211; 09.1996, 1372 , 133<br \/>\n1.6, A\u00f1o 01.1994 &#8211; 04.1997, 1581 , 88<br \/>\n1.7 D, A\u00f1o 04.1994 &#8211; 09.1997, 1698 , 57<br \/>\n1.7 TD, A\u00f1o 09.1996 &#8211; 09.1999, 1698 , 63<br \/>\n1.7 TD, A\u00f1o 01.1994 &#8211; 09.1999, 1698 , 69<br \/>\n1.7 TD, A\u00f1o 01.1994 &#8211; 09.1999, 1698 , 71<br \/>\n1.2 60, A\u00f1o 01.1994 &#8211; 09.1999, 1242 , 58<br \/>\nFIAT Uno Hatchback (146)<br \/>\n1.3 Super di\u00e9sel, A\u00f1o 06.1983 &#8211; 03.1992, 1302 , 45<br \/>\n1.3 Turbo i.e., A\u00f1o 01.1987 &#8211; 12.1987, 1301 , 99<br \/>\n1.3 Turbo i.e., A\u00f1o 09.1989 &#8211; 03.1991, 1301 , 101<br \/>\n1.3 Turbo i.e., A\u00f1o 04.1985 &#8211; 08.1989, 1301 , 105<br \/>\n1.4 Turbo i.e., A\u00f1o 09.1989 &#8211; 09.1993, 1372 , 112<br \/>\n1.4 Turbo i.e., A\u00f1o 12.1989 &#8211; 12.1996, 1372 , 118<br \/>\n1.1 50, A\u00f1o 01.1986 &#8211; 12.1989, 1116 , 50<br \/>\n1.1 50, A\u00f1o 01.1990 &#8211; 12.1993, 1108 , 50<br \/>\n1.1 55, A\u00f1o 01.1983 &#8211; 08.1989, 1116 , 54<br \/>\n1.1 60, A\u00f1o 04.1989 &#8211; 12.1992, 1108 , 57<br \/>\n1.1 60, A\u00f1o 05.1985 &#8211; 08.1989, 1116 , 58<br \/>\n1.7 Di\u00e9sel 60, A\u00f1o 07.1986 &#8211; 08.1989, 1698 , 60<br \/>\n1.3 70, A\u00f1o 05.1985 &#8211; 08.1989, 1302 , 65<br \/>\n1.3 70, A\u00f1o 01.1983 &#8211; 04.1985, 1302 , 68<br \/>\n1.5 i.e. 75, A\u00f1o 10.1985 &#8211; 12.1993, 1499 , 75<br \/>\nFIAT Barchetta (183)<br \/>\n1.8 16V, A\u00f1o 04.1995 &#8211; 05.2005, 1747 , 130<br \/>\nFIAT Punto I Van (176)<br \/>\n1.7 D, A\u00f1o 04.1996 &#8211; 02.2000, 1698 , 57<br \/>\n1.7 TD, A\u00f1o 04.1996 &#8211; 02.2000, 1698 , 71<\/p>\n<p>LANCIA Dedra Berlina (835)<br \/>\n1.6 i.e., A\u00f1o 08.1989 &#8211; 06.1994, 1581 , 90<br \/>\n1.6 i.e., A\u00f1o 08.1989 &#8211; 03.1993, 1581 , 78<br \/>\n1.6 i.e., A\u00f1o 04.1993 &#8211; 07.1999, 1581 , 75<br \/>\n1.6 LE KAT, A\u00f1o 07.1994 &#8211; 07.1999, 1581 , 90<br \/>\n1.8 i.e., A\u00f1o 09.1989 &#8211; 06.1994, 1756 , 109<br \/>\n1.8 i.e., A\u00f1o 08.1993 &#8211; 07.1999, 1756 , 90<br \/>\n1.8 i.e., A\u00f1o 09.1989 &#8211; 07.1999, 1756 , 105<br \/>\n1.8 i.e., A\u00f1o 07.1994 &#8211; 07.1999, 1756 , 101<br \/>\n1.9 TDS, A\u00f1o 04.1989 &#8211; 07.1999, 1929 , 90<br \/>\n2.0 i.e., A\u00f1o 09.1989 &#8211; 07.1992, 1995 , 117<br \/>\n2.0 i.e., A\u00f1o 09.1989 &#8211; 07.1999, 1995 , 113<br \/>\nLANCIA Delta I (831)<br \/>\n1.6 GT, A\u00f1o 11.1982 &#8211; 04.1986, 1585 , 105<br \/>\n1.9 Turbo DS, A\u00f1o 10.1986 &#8211; 12.1989, 1929 , 80<br \/>\nLANCIA Delta II (836)<br \/>\n1.4 i.e., A\u00f1o 10.1994 &#8211; 08.1999, 1372 , 69<br \/>\n1.6 i.e., A\u00f1o 06.1993 &#8211; 08.1999, 1581 , 75<br \/>\n1.8 i.e., A\u00f1o 06.1993 &#8211; 08.1999, 1756 , 103<br \/>\n1.8 i.e., A\u00f1o 07.1994 &#8211; 08.1999, 1756 , 90<br \/>\n1.9 TD, A\u00f1o 10.1994 &#8211; 08.1999, 1929 , 90<br \/>\nLANCIA Thema (834)<br \/>\n2.0 i.e, A\u00f1o 09.1988 &#8211; 05.1992, 1995 , 117<br \/>\n2.0 i.e., A\u00f1o 11.1984 &#8211; 09.1988, 1995 , 120<br \/>\n2.0 i.e., A\u00f1o 09.1987 &#8211; 05.1992, 1995 , 115<br \/>\n2.0 i.e. 16V, A\u00f1o 05.1988 &#8211; 08.1992, 1995 , 147<br \/>\n2.0 i.e. 16V, A\u00f1o 02.1989 &#8211; 05.1992, 1995 , 141<br \/>\nLANCIA Dedra Familiar (835)<br \/>\n1.6, A\u00f1o 10.1994 &#8211; 07.1999, 1581 , 90<br \/>\n1.8 i.e., A\u00f1o 07.1994 &#8211; 07.1999, 1756 , 101<br \/>\n1.9 TDS, A\u00f1o 07.1994 &#8211; 07.1999, 1929 , 90<br \/>\nLANCIA Y10 (156) (A\u00f1o 03.1985 &#8211; 12.1995)<br \/>\n1.1 Avenue, A\u00f1o 01.1995 &#8211; 12.1995, 1108 , 54<br \/>\n1.1 Avenue Allrad, A\u00f1o 01.1995 &#8211; 12.1995, 1108 , 54<br \/>\n1.1 i.e, A\u00f1o 08.1989 &#8211; 06.1992, 1108 , 57<br \/>\n1.1 i.e Allrad, A\u00f1o 08.1989 &#8211; 06.1992, 1108 , 57<br \/>\n1.1 i.e. Fire, A\u00f1o 07.1989 &#8211; 09.1995, 1108 , 50<br \/>\n1.1 i.e. Fire Allrad, A\u00f1o 09.1992 &#8211; 12.1995, 1108 , 50<br \/>\n1.3 i.e. Fire, A\u00f1o 11.1987 &#8211; 05.1993, 1301 , 76<br \/>\n1.3 i.e. Fire, A\u00f1o 02.1989 &#8211; 12.1995, 1297 , 72<br \/>\nLANCIA Y (840)<br \/>\n1.1, A\u00f1o 11.1995 &#8211; 09.2003, 1108 , 54<br \/>\n1.2, A\u00f1o 03.1996 &#8211; 09.2003, 1242 , 60<br \/>\n1.2 16V, A\u00f1o 04.1997 &#8211; 09.2003, 1242 , 86<br \/>\n1.4 12V, A\u00f1o 10.1996 &#8211; 09.2003, 1370 , 80<br \/>\n1.4 12V, A\u00f1o 03.1996 &#8211; 09.2003, 1370 , 75<\/p>\n<p>AUTOBIANCHI Y10 Hatchback<br \/>\n1.1, A\u00f1o 06.1989 &#8211; 10.1995, 1108 , 57<br \/>\n1.1 i.e. Cat, A\u00f1o 09.1990 &#8211; 10.1995, 1108 , 57<br \/>\n1.3 i.e. GT, A\u00f1o 06.1989 &#8211; 10.1995, 1297 , 73<br \/>\n1.3 i.e. GT, A\u00f1o 06.1989 &#8211; 10.1995, 1301 , 78<\/p>\n<p>LA PIEZA ES NUEVA Y ORIGINAL.<\/p>\n","protected":false},"excerpt":{"rendered":"<p>Juego, set de pastillas de freno delanteras, ICER 180397 con avisador de desgaste ruidoso de: Longitud: 105 mm Ancho: 68 mm Espesor: 17 mm ALFA ROMEO 145 (930) 1.4 i.e. (930.A3), A\u00f1o 07.1994 &#8211; 12.1996, 1351 , 90 1.6 i.e. (930.A2), A\u00f1o 10.1994 &#8211; 12.1996, 1596 , 103 1.7 i.e. 16V (930.A1), A\u00f1o 10.1994 &#8211; [&hellip;]<\/p>\n","protected":false},"featured_media":54940,"template":"","meta":{"_seopress_robots_primary_cat":"","_seopress_titles_title":"","_seopress_titles_desc":"","_seopress_robots_index":""},"product_cat":[45,46,48,16,79,25,80,86,117,118,20,21,101,102,103,56,111,124,112,114,126,64],"product_tag":[],"class_list":{"0":"post-54939","1":"product","2":"type-product","3":"status-publish","4":"has-post-thumbnail","6":"product_cat-recambios-alfa-romeo-145","7":"product_cat-recambios-alfa-romeo-146","8":"product_cat-recambios-alfa-romeo-155","9":"product_cat-recambios-alfa-romeo","10":"product_cat-recambios-fiat-argenta","11":"product_cat-recambios-autobianchi","12":"product_cat-recambios-fiat-barchetta","13":"product_cat-recambios-fiat-croma","14":"product_cat-recambios-lancia-dedra","15":"product_cat-recambios-lancia-delta","16":"product_cat-recambios-fiat","17":"product_cat-recambios-lancia","18":"product_cat-recambios-fiat-punto","19":"product_cat-recambios-fiat-regata","20":"product_cat-recambios-fiat-ritmo","21":"product_cat-recambios-alfa-romeo-spider","22":"product_cat-recambios-fiat-tempra","23":"product_cat-recambios-lancia-thema","24":"product_cat-recambios-fiat-tipo","25":"product_cat-recambios-fiat-uno","26":"product_cat-recambios-lancia-y10","27":"product_cat-recambios-autobianchi-y10","29":"first","30":"outofstock","31":"taxable","32":"shipping-taxable","33":"purchasable","34":"product-type-simple"},"_links":{"self":[{"href":"https:\/\/galicianparts.com\/shop\/wp-json\/wp\/v2\/product\/54939"}],"collection":[{"href":"https:\/\/galicianparts.com\/shop\/wp-json\/wp\/v2\/product"}],"about":[{"href":"https:\/\/galicianparts.com\/shop\/wp-json\/wp\/v2\/types\/product"}],"wp:featuredmedia":[{"embeddable":true,"href":"https:\/\/galicianparts.com\/shop\/wp-json\/wp\/v2\/media\/54940"}],"wp:attachment":[{"href":"https:\/\/galicianparts.com\/shop\/wp-json\/wp\/v2\/media?parent=54939"}],"wp:term":[{"taxonomy":"product_cat","embeddable":true,"href":"https:\/\/galicianparts.com\/shop\/wp-json\/wp\/v2\/product_cat?post=54939"},{"taxonomy":"product_tag","embeddable":true,"href":"https:\/\/galicianparts.com\/shop\/wp-json\/wp\/v2\/product_tag?post=54939"}],"curies":[{"name":"wp","href":"https:\/\/api.w.org\/{rel}","templated":true}]}}