{"id":54945,"date":"2022-08-04T13:58:42","date_gmt":"2022-08-04T11:58:42","guid":{"rendered":"https:\/\/galicianparts.com\/shop\/producto\/71781735-compresor-aire-acondicionado-alfa-romeo-166-lancia-kappa-original-denso\/"},"modified":"2022-09-28T14:37:27","modified_gmt":"2022-09-28T12:37:27","slug":"71781735-compresor-aire-acondicionado-alfa-romeo-166-lancia-kappa-original-denso","status":"publish","type":"product","link":"https:\/\/galicianparts.com\/shop\/producto\/71781735-compresor-aire-acondicionado-alfa-romeo-166-lancia-kappa-original-denso\/","title":{"rendered":"71781735 Compresor aire acondicionado Alfa Romeo 166 \/Lancia Kappa ORIGINAL DENSO"},"content":{"rendered":"<p>7775422 Compresor DENSO 6CA17A del aire acondicionado de:<br \/>\nDi\u00e1metro polea: 135mm<br \/>\nNevaduras: 6<br \/>\nTensi\u00f3n: 12V<br \/>\nALFA ROMEO 166 (936) (A\u00f1o 09.1998 &#8211; 06.2007)<br \/>\n2.4 JTD, A\u00f1o 09.1998 &#8211; 10.2000, 2387 , 136<\/p>\n<p>LANCIA Kappa (838)<br \/>\n2.0 20V, A\u00f1o 07.1996 &#8211; 10.2001, 1998 , 155<br \/>\n2.0 20V Turbo, A\u00f1o 06.1998 &#8211; 10.2001, 1998 , 220<br \/>\n2.4 20V, A\u00f1o 08.1994 &#8211; 10.2001, 2446 , 175<br \/>\n2.4 JTD, A\u00f1o 06.1998 &#8211; 10.2001, 2387 , 136<br \/>\n2.4 T.DS, A\u00f1o 08.1994 &#8211; 10.2001, 2387 , 124<br \/>\nLANCIA Kappa Coup\u00e9 (838)<br \/>\n2.0 20V Turbo, A\u00f1o 06.1998 &#8211; 03.2001, 1998 , 220<br \/>\n2.4 20V, A\u00f1o 11.1996 &#8211; 03.2001, 2446 , 175<\/p>\n<p>LA PIEZA ES RECUPERADA Y ORIGINAL.<\/p>\n","protected":false},"excerpt":{"rendered":"<p>7775422 Compresor DENSO 6CA17A del aire acondicionado de: Di\u00e1metro polea: 135mm Nevaduras: 6 Tensi\u00f3n: 12V ALFA ROMEO 166 (936) (A\u00f1o 09.1998 &#8211; 06.2007) 2.4 JTD, A\u00f1o 09.1998 &#8211; 10.2000, 2387 , 136 LANCIA Kappa (838) 2.0 20V, A\u00f1o 07.1996 &#8211; 10.2001, 1998 , 155 2.0 20V Turbo, A\u00f1o 06.1998 &#8211; 10.2001, 1998 , 220 2.4 [&hellip;]<\/p>\n","protected":false},"featured_media":59226,"template":"","meta":{"_seopress_robots_primary_cat":"","_seopress_titles_title":"","_seopress_titles_desc":"","_seopress_robots_index":""},"product_cat":[57,16,119,21],"product_tag":[],"class_list":{"0":"post-54945","1":"product","2":"type-product","3":"status-publish","4":"has-post-thumbnail","6":"product_cat-recambios-alfa-romeo-166","7":"product_cat-recambios-alfa-romeo","8":"product_cat-recambios-lancia-kappa","9":"product_cat-recambios-lancia","11":"first","12":"outofstock","13":"taxable","14":"shipping-taxable","15":"purchasable","16":"product-type-simple"},"_links":{"self":[{"href":"https:\/\/galicianparts.com\/shop\/wp-json\/wp\/v2\/product\/54945"}],"collection":[{"href":"https:\/\/galicianparts.com\/shop\/wp-json\/wp\/v2\/product"}],"about":[{"href":"https:\/\/galicianparts.com\/shop\/wp-json\/wp\/v2\/types\/product"}],"wp:featuredmedia":[{"embeddable":true,"href":"https:\/\/galicianparts.com\/shop\/wp-json\/wp\/v2\/media\/59226"}],"wp:attachment":[{"href":"https:\/\/galicianparts.com\/shop\/wp-json\/wp\/v2\/media?parent=54945"}],"wp:term":[{"taxonomy":"product_cat","embeddable":true,"href":"https:\/\/galicianparts.com\/shop\/wp-json\/wp\/v2\/product_cat?post=54945"},{"taxonomy":"product_tag","embeddable":true,"href":"https:\/\/galicianparts.com\/shop\/wp-json\/wp\/v2\/product_tag?post=54945"}],"curies":[{"name":"wp","href":"https:\/\/api.w.org\/{rel}","templated":true}]}}