{"id":55087,"date":"2022-08-08T19:55:45","date_gmt":"2022-08-08T17:55:45","guid":{"rendered":"https:\/\/galicianparts.com\/shop\/producto\/5893935-potenciometro-calefaccion-fiat-punto-1993-1999-nuevo-original-valeo\/"},"modified":"2022-08-08T19:57:59","modified_gmt":"2022-08-08T17:57:59","slug":"5893935-potenciometro-calefaccion-fiat-punto-1993-1999-nuevo-original-valeo","status":"publish","type":"product","link":"https:\/\/galicianparts.com\/shop\/producto\/5893935-potenciometro-calefaccion-fiat-punto-1993-1999-nuevo-original-valeo\/","title":{"rendered":"5893935 Potenci\u00f3metro calefacci\u00f3n Fiat Punto (1993-1999) NUEVO ORIGINAL VALEO"},"content":{"rendered":"<p>Mando, interruptor, control de la calefacci\u00f3n de:<br \/>\nFIAT &#8211; NV PUNTO 55-60-75-90 (1993-1997) VALEO<br \/>\nFIAT &#8211; 1A PUNTO BZ. GAMMA &#8217;97 (1997-1999) VALEO<br \/>\nFIAT &#8211; NX PUNTO D-TD (1993-1997) VALEO<br \/>\nFIAT &#8211; NW PUNTO GT (1993-1997) VALEO<br \/>\nFIAT &#8211; 1B PUNTO TB.DS. GAMMA&#8217;97 (1997-1999) VALEO<\/p>\n<p>LA PIEZA ES NUEVA Y ORIGINAL VALEO.<\/p>\n","protected":false},"excerpt":{"rendered":"<p>Mando, interruptor, control de la calefacci\u00f3n de: FIAT &#8211; NV PUNTO 55-60-75-90 (1993-1997) VALEO FIAT &#8211; 1A PUNTO BZ. GAMMA &#8217;97 (1997-1999) VALEO FIAT &#8211; NX PUNTO D-TD (1993-1997) VALEO FIAT &#8211; NW PUNTO GT (1993-1997) VALEO FIAT &#8211; 1B PUNTO TB.DS. GAMMA&#8217;97 (1997-1999) VALEO LA PIEZA ES NUEVA Y ORIGINAL VALEO.<\/p>\n","protected":false},"featured_media":55092,"template":"","meta":{"_seopress_robots_primary_cat":"","_seopress_titles_title":"","_seopress_titles_desc":"","_seopress_robots_index":""},"product_cat":[20,101],"product_tag":[],"class_list":{"0":"post-55087","1":"product","2":"type-product","3":"status-publish","4":"has-post-thumbnail","6":"product_cat-recambios-fiat","7":"product_cat-recambios-fiat-punto","9":"first","10":"instock","11":"taxable","12":"shipping-taxable","13":"purchasable","14":"product-type-simple"},"_links":{"self":[{"href":"https:\/\/galicianparts.com\/shop\/wp-json\/wp\/v2\/product\/55087"}],"collection":[{"href":"https:\/\/galicianparts.com\/shop\/wp-json\/wp\/v2\/product"}],"about":[{"href":"https:\/\/galicianparts.com\/shop\/wp-json\/wp\/v2\/types\/product"}],"wp:featuredmedia":[{"embeddable":true,"href":"https:\/\/galicianparts.com\/shop\/wp-json\/wp\/v2\/media\/55092"}],"wp:attachment":[{"href":"https:\/\/galicianparts.com\/shop\/wp-json\/wp\/v2\/media?parent=55087"}],"wp:term":[{"taxonomy":"product_cat","embeddable":true,"href":"https:\/\/galicianparts.com\/shop\/wp-json\/wp\/v2\/product_cat?post=55087"},{"taxonomy":"product_tag","embeddable":true,"href":"https:\/\/galicianparts.com\/shop\/wp-json\/wp\/v2\/product_tag?post=55087"}],"curies":[{"name":"wp","href":"https:\/\/api.w.org\/{rel}","templated":true}]}}