{"id":55117,"date":"2022-08-09T08:50:06","date_gmt":"2022-08-09T06:50:06","guid":{"rendered":"https:\/\/galicianparts.com\/shop\/producto\/7302791-correa-auxiliar-lancia-thema-fiat-croma-citroen-gs-axel-original\/"},"modified":"2022-08-09T12:47:48","modified_gmt":"2022-08-09T10:47:48","slug":"7302791-correa-auxiliar-lancia-thema-fiat-croma-citroen-gs-axel-original","status":"publish","type":"product","link":"https:\/\/galicianparts.com\/shop\/producto\/7302791-correa-auxiliar-lancia-thema-fiat-croma-citroen-gs-axel-original\/","title":{"rendered":"7302791 Correa auxiliar Lancia Thema \/Fiat Croma \/Citro\u00ebn GS \/Axel ORIGINAL"},"content":{"rendered":"<p>98435955 Correa de instrumentos de:<br \/>\nLongitud: 635 mm<br \/>\nAncho: 10 mm<\/p>\n<p>CITRO\u00cbN GS Break<br \/>\n1.1, A\u00f1o 09.1977 &#8211; 06.1980, 1129 , 54<br \/>\nA 1.3, A\u00f1o 09.1979 &#8211; 07.1986, 1299 , 65<br \/>\nA Spezial, A\u00f1o 07.1980 &#8211; 05.1982, 1129 , 57<br \/>\nCITRO\u00cbN Axel<br \/>\n1.1, A\u00f1o 01.1984 &#8211; 03.1991, 1129 , 57<\/p>\n<p>FIAT Croma I Hatchback (154)<br \/>\n2.5 TD, A\u00f1o 05.1989 &#8211; 08.1996, 2500 , 115<br \/>\n2.5 TDE, A\u00f1o 12.1991 &#8211; 08.1996, 2500 , 105<\/p>\n<p>LANCIA Thema Berlina (834)<br \/>\n2.5 Turbo DS, A\u00f1o 06.1988 &#8211; 05.1992, 2499 , 115<br \/>\n2.5 Turbo DS, A\u00f1o 05.1988 &#8211; 07.1992, 2500 , 105<\/p>\n<p>LA PIEZA ES NUEVA Y ORIGINAL.<\/p>\n","protected":false},"excerpt":{"rendered":"<p>98435955 Correa de instrumentos de: Longitud: 635 mm Ancho: 10 mm CITRO\u00cbN GS Break 1.1, A\u00f1o 09.1977 &#8211; 06.1980, 1129 , 54 A 1.3, A\u00f1o 09.1979 &#8211; 07.1986, 1299 , 65 A Spezial, A\u00f1o 07.1980 &#8211; 05.1982, 1129 , 57 CITRO\u00cbN Axel 1.1, A\u00f1o 01.1984 &#8211; 03.1991, 1129 , 57 FIAT Croma I Hatchback (154) [&hellip;]<\/p>\n","protected":false},"featured_media":55121,"template":"","meta":{"_seopress_robots_primary_cat":"","_seopress_titles_title":"","_seopress_titles_desc":"","_seopress_robots_index":""},"product_cat":[365,23,86,20,245,21,124],"product_tag":[],"class_list":{"0":"post-55117","1":"product","2":"type-product","3":"status-publish","4":"has-post-thumbnail","6":"product_cat-recambios-citroen-axel","7":"product_cat-recambios-citroen","8":"product_cat-recambios-fiat-croma","9":"product_cat-recambios-fiat","10":"product_cat-recambios-citroen-gs","11":"product_cat-recambios-lancia","12":"product_cat-recambios-lancia-thema","14":"first","15":"instock","16":"taxable","17":"shipping-taxable","18":"purchasable","19":"product-type-simple"},"_links":{"self":[{"href":"https:\/\/galicianparts.com\/shop\/wp-json\/wp\/v2\/product\/55117"}],"collection":[{"href":"https:\/\/galicianparts.com\/shop\/wp-json\/wp\/v2\/product"}],"about":[{"href":"https:\/\/galicianparts.com\/shop\/wp-json\/wp\/v2\/types\/product"}],"wp:featuredmedia":[{"embeddable":true,"href":"https:\/\/galicianparts.com\/shop\/wp-json\/wp\/v2\/media\/55121"}],"wp:attachment":[{"href":"https:\/\/galicianparts.com\/shop\/wp-json\/wp\/v2\/media?parent=55117"}],"wp:term":[{"taxonomy":"product_cat","embeddable":true,"href":"https:\/\/galicianparts.com\/shop\/wp-json\/wp\/v2\/product_cat?post=55117"},{"taxonomy":"product_tag","embeddable":true,"href":"https:\/\/galicianparts.com\/shop\/wp-json\/wp\/v2\/product_tag?post=55117"}],"curies":[{"name":"wp","href":"https:\/\/api.w.org\/{rel}","templated":true}]}}