{"id":55245,"date":"2022-08-09T19:52:18","date_gmt":"2022-08-09T17:52:18","guid":{"rendered":"https:\/\/galicianparts.com\/shop\/producto\/898327-muelle-valvula-fiat-600-127-abarth-autobianchi-a112-nuevo-original\/"},"modified":"2024-10-01T19:30:06","modified_gmt":"2024-10-01T17:30:06","slug":"898327-muelle-valvula-fiat-600-127-abarth-autobianchi-a112-nuevo-original","status":"publish","type":"product","link":"https:\/\/galicianparts.com\/shop\/producto\/898327-muelle-valvula-fiat-600-127-abarth-autobianchi-a112-nuevo-original\/","title":{"rendered":"898327 Muelle v\u00e1lvula Fiat 600 \/127 Abarth \/Autobianchi A112 NUEVO ORIGINAL"},"content":{"rendered":"<p>Resorte de las v\u00e1lvulas del motor de:<br \/>\nLargo: 53,5mm<br \/>\nDi\u00e1metro exterior: 22mm<br \/>\nDi\u00e1metro interior: 20mm<\/p>\n<p>FIAT 600<br \/>\nFIAT 127 ABARTH<br \/>\nAUTOBIANCHI A112 ABARTH<\/p>\n<p>LA PIEZA ES NUEVA Y ORIGINAL.<\/p>\n","protected":false},"excerpt":{"rendered":"<p>Resorte de las v\u00e1lvulas del motor de: Largo: 53,5mm Di\u00e1metro exterior: 22mm Di\u00e1metro interior: 20mm FIAT 600 FIAT 127 ABARTH AUTOBIANCHI A112 ABARTH LA PIEZA ES NUEVA Y ORIGINAL.<\/p>\n","protected":false},"featured_media":55246,"template":"","meta":{"_seopress_robots_primary_cat":"","_seopress_titles_title":"","_seopress_titles_desc":"","_seopress_robots_index":""},"product_cat":[68,75,63,25,20],"product_tag":[],"class_list":{"0":"post-55245","1":"product","2":"type-product","3":"status-publish","4":"has-post-thumbnail","6":"product_cat-recambios-fiat-127","7":"product_cat-recambios-fiat-600","8":"product_cat-recambios-autobianchi-a112","9":"product_cat-recambios-autobianchi","10":"product_cat-recambios-fiat","12":"first","13":"instock","14":"taxable","15":"shipping-taxable","16":"purchasable","17":"product-type-simple"},"_links":{"self":[{"href":"https:\/\/galicianparts.com\/shop\/wp-json\/wp\/v2\/product\/55245"}],"collection":[{"href":"https:\/\/galicianparts.com\/shop\/wp-json\/wp\/v2\/product"}],"about":[{"href":"https:\/\/galicianparts.com\/shop\/wp-json\/wp\/v2\/types\/product"}],"wp:featuredmedia":[{"embeddable":true,"href":"https:\/\/galicianparts.com\/shop\/wp-json\/wp\/v2\/media\/55246"}],"wp:attachment":[{"href":"https:\/\/galicianparts.com\/shop\/wp-json\/wp\/v2\/media?parent=55245"}],"wp:term":[{"taxonomy":"product_cat","embeddable":true,"href":"https:\/\/galicianparts.com\/shop\/wp-json\/wp\/v2\/product_cat?post=55245"},{"taxonomy":"product_tag","embeddable":true,"href":"https:\/\/galicianparts.com\/shop\/wp-json\/wp\/v2\/product_tag?post=55245"}],"curies":[{"name":"wp","href":"https:\/\/api.w.org\/{rel}","templated":true}]}}