{"id":55251,"date":"2022-08-10T09:07:51","date_gmt":"2022-08-10T07:07:51","guid":{"rendered":"https:\/\/galicianparts.com\/shop\/producto\/qr3557s-rotula-direccion-der-fiat-grande-punto-fiorino-citroen-nemo-peugeot-alfa-nueva-qh\/"},"modified":"2022-08-10T09:10:32","modified_gmt":"2022-08-10T07:10:32","slug":"qr3557s-rotula-direccion-der-fiat-grande-punto-fiorino-citroen-nemo-peugeot-alfa-nueva-qh","status":"publish","type":"product","link":"https:\/\/galicianparts.com\/shop\/producto\/qr3557s-rotula-direccion-der-fiat-grande-punto-fiorino-citroen-nemo-peugeot-alfa-nueva-qh\/","title":{"rendered":"QR3557S R\u00f3tula direcci\u00f3n der. Fiat Grande Punto \/Fiorino \/Citro\u00ebn Nemo \/Peugeot \/Alfa NUEVA QH"},"content":{"rendered":"<p>77363830 R\u00f3tula derecha QH QR3557S de los tirantes de la cremallera de direcci\u00f3n de:<br \/>\nM\u00e9trica interior: 14X1.5<br \/>\nM\u00e9trica c\u00f3nico: 10X1.5<br \/>\nLargo: 113 mm<\/p>\n<p>ALFA ROMEO MiTo (955)<br \/>\n0.9, A\u00f1o 12.2013 &#8211; &#8230;, 875 , 101<br \/>\n0.9 TwinAir, A\u00f1o 07.2011 &#8211; &#8230;, 875 , 86<br \/>\n0.9 TwinAir, A\u00f1o 04.2013 &#8211; &#8230;, 875 , 105<br \/>\n1.3 MultiJet, A\u00f1o 12.2013 &#8211; &#8230;, 1248 , 80<br \/>\n1.3 MultiJet, A\u00f1o 01.2011 &#8211; &#8230;, 1248 , 84<br \/>\n1.3 MultiJet, A\u00f1o 09.2008 &#8211; 08.2010, 1248 , 90<br \/>\n1.3 MultiJet, A\u00f1o 10.2009 &#8211; 12.2018, 1248 , 95<br \/>\n1.4, A\u00f1o 05.2011 &#8211; &#8230;, 1368 , 69<br \/>\n1.4, A\u00f1o 03.2011 &#8211; &#8230;, 1368 , 78<br \/>\n1.4 16V, A\u00f1o 09.2008 &#8211; 08.2013, 1368 , 78<br \/>\n1.4 16V, A\u00f1o 09.2008 &#8211; 08.2013, 1368 , 95<br \/>\n1.4 Bifuel, A\u00f1o 07.2011 &#8211; &#8230;, 1368 , 120<br \/>\n1.4 Bifuel, A\u00f1o 04.2016 &#8211; &#8230;, 1368 , 120<br \/>\n1.4 MultiAir, A\u00f1o 08.2010 &#8211; 08.2013, 1368 , 105<br \/>\n1.4 TB, A\u00f1o 12.2013 &#8211; &#8230;, 1368 , 140<br \/>\n1.4 TJet, A\u00f1o 09.2008 &#8211; &#8230;, 1368 , 120<br \/>\n1.4 TJet, A\u00f1o 09.2008 &#8211; 06.2011, 1368 , 150<br \/>\n1.4 TJet, A\u00f1o 09.2008 &#8211; 06.2011, 1368 , 155<br \/>\n1.4 Turbo MultiAir, A\u00f1o 10.2009 &#8211; &#8230;, 1368 , 135<br \/>\n1.4 Turbo MultiAir, A\u00f1o 10.2009 &#8211; &#8230;, 1368 , 163<br \/>\n1.4 Turbo MultiAir, A\u00f1o 10.2009 &#8211; &#8230;, 1368 , 170<br \/>\n1.6 JTDM, A\u00f1o 09.2008 &#8211; &#8230;, 1598 , 115<br \/>\n1.6 JTDM, A\u00f1o 09.2008 &#8211; &#8230;, 1598 , 120<\/p>\n<p>CITRO\u00cbN Nemo<br \/>\n1.3 BlueHDi 80, A\u00f1o 02.2016 &#8211; &#8230;, 1248 , 80<br \/>\n1.3 HDi 75, A\u00f1o 10.2010 &#8211; &#8230;, 1248 , 75<br \/>\n1.4, A\u00f1o 02.2008 &#8211; &#8230;, 1360 , 73<br \/>\n1.4 HDi, A\u00f1o 02.2008 &#8211; &#8230;, 1398 , 68<\/p>\n<p>FIAT Grande Punto Hatchback (199)<br \/>\n1.2, A\u00f1o 10.2005 &#8211; &#8230;, 1242 , 65<br \/>\n1.2, A\u00f1o 09.2010 &#8211; &#8230;, 1242 , 69<br \/>\n1.3 D Multijet, A\u00f1o 07.2008 &#8211; &#8230;, 1248 , 69<br \/>\n1.3 D Multijet, A\u00f1o 10.2005 &#8211; &#8230;, 1248 , 75<br \/>\n1.3 D Multijet, A\u00f1o 04.2010 &#8211; &#8230;, 1248 , 84<br \/>\n1.3 D Multijet, A\u00f1o 10.2005 &#8211; 12.2010, 1248 , 90<br \/>\n1.4, A\u00f1o 06.2006 &#8211; 07.2007, 1368 , 75<br \/>\n1.4, A\u00f1o 10.2005 &#8211; 12.2015, 1368 , 77<br \/>\n1.4 16V, A\u00f1o 10.2005 &#8211; 08.2011, 1368 , 95<br \/>\n1.4 LPG, A\u00f1o 12.2008 &#8211; &#8230;, 1368 , 78<br \/>\n1.4 Natural Power, A\u00f1o 07.2008 &#8211; &#8230;, 1368 , 78<br \/>\n1.4 T-Jet, A\u00f1o 09.2007 &#8211; &#8230;, 1368 , 120<br \/>\n1.6 D Multijet, A\u00f1o 07.2008 &#8211; &#8230;, 1598 , 120<br \/>\n1.9 D Multijet, A\u00f1o 06.2006 &#8211; 12.2009, 1910 , 116<br \/>\n1.9 D Multijet, A\u00f1o 10.2005 &#8211; &#8230;, 1910 , 120<br \/>\n1.9 D Multijet, A\u00f1o 10.2005 &#8211; &#8230;, 1910 , 130<br \/>\nFIAT Linea (323, 110)<br \/>\n1.3 D Multijet, A\u00f1o 06.2007 &#8211; &#8230;, 1248 , 90<br \/>\n1.4, A\u00f1o 06.2007 &#8211; &#8230;, 1368 , 77<br \/>\n1.4 T-Jet, A\u00f1o 09.2007 &#8211; &#8230;, 1368 , 120<br \/>\n1.6 D Multijet, A\u00f1o 06.2009 &#8211; &#8230;, 1598 , 105<br \/>\nFIAT Fiorino III Furg\u00f3n \/ Familiar (225)<br \/>\n1.3 D Multijet, A\u00f1o 11.2007 &#8211; &#8230;, 1248 , 75<br \/>\n1.3 D Multijet, A\u00f1o 07.2009 &#8211; &#8230;, 1248 , 95<br \/>\n1.4, A\u00f1o 11.2007 &#8211; &#8230;, 1360 , 73<br \/>\n1.4 Natural Power, A\u00f1o 06.2008 &#8211; &#8230;, 1368 , 78<br \/>\nFIAT Qubo (225)<br \/>\n1.3 D Multijet, A\u00f1o 02.2008 &#8211; &#8230;, 1248 , 75<br \/>\n1.3 D Multijet, A\u00f1o 07.2010 &#8211; &#8230;, 1248 , 95<br \/>\n1.4, A\u00f1o 02.2008 &#8211; &#8230;, 1360 , 73<br \/>\n1.4 Natural Power, A\u00f1o 10.2009 &#8211; &#8230;, 1368 , 78<br \/>\nFIAT Punto Evo Hatchback (199)<br \/>\n1.2, A\u00f1o 10.2009 &#8211; 02.2012, 1242 , 65<br \/>\n1.2, A\u00f1o 10.2009 &#8211; 02.2012, 1242 , 69<br \/>\n1.3 D Multijet, A\u00f1o 07.2008 &#8211; 02.2012, 1248 , 69<br \/>\n1.3 D Multijet, A\u00f1o 10.2009 &#8211; 02.2012, 1248 , 75<br \/>\n1.3 D Multijet, A\u00f1o 10.2009 &#8211; 02.2012, 1248 , 84<br \/>\n1.3 D Multijet, A\u00f1o 10.2009 &#8211; 02.2012, 1248 , 90<br \/>\n1.3 D Multijet, A\u00f1o 10.2009 &#8211; 02.2012, 1248 , 95<br \/>\n1.4, A\u00f1o 07.2009 &#8211; 02.2012, 1368 , 75<br \/>\n1.4, A\u00f1o 10.2009 &#8211; 02.2012, 1368 , 77<br \/>\n1.4 16V, A\u00f1o 10.2009 &#8211; 02.2012, 1368 , 105<br \/>\n1.4 16V, A\u00f1o 10.2009 &#8211; 02.2012, 1368 , 135<br \/>\n1.4 LPG, A\u00f1o 06.2009 &#8211; 02.2012, 1368 , 78<br \/>\n1.4 Natural Power, A\u00f1o 10.2009 &#8211; 02.2012, 1368 , 78<br \/>\n1.6 D Multijet, A\u00f1o 10.2009 &#8211; 02.2012, 1598 , 120<br \/>\nFIAT Punto III Furg\u00f3n (199)<br \/>\n1.3 D Multijet, A\u00f1o 04.2008 &#8211; &#8230;, 1248 , 75<br \/>\n1.3 D Multijet, A\u00f1o 03.2009 &#8211; &#8230;, 1248 , 95<br \/>\n1.4 (199.BXB1A), A\u00f1o 02.2006 &#8211; &#8230;, 1368 , 78<br \/>\n1.4 LPG (199AXB1A), A\u00f1o 03.2009 &#8211; &#8230;, 1368 , 78<br \/>\n1.4 Natural Power, A\u00f1o 03.2009 &#8211; &#8230;, 1368 , 78<br \/>\nFIAT Punto III Hatchback (199)<br \/>\n0.9 Bifuel, A\u00f1o 03.2012 &#8211; &#8230;, 875 , 86<\/p>\n<p>PEUGEOT Bipper Furg\u00f3n<br \/>\n1.3 BlueHDi 80, A\u00f1o 12.2015 &#8211; &#8230;, 1248 , 80<br \/>\n1.3 HDi 75, A\u00f1o 10.2010 &#8211; &#8230;, 1248 , 75<br \/>\n1.4, A\u00f1o 02.2008 &#8211; &#8230;, 1360 , 73<br \/>\n1.4 HDi, A\u00f1o 02.2008 &#8211; &#8230;, 1398 , 68<\/p>\n<p>LA PIEZA ES NUEVA QUINTON HAZELL.<\/p>\n","protected":false},"excerpt":{"rendered":"<p>77363830 R\u00f3tula derecha QH QR3557S de los tirantes de la cremallera de direcci\u00f3n de: M\u00e9trica interior: 14X1.5 M\u00e9trica c\u00f3nico: 10X1.5 Largo: 113 mm ALFA ROMEO MiTo (955) 0.9, A\u00f1o 12.2013 &#8211; &#8230;, 875 , 101 0.9 TwinAir, A\u00f1o 07.2011 &#8211; &#8230;, 875 , 86 0.9 TwinAir, A\u00f1o 04.2013 &#8211; &#8230;, 875 , 105 1.3 MultiJet, [&hellip;]<\/p>\n","protected":false},"featured_media":55257,"template":"","meta":{"_seopress_robots_primary_cat":"","_seopress_titles_title":"","_seopress_titles_desc":"","_seopress_robots_index":""},"product_cat":[16,154,23,20,91,92,94,47,139,24,101,346],"product_tag":[],"class_list":{"0":"post-55251","1":"product","2":"type-product","3":"status-publish","4":"has-post-thumbnail","6":"product_cat-recambios-alfa-romeo","7":"product_cat-recambios-peugeot-bipper","8":"product_cat-recambios-citroen","9":"product_cat-recambios-fiat","10":"product_cat-recambios-fiat-fiorino","11":"product_cat-recambios-fiat-grande-punto","12":"product_cat-recambios-fiat-linea","13":"product_cat-recambios-alfa-romeo-mito","14":"product_cat-recambios-citroen-nemo","15":"product_cat-recambios-peugeot","16":"product_cat-recambios-fiat-punto","17":"product_cat-recambios-fiat-qubo","19":"first","20":"instock","21":"taxable","22":"shipping-taxable","23":"purchasable","24":"product-type-simple"},"_links":{"self":[{"href":"https:\/\/galicianparts.com\/shop\/wp-json\/wp\/v2\/product\/55251"}],"collection":[{"href":"https:\/\/galicianparts.com\/shop\/wp-json\/wp\/v2\/product"}],"about":[{"href":"https:\/\/galicianparts.com\/shop\/wp-json\/wp\/v2\/types\/product"}],"wp:featuredmedia":[{"embeddable":true,"href":"https:\/\/galicianparts.com\/shop\/wp-json\/wp\/v2\/media\/55257"}],"wp:attachment":[{"href":"https:\/\/galicianparts.com\/shop\/wp-json\/wp\/v2\/media?parent=55251"}],"wp:term":[{"taxonomy":"product_cat","embeddable":true,"href":"https:\/\/galicianparts.com\/shop\/wp-json\/wp\/v2\/product_cat?post=55251"},{"taxonomy":"product_tag","embeddable":true,"href":"https:\/\/galicianparts.com\/shop\/wp-json\/wp\/v2\/product_tag?post=55251"}],"curies":[{"name":"wp","href":"https:\/\/api.w.org\/{rel}","templated":true}]}}