{"id":55259,"date":"2022-08-10T09:23:22","date_gmt":"2022-08-10T07:23:22","guid":{"rendered":"https:\/\/galicianparts.com\/shop\/producto\/qr3550s-rotula-axial-direccion-fiat-grande-punto-punto-evo-alfa-mito-nueva-qh\/"},"modified":"2022-08-10T09:43:12","modified_gmt":"2022-08-10T07:43:12","slug":"qr3550s-rotula-axial-direccion-fiat-grande-punto-punto-evo-alfa-mito-nueva-qh","status":"publish","type":"product","link":"https:\/\/galicianparts.com\/shop\/producto\/qr3550s-rotula-axial-direccion-fiat-grande-punto-punto-evo-alfa-mito-nueva-qh\/","title":{"rendered":"QR3550S R\u00f3tula axial direcci\u00f3n Fiat Grande Punto \/Punto Evo \/Alfa Mito NUEVA QH"},"content":{"rendered":"<p>Tirante de la cremallera de direcci\u00f3n de:<br \/>\nLargo total: 305 mm<br \/>\nM\u00e9trica roscas: 14&#215;1,5<\/p>\n<p>ALFA ROMEO MiTo (955)<br \/>\n0.9 TwinAir, A\u00f1o 07.2011 &#8211; &#8230;, 875 , 86<br \/>\n1.3 MultiJet, A\u00f1o 01.2011 &#8211; &#8230;, 1248 , 84<br \/>\n1.3 MultiJet, A\u00f1o 09.2008 &#8211; 08.2010, 1248 , 90<br \/>\n1.3 MultiJet, A\u00f1o 10.2009 &#8211; 12.2018, 1248 , 95<br \/>\n1.4, A\u00f1o 05.2011 &#8211; &#8230;, 1368 , 69<br \/>\n1.4 16V, A\u00f1o 09.2008 &#8211; 08.2013, 1368 , 78<br \/>\n1.4 16V, A\u00f1o 09.2008 &#8211; 08.2013, 1368 , 95<br \/>\n1.4 Bifuel, A\u00f1o 07.2011 &#8211; &#8230;, 1368 , 120<br \/>\n1.4 MultiAir, A\u00f1o 08.2010 &#8211; 08.2013, 1368 , 105<br \/>\n1.4 TJet, A\u00f1o 09.2008 &#8211; &#8230;, 1368 , 120<br \/>\n1.4 TJet, A\u00f1o 09.2008 &#8211; 06.2011, 1368 , 150<br \/>\n1.4 TJet, A\u00f1o 09.2008 &#8211; 06.2011, 1368 , 155<br \/>\n1.4 Turbo MultiAir, A\u00f1o 10.2009 &#8211; &#8230;, 1368 , 135<br \/>\n1.4 Turbo MultiAir, A\u00f1o 10.2009 &#8211; &#8230;, 1368 , 163<br \/>\n1.4 Turbo MultiAir, A\u00f1o 10.2009 &#8211; &#8230;, 1368 , 170<br \/>\n1.6 JTDM, A\u00f1o 09.2008 &#8211; &#8230;, 1598 , 115<br \/>\n1.6 JTDM, A\u00f1o 09.2008 &#8211; &#8230;, 1598 , 120<\/p>\n<p>FIAT Grande Punto Hatchback (199)<br \/>\n1.2, A\u00f1o 10.2005 &#8211; &#8230;, 1242 , 65<br \/>\n1.2, A\u00f1o 09.2010 &#8211; &#8230;, 1242 , 69<br \/>\n1.3 D Multijet, A\u00f1o 07.2008 &#8211; &#8230;, 1248 , 69<br \/>\n1.3 D Multijet, A\u00f1o 10.2005 &#8211; &#8230;, 1248 , 75<br \/>\n1.3 D Multijet, A\u00f1o 04.2010 &#8211; &#8230;, 1248 , 84<br \/>\n1.3 D Multijet, A\u00f1o 10.2005 &#8211; 12.2010, 1248 , 90<br \/>\n1.4, A\u00f1o 06.2006 &#8211; 07.2007, 1368 , 75<br \/>\n1.4, A\u00f1o 10.2005 &#8211; 12.2015, 1368 , 77<br \/>\n1.4 16V, A\u00f1o 10.2005 &#8211; 08.2011, 1368 , 95<br \/>\n1.4 LPG, A\u00f1o 12.2008 &#8211; &#8230;, 1368 , 78<br \/>\n1.4 Natural Power, A\u00f1o 07.2008 &#8211; &#8230;, 1368 , 78<br \/>\n1.4 T-Jet, A\u00f1o 09.2007 &#8211; &#8230;, 1368 , 120<br \/>\n1.6 D Multijet, A\u00f1o 07.2008 &#8211; &#8230;, 1598 , 120<br \/>\n1.9 D Multijet, A\u00f1o 06.2006 &#8211; 12.2009, 1910 , 116<br \/>\n1.9 D Multijet, A\u00f1o 10.2005 &#8211; &#8230;, 1910 , 120<br \/>\n1.9 D Multijet, A\u00f1o 10.2005 &#8211; &#8230;, 1910 , 130<br \/>\nFIAT Punto Evo Hatchback (199)<br \/>\n1.2, A\u00f1o 10.2009 &#8211; 02.2012, 1242 , 65<br \/>\n1.2, A\u00f1o 10.2009 &#8211; 02.2012, 1242 , 69<br \/>\n1.3 D Multijet, A\u00f1o 07.2008 &#8211; 02.2012, 1248 , 69<br \/>\n1.3 D Multijet, A\u00f1o 10.2009 &#8211; 02.2012, 1248 , 75<br \/>\n1.3 D Multijet, A\u00f1o 10.2009 &#8211; 02.2012, 1248 , 84<br \/>\n1.3 D Multijet, A\u00f1o 10.2009 &#8211; 02.2012, 1248 , 90<br \/>\n1.3 D Multijet, A\u00f1o 10.2009 &#8211; 02.2012, 1248 , 95<br \/>\n1.4, A\u00f1o 07.2009 &#8211; 02.2012, 1368 , 75<br \/>\n1.4, A\u00f1o 10.2009 &#8211; 02.2012, 1368 , 77<br \/>\n1.4 16V, A\u00f1o 10.2009 &#8211; 02.2012, 1368 , 105<br \/>\n1.4 16V, A\u00f1o 10.2009 &#8211; 02.2012, 1368 , 135<br \/>\n1.4 LPG, A\u00f1o 06.2009 &#8211; 02.2012, 1368 , 78<br \/>\n1.4 Natural Power, A\u00f1o 10.2009 &#8211; 02.2012, 1368 , 78<br \/>\n1.6 D Multijet, A\u00f1o 10.2009 &#8211; 02.2012, 1598 , 120<br \/>\nFIAT Punto III Furg\u00f3n (199)<br \/>\n1.3 D Multijet, A\u00f1o 04.2008 &#8211; &#8230;, 1248 , 75<br \/>\n1.3 D Multijet, A\u00f1o 03.2009 &#8211; &#8230;, 1248 , 95<br \/>\n1.4 (199.BXB1A), A\u00f1o 02.2006 &#8211; &#8230;, 1368 , 78<br \/>\n1.4 LPG (199AXB1A), A\u00f1o 03.2009 &#8211; &#8230;, 1368 , 78<br \/>\n1.4 Natural Power, A\u00f1o 03.2009 &#8211; &#8230;, 1368 , 78<br \/>\nFIAT Punto III Hatchback (199)<br \/>\n0.9 Bifuel, A\u00f1o 03.2012 &#8211; &#8230;, 875 , 86<\/p>\n<p>ABARTH Grande Punto (199_)<br \/>\n1.4 (199.AXN1B), A\u00f1o 12.2007 &#8211; 06.2010, 1368 , 155<br \/>\n1.4 (199.AXX1B), A\u00f1o 12.2007 &#8211; 12.2012, 1368 , 180<br \/>\nABARTH Punto (199)<br \/>\n1.4 (199.AXX1B), A\u00f1o 03.2012 &#8211; &#8230;, 1368 , 163<\/p>\n<p>LA PIEZA ES NUEVA QUINTON HAZELL.<\/p>\n","protected":false},"excerpt":{"rendered":"<p>Tirante de la cremallera de direcci\u00f3n de: Largo total: 305 mm M\u00e9trica roscas: 14&#215;1,5 ALFA ROMEO MiTo (955) 0.9 TwinAir, A\u00f1o 07.2011 &#8211; &#8230;, 875 , 86 1.3 MultiJet, A\u00f1o 01.2011 &#8211; &#8230;, 1248 , 84 1.3 MultiJet, A\u00f1o 09.2008 &#8211; 08.2010, 1248 , 90 1.3 MultiJet, A\u00f1o 10.2009 &#8211; 12.2018, 1248 , 95 1.4, [&hellip;]<\/p>\n","protected":false},"featured_media":55263,"template":"","meta":{"_seopress_robots_primary_cat":"","_seopress_titles_title":"","_seopress_titles_desc":"","_seopress_robots_index":""},"product_cat":[16,20,92,47,101],"product_tag":[],"class_list":{"0":"post-55259","1":"product","2":"type-product","3":"status-publish","4":"has-post-thumbnail","6":"product_cat-recambios-alfa-romeo","7":"product_cat-recambios-fiat","8":"product_cat-recambios-fiat-grande-punto","9":"product_cat-recambios-alfa-romeo-mito","10":"product_cat-recambios-fiat-punto","12":"first","13":"instock","14":"taxable","15":"shipping-taxable","16":"purchasable","17":"product-type-simple"},"_links":{"self":[{"href":"https:\/\/galicianparts.com\/shop\/wp-json\/wp\/v2\/product\/55259"}],"collection":[{"href":"https:\/\/galicianparts.com\/shop\/wp-json\/wp\/v2\/product"}],"about":[{"href":"https:\/\/galicianparts.com\/shop\/wp-json\/wp\/v2\/types\/product"}],"wp:featuredmedia":[{"embeddable":true,"href":"https:\/\/galicianparts.com\/shop\/wp-json\/wp\/v2\/media\/55263"}],"wp:attachment":[{"href":"https:\/\/galicianparts.com\/shop\/wp-json\/wp\/v2\/media?parent=55259"}],"wp:term":[{"taxonomy":"product_cat","embeddable":true,"href":"https:\/\/galicianparts.com\/shop\/wp-json\/wp\/v2\/product_cat?post=55259"},{"taxonomy":"product_tag","embeddable":true,"href":"https:\/\/galicianparts.com\/shop\/wp-json\/wp\/v2\/product_tag?post=55259"}],"curies":[{"name":"wp","href":"https:\/\/api.w.org\/{rel}","templated":true}]}}