{"id":55278,"date":"2022-08-10T10:10:22","date_gmt":"2022-08-10T08:10:22","guid":{"rendered":"https:\/\/galicianparts.com\/shop\/producto\/794858-kit-pastillas-freno-delantero-lancia-delta-ii-dedra-fiat-punto-alfa-145-original\/"},"modified":"2025-05-06T11:38:09","modified_gmt":"2025-05-06T09:38:09","slug":"794858-kit-pastillas-freno-delantero-lancia-delta-ii-dedra-fiat-punto-alfa-145-original","status":"publish","type":"product","link":"https:\/\/galicianparts.com\/shop\/producto\/794858-kit-pastillas-freno-delantero-lancia-delta-ii-dedra-fiat-punto-alfa-145-original\/","title":{"rendered":"794858 Kit pastillas freno delantero Lancia Delta \/Dedra \/Fiat Punto GT\/Alfa ORIGINAL"},"content":{"rendered":"<p>Juego, set de pastillas de freno delanteras FERODO con sensor de desgaste ruidoso de:<br \/>\nLongitud: 104 mm.<br \/>\nAncho: 67 mm.<br \/>\nEspesor: 17 mm.<\/p>\n<p>FIAT Regata Berlina (138)<br \/>\n1.6 Super 100, A\u00f1o 10.1983 &#8211; 07.1989, 1585 ccm, 95 cv<br \/>\n1.6 Super 100, A\u00f1o 10.1983 &#8211; 12.1990, 1585 ccm, 101 cv<br \/>\n1.7 Di\u00e9sel 60, A\u00f1o 09.1983 &#8211; 12.1986, 1714 ccm, 58 cv<br \/>\n1.7 Di\u00e9sel 60, A\u00f1o 05.1985 &#8211; 03.1989, 1698 ccm, 60 cv<br \/>\n1.9 Di\u00e9sel 65, A\u00f1o 04.1984 &#8211; 07.1989, 1929 ccm, 65 cv<br \/>\n1.9 Turbodi\u00e9sel 80, A\u00f1o 05.1986 &#8211; 07.1989, 1929 ccm, 80 cv<br \/>\n1.5 85, A\u00f1o 05.1985 &#8211; 12.1987, 1498 ccm, 79 cv<br \/>\n1.5 85, A\u00f1o 02.1984 &#8211; 08.1986, 1498 ccm, 86 cv<br \/>\n1.6 85, A\u00f1o 10.1983 &#8211; 06.1990, 1585 ccm, 82 cv<br \/>\n1.5 Super 85, A\u00f1o 09.1983 &#8211; 04.1985, 1498 ccm, 82 cv<br \/>\n1.6 i.e. 90, A\u00f1o 01.1987 &#8211; 07.1989, 1595 ccm, 90 cv<br \/>\nFIAT Regata Weekend<br \/>\n1.6, A\u00f1o 10.1984 &#8211; 06.1989, 1585 ccm, 82 cv<br \/>\n100 1.6 (RF), A\u00f1o 09.1984 &#8211; 12.1990, 1585 ccm, 101 cv<br \/>\n1.7 Di\u00e9sel 60, A\u00f1o 01.1984 &#8211; 12.1989, 1698 ccm, 60 cv<br \/>\n1.9 Di\u00e9sel 65, A\u00f1o 04.1984 &#8211; 07.1989, 1929 ccm, 65 cv<br \/>\n1.3 70, A\u00f1o 01.1984 &#8211; 07.1989, 1301 ccm, 68 cv<br \/>\n75 1.5(138 B3.048, 138 C2.048, 138 C3.048, 149 C1.000), A\u00f1o 09.1984 &#8211; 07.1989, 1498 ccm, 75 cv<br \/>\n80 Turbo Diesel 1.9 (831 D1.000), A\u00f1o 05.1986 &#8211; 07.1989, 1929 ccm, 80 cv<br \/>\n85 1.5, A\u00f1o 01.1984 &#8211; 04.1989, 1498 ccm, 82 cv<br \/>\n1.5 85, A\u00f1o 06.1983 &#8211; 08.1986, 1498 ccm, 86 cv<br \/>\n1.6 i.e. 90, A\u00f1o 01.1987 &#8211; 07.1989, 1595 ccm, 90 cv<br \/>\nFIAT Ritmo I Cabrio<br \/>\n1.3, A\u00f1o 10.1979 &#8211; 09.1983, 1301 ccm, 65 cv<br \/>\n1.6 100, A\u00f1o 10.1985 &#8211; 12.1987, 1585 ccm, 100 cv<br \/>\n1.6 100, A\u00f1o 10.1985 &#8211; 12.1987, 1585 ccm, 105 cv<br \/>\n50 1.3, A\u00f1o 10.1985 &#8211; 12.1987, 1302 ccm, 68 cv<br \/>\n1.5 80, A\u00f1o 03.1983 &#8211; 12.1986, 1498 ccm, 82 cv<br \/>\n1.5 80, A\u00f1o 01.1980 &#8211; 07.1989, 1498 ccm, 86 cv<br \/>\nFIAT Ritmo I Hatchback (138)<br \/>\n1.5, A\u00f1o 01.1983 &#8211; 12.1987, 1498 ccm, 82 cv<br \/>\n1.6, A\u00f1o 01.1983 &#8211; 12.1987, 1585 ccm, 100 cv<br \/>\n1.6, A\u00f1o 05.1981 &#8211; 12.1987, 1585 ccm, 105 cv<br \/>\n1.9 TD, A\u00f1o 12.1985 &#8211; 12.1987, 1929 ccm, 80 cv<br \/>\nABARTH Ritmo (138A_)<br \/>\n125 TC 2.0 (138.A_), A\u00f1o 11.1981 &#8211; 12.1987, 1995 ccm, 125 cv<br \/>\n130 TC 2.0 (138.A_), A\u00f1o 04.1983 &#8211; 12.1987, 1995 ccm, 130 cv<br \/>\nFIAT Argenta (132)<br \/>\n1.6, A\u00f1o 04.1981 &#8211; 12.1985, 1585 ccm, 98 cv<br \/>\n1.6 i.e, A\u00f1o 04.1981 &#8211; 12.1985, 1585 ccm, 90 cv<br \/>\n2, A\u00f1o 06.1978 &#8211; 12.1985, 1995 ccm, 113 cv<br \/>\n2.0 i.e., A\u00f1o 06.1981 &#8211; 07.1986, 1995 ccm, 122 cv<br \/>\n2.0 Volumex, A\u00f1o 06.1984 &#8211; 07.1985, 1995 ccm, 135 cv<br \/>\n2.5 Di\u00e9sel, A\u00f1o 06.1981 &#8211; 11.1985, 2445 ccm, 72 cv<br \/>\n2.5 Turbodiesel, A\u00f1o 07.1983 &#8211; 08.1985, 2445 ccm, 90 cv<br \/>\nFIAT Tempra (159)<br \/>\n1.4 i.e. (159.AA), A\u00f1o 03.1991 &#8211; 08.1996, 1372 ccm, 78 cv<br \/>\n1.4 i.e., A\u00f1o 04.1990 &#8211; 08.1996, 1372 ccm, 69 cv<br \/>\n1.6 (159.AD), A\u00f1o 03.1990 &#8211; 04.1994, 1581 ccm, 86 cv<br \/>\n1.6 (159AS, 159AT), A\u00f1o 04.1990 &#8211; 07.1996, 1581 ccm, 69 cv<br \/>\n1.6 i.e., A\u00f1o 06.1990 &#8211; 07.1992, 1581 ccm, 78 cv<br \/>\n1.6 i.e., A\u00f1o 06.1994 &#8211; 08.1996, 1581 ccm, 87 cv<br \/>\n1.6 i.e., A\u00f1o 06.1994 &#8211; 08.1996, 1581 ccm, 90 cv<br \/>\n1.6 i.e., A\u00f1o 06.1992 &#8211; 08.1996, 1581 ccm, 75 cv<br \/>\n1.8 i.e., A\u00f1o 03.1992 &#8211; 08.1996, 1756 ccm, 105 cv<br \/>\n1.8 i.e., A\u00f1o 03.1990 &#8211; 08.1996, 1756 ccm, 110 cv<br \/>\n1.8 i.e., A\u00f1o 09.1993 &#8211; 08.1996, 1756 ccm, 103 cv<br \/>\n1.8 i.e., A\u00f1o 09.1993 &#8211; 08.1996, 1756 ccm, 90 cv<br \/>\n1.8 i.e., A\u00f1o 10.1994 &#8211; 08.1996, 1756 ccm, 101 cv<br \/>\n1.9 D, A\u00f1o 07.1991 &#8211; 08.1996, 1929 ccm, 65 cv<br \/>\n1.9 TD, A\u00f1o 07.1992 &#8211; 08.1996, 1929 ccm, 80 cv<br \/>\n1.9 TD, A\u00f1o 05.1990 &#8211; 08.1996, 1929 ccm, 90 cv<br \/>\n2.0, A\u00f1o 04.1990 &#8211; 06.1993, 1995 ccm, 109 cv<br \/>\n2.0, A\u00f1o 05.1994 &#8211; 12.1998, 1995 ccm, 110 cv<br \/>\n2.0 i.e. (159.AP), A\u00f1o 10.1990 &#8211; 09.1996, 1995 ccm, 113 cv<br \/>\nFIAT Panda I Hatchback (141)<br \/>\n0.9 Fire S A las 4 ruedas, A\u00f1o 10.1980 &#8211; 04.1986, 903 ccm, 45 cv<br \/>\n1.0, A\u00f1o 01.1986 &#8211; 04.1992, 999 ccm, 44 cv<br \/>\n1.0, A\u00f1o 01.1985 &#8211; 12.1992, 999 ccm, 50 cv<br \/>\n1.0 4&#215;4, A\u00f1o 01.1986 &#8211; 07.1989, 999 ccm, 44 cv<br \/>\n1.0 4&#215;4, A\u00f1o 05.1986 &#8211; 12.1994, 999 ccm, 45 cv<br \/>\n1000 4&#215;4, A\u00f1o 01.1986 &#8211; 12.1992, 999 ccm, 50 cv<br \/>\n1000 i.e. Cat, A\u00f1o 10.1987 &#8211; 08.1998, 999 ccm, 45 cv<br \/>\n1.1, A\u00f1o 05.1991 &#8211; 12.1999, 1108 ccm, 50 cv<br \/>\n1.1, A\u00f1o 02.1995 &#8211; 09.2003, 1108 ccm, 54 cv<br \/>\n1.1 4&#215;4, A\u00f1o 02.1995 &#8211; 07.2004, 1108 ccm, 54 cv<br \/>\n1.1 Trekking 4&#215;4, A\u00f1o 10.1991 &#8211; 07.2004, 1108 ccm, 50 cv<br \/>\n1.3 D, A\u00f1o 04.1986 &#8211; 12.1992, 1302 ccm, 37 cv<br \/>\n0.65 , A\u00f1o 01.1982 &#8211; 07.2004, 652 ccm, 30 cv<br \/>\n750, A\u00f1o 01.1986 &#8211; 10.2003, 770 ccm, 34 cv<br \/>\n800, A\u00f1o 02.1981 &#8211; 12.1985, 843 ccm, 34 cv<br \/>\n0.9, A\u00f1o 04.1992 &#8211; 12.1996, 899 ccm, 40 cv<br \/>\n0.9, A\u00f1o 10.1980 &#8211; 06.1994, 903 ccm, 45 cv<br \/>\n1.0, A\u00f1o 09.1982 &#8211; 08.1983, 965 ccm, 48 cv<br \/>\n1.0 4&#215;4, A\u00f1o 09.1983 &#8211; 12.1986, 965 ccm, 48 cv<br \/>\nFIAT Tipo Hatchback (160)<br \/>\n1.1, A\u00f1o 01.1988 &#8211; 10.1991, 1108 ccm, 56 cv<br \/>\n1.4, A\u00f1o 07.1987 &#8211; 12.1989, 1372 ccm, 71 cv<br \/>\n1.4 i.e., A\u00f1o 05.1989 &#8211; 04.1995, 1372 ccm, 78 cv<br \/>\n1.4 i.e., A\u00f1o 05.1989 &#8211; 04.1995, 1372 ccm, 70 cv<br \/>\n1.6, A\u00f1o 03.1993 &#8211; 10.1995, 1581 ccm, 76 cv<br \/>\n1.6, A\u00f1o 03.1988 &#8211; 10.1992, 1581 ccm, 79 cv<br \/>\n1.6, A\u00f1o 01.1988 &#8211; 10.1991, 1581 ccm, 83 cv<br \/>\n1.6 i.e., A\u00f1o 02.1988 &#8211; 05.1991, 1595 ccm, 90 cv<br \/>\n1.6 i.e., A\u00f1o 10.1992 &#8211; 04.1995, 1581 ccm, 75 cv<br \/>\n1.6 i.e., A\u00f1o 07.1990 &#8211; 01.1993, 1581 ccm, 78 cv<br \/>\n1.6 SX DGT, A\u00f1o 05.1989 &#8211; 10.1995, 1581 ccm, 90 cv<br \/>\n1.7 D, A\u00f1o 01.1988 &#8211; 10.1994, 1697 ccm, 58 cv<br \/>\n1.7 D, A\u00f1o 01.1988 &#8211; 10.1995, 1697 ccm, 61 cv<br \/>\n1.8 i.e, A\u00f1o 03.1993 &#8211; 04.1995, 1756 ccm, 97 cv<br \/>\n1.8 i.e., A\u00f1o 09.1993 &#8211; 04.1995, 1756 ccm, 90 cv<br \/>\n1.8 i.e., A\u00f1o 10.1990 &#8211; 06.1993, 1756 ccm, 110 cv<br \/>\n1.8 i.e., A\u00f1o 10.1990 &#8211; 06.1993, 1756 ccm, 105 cv<br \/>\n1.8 i.e., A\u00f1o 04.1993 &#8211; 04.1995, 1756 ccm, 103 cv<br \/>\n1.8 i.e., A\u00f1o 10.1994 &#8211; 10.1995, 1756 ccm, 101 cv<br \/>\n1.8 i.e.16V Sport, A\u00f1o 11.1989 &#8211; 06.1992, 1756 ccm, 136 cv<br \/>\n1.9 D, A\u00f1o 07.1991 &#8211; 08.1995, 1929 ccm, 65 cv<br \/>\n1.9 TD, A\u00f1o 03.1992 &#8211; 06.1993, 1929 ccm, 80 cv<br \/>\n1.9 TD, A\u00f1o 09.1990 &#8211; 04.1995, 1929 ccm, 90 cv<br \/>\n1.9 TD (160AR), A\u00f1o 04.1990 &#8211; 10.1992, 1929 ccm, 94 cv<br \/>\n2.0, A\u00f1o 10.1990 &#8211; 10.1992, 1995 ccm, 116 cv<br \/>\n2.0 i.e. (160.AJ, 1607571), A\u00f1o 06.1990 &#8211; 03.1992, 1995 ccm, 109 cv<br \/>\n2.0 i.e., A\u00f1o 03.1990 &#8211; 04.1995, 1995 ccm, 113 cv<br \/>\nFIAT Punto I Hatchback (176)<br \/>\n1.2 16V, A\u00f1o 04.1997 &#8211; 09.1999, 1242 ccm, 86 cv<br \/>\n1.4 GT Turbo (176AD_), A\u00f1o 10.1993 &#8211; 03.1997, 1372 ccm, 133 cv<br \/>\n1.4 GT Turbo (176AS_), A\u00f1o 09.1996 &#8211; 07.1999, 1372 ccm, 131 cv<br \/>\n1.6, A\u00f1o 01.1994 &#8211; 04.1997, 1581 ccm, 88 cv<br \/>\n1.7 D, A\u00f1o 04.1994 &#8211; 09.1997, 1698 ccm, 57 cv<br \/>\n1.7 TD, A\u00f1o 01.1994 &#8211; 09.1999, 1698 ccm, 69 cv<br \/>\n1.7 TD, A\u00f1o 01.1994 &#8211; 09.1999, 1698 ccm, 71 cv<br \/>\n1.7 TD (176AT), A\u00f1o 09.1996 &#8211; 09.1999, 1698 ccm, 63 cv<br \/>\n1.1 55, A\u00f1o 09.1993 &#8211; 09.1999, 1108 ccm, 54 cv<br \/>\n1.2 60, A\u00f1o 01.1994 &#8211; 09.1999, 1242 ccm, 58 cv<br \/>\n60 1.2 (176AP, 176AR, 176AQ, 176BB), A\u00f1o 09.1993 &#8211; 09.1999, 1242 ccm, 60 cv<br \/>\n1.2 75, A\u00f1o 10.1993 &#8211; 09.1999, 1242 ccm, 73 cv<br \/>\nFIAT Punto I Cabrio (176)<br \/>\n1.2 60, A\u00f1o 04.1994 &#8211; 06.2000, 1242 ccm, 58 cv<br \/>\n60 1.2 (176AR_, 176BR_), A\u00f1o 05.1995 &#8211; 06.2000, 1242 ccm, 60 cv<br \/>\n1.2 16V 85, A\u00f1o 04.1997 &#8211; 06.2000, 1242 ccm, 86 cv<br \/>\n1.6 90, A\u00f1o 04.1994 &#8211; 04.1997, 1581 ccm, 88 cv<br \/>\nFIAT Uno Hatchback (146)<br \/>\n1.1, A\u00f1o 04.1986 &#8211; 06.2006, 1108 ccm, 56 cv<br \/>\n1.1, A\u00f1o 10.1988 &#8211; 06.2006, 1108 ccm, 58 cv<br \/>\n1.3 Super di\u00e9sel, A\u00f1o 06.1983 &#8211; 03.1992, 1302 ccm, 45 cv<br \/>\n1.3 Turbo i.e., A\u00f1o 01.1987 &#8211; 12.1987, 1301 ccm, 99 cv<br \/>\n1.3 Turbo i.e., A\u00f1o 09.1989 &#8211; 03.1991, 1301 ccm, 101 cv<br \/>\n1.3 Turbo i.e., A\u00f1o 04.1985 &#8211; 08.1989, 1301 ccm, 105 cv<br \/>\n1.4, A\u00f1o 01.1989 &#8211; 12.1991, 1372 ccm, 101 cv<br \/>\n1.4 Turbo, A\u00f1o 10.1988 &#8211; 08.2000, 1372 ccm, 105 cv<br \/>\n1.4 Turbo i.e., A\u00f1o 09.1989 &#8211; 09.1993, 1372 ccm, 112 cv<br \/>\n1.4 Turbo i.e., A\u00f1o 12.1989 &#8211; 12.1996, 1372 ccm, 118 cv<br \/>\n1.6, A\u00f1o 12.1989 &#8211; 04.1993, 1581 ccm, 88 cv<br \/>\n1.6 R, A\u00f1o 05.1993 &#8211; 12.1995, 1581 ccm, 90 cv<br \/>\n1.7 D, A\u00f1o 11.1994 &#8211; 08.2000, 1697 ccm, 58 cv<br \/>\n1.9 D, A\u00f1o 09.1989 &#8211; 03.1994, 1929 ccm, 60 cv<br \/>\n1.1 60, A\u00f1o 05.1985 &#8211; 08.1989, 1116 ccm, 58 cv<br \/>\n1.7 Di\u00e9sel 60, A\u00f1o 07.1986 &#8211; 08.1989, 1698 ccm, 60 cv<br \/>\n60 Diesel 1.7 (146E), A\u00f1o 09.1989 &#8211; 12.1993, 1698 ccm, 57 cv<br \/>\n1.4 TD 70, A\u00f1o 10.1986 &#8211; 10.1990, 1367 ccm, 71 cv<br \/>\nFIAT Barchetta (183)<br \/>\n1.8 16V, A\u00f1o 04.1995 &#8211; 05.2005, 1747 ccm, 130 cv<br \/>\nFIAT Palio I Hatchback (178)<br \/>\n1.7 D, A\u00f1o 04.1996 &#8211; 09.2002, 1698 ccm, 57 cv<br \/>\nFIAT Seicento \/ 600 Hatchback (187)<br \/>\nEl\u00e9ctrico, A\u00f1o 01.1999 &#8211; 01.2005, ccm, 41 cv<br \/>\nEl\u00e9ctrico, A\u00f1o 06.1998 &#8211; 02.2000, 0 ccm, 29 cv<br \/>\nElettrica (187BEA1A), A\u00f1o 03.2000 &#8211; 04.2004, ccm, 30 cv<br \/>\nPININFARINA Spedereuropa (DS)<br \/>\n2000 (132 C3.031), A\u00f1o 11.1984 &#8211; 11.1985, 1995 ccm, 103 cv<br \/>\n2000 (132 C3.031), A\u00f1o 03.1982 &#8211; 09.1985, 1995 ccm, 105 cv<br \/>\n2000 Volumex, A\u00f1o 06.1983 &#8211; 11.1985, 1995 ccm, 135 cv<\/p>\n<p>ALFA ROMEO 145 (930)<br \/>\n1.4 i.e. (930.A3), A\u00f1o 07.1994 &#8211; 12.1996, 1351 ccm, 90 cv<br \/>\n1.4 i.e. 16V T.S. (930.A3A), A\u00f1o 12.1996 &#8211; 01.2001, 1370 ccm, 103 cv<br \/>\n1.6 i.e. (930.A2), A\u00f1o 10.1994 &#8211; 12.1996, 1596 ccm, 103 cv<br \/>\n1.6 i.e. 16V T.S. (930.A2), A\u00f1o 12.1996 &#8211; 01.2001, 1598 ccm, 120 cv<br \/>\n1.7 i.e. 16V (930.A1), A\u00f1o 10.1994 &#8211; 12.1996, 1712 ccm, 129 cv<br \/>\n1.9 TD (930.A4), A\u00f1o 10.1994 &#8211; 02.1999, 1929 ccm, 90 cv<br \/>\nALFA ROMEO 155 (167)<br \/>\n1.6 16V T.S. (167.A6A), A\u00f1o 05.1996 &#8211; 12.1997, 1598 ccm, 120 cv<br \/>\n1.7 T.S., A\u00f1o 04.1993 &#8211; 04.1996, 1748 ccm, 115 cv<br \/>\n1.7 T.S. (167.A4G), A\u00f1o 04.1993 &#8211; 04.1996, 1748 ccm, 113 cv<br \/>\n1.7 T.S. 16V (167.A4N), A\u00f1o 05.1996 &#8211; 12.1997, 1747 ccm, 140 cv<br \/>\n1.8 T.S. (167.A4C, 167.A), A\u00f1o 02.1992 &#8211; 12.1997, 1756 ccm, 105 cv<br \/>\n1.8 T.S. (167A4), A\u00f1o 02.1992 &#8211; 05.1994, 1773 ccm, 129 cv<br \/>\n1.8 T.S. Sport (167.A4A, 167.A4C, 167.A4E), A\u00f1o 03.1992 &#8211; 12.1996, 1773 ccm, 127 cv<br \/>\n1.9 TD (167.A3B, 167.A3), A\u00f1o 04.1993 &#8211; 12.1997, 1929 ccm, 90 cv<br \/>\n2.0 T.S. (167.A2A, 167.A2D), A\u00f1o 02.1992 &#8211; 05.1995, 1995 ccm, 141 cv<br \/>\n2.0 T.S. (167.A2D), A\u00f1o 02.1992 &#8211; 01.1995, 1995 ccm, 144 cv<br \/>\n2.0 T.S. 16V, A\u00f1o 03.1995 &#8211; 12.1997, 1970 ccm, 150 cv<br \/>\nALFA ROMEO 146 (930)<br \/>\n1.4 i.e. (930.B3), A\u00f1o 12.1994 &#8211; 12.1996, 1351 ccm, 90 cv<br \/>\n1.4 i.e. 16V T.S. (930.B3A), A\u00f1o 11.1996 &#8211; 01.2001, 1370 ccm, 103 cv<br \/>\n1.6 i.e. (930.B2), A\u00f1o 12.1994 &#8211; 12.1996, 1596 ccm, 103 cv<br \/>\n1.6 i.e. 16V T.S. (930.B2B, 930.B2C), A\u00f1o 11.1996 &#8211; 10.2001, 1598 ccm, 120 cv<br \/>\n1.7 i.e. 16V (930.B1), A\u00f1o 12.1994 &#8211; 12.1996, 1712 ccm, 129 cv<br \/>\n1.9 TD (930.B4A), A\u00f1o 12.1994 &#8211; 02.1999, 1929 ccm, 90 cv<br \/>\nALFA ROMEO Spider (916, 916S)<br \/>\n2.0 T.SPARK 16V, A\u00f1o 06.1995 &#8211; 04.2005, 1970 ccm, 150 cv<\/p>\n<p>LANCIA Dedra Berlina (835)<br \/>\n1.6 16V, A\u00f1o 01.1996 &#8211; 07.1999, 1581 ccm, 103 cv<br \/>\n1.6 i.e., A\u00f1o 08.1989 &#8211; 06.1994, 1581 ccm, 90 cv<br \/>\n1.6 i.e., A\u00f1o 08.1989 &#8211; 03.1993, 1581 ccm, 78 cv<br \/>\n1.6 i.e., A\u00f1o 04.1993 &#8211; 07.1999, 1581 ccm, 75 cv<br \/>\n1.6 LE Cat (835EB), A\u00f1o 07.1994 &#8211; 07.1999, 1581 ccm, 90 cv<br \/>\n1.8 16V LE, A\u00f1o 03.1996 &#8211; 07.1999, 1747 ccm, 113 cv<br \/>\n1.8 GT 16V, A\u00f1o 03.1996 &#8211; 07.1999, 1747 ccm, 131 cv<br \/>\n1.8 i.e., A\u00f1o 09.1989 &#8211; 06.1994, 1756 ccm, 109 cv<br \/>\n1.8 i.e., A\u00f1o 08.1993 &#8211; 07.1999, 1756 ccm, 90 cv<br \/>\n1.8 i.e., A\u00f1o 09.1989 &#8211; 07.1999, 1756 ccm, 105 cv<br \/>\n1.8 i.e., A\u00f1o 07.1994 &#8211; 07.1999, 1756 ccm, 101 cv<br \/>\n1.9 TDS, A\u00f1o 04.1989 &#8211; 07.1999, 1929 ccm, 90 cv<br \/>\n2.0 16V, A\u00f1o 07.1994 &#8211; 07.1999, 1995 ccm, 139 cv<br \/>\n2.0 i.e., A\u00f1o 09.1989 &#8211; 07.1992, 1995 ccm, 117 cv<br \/>\n2.0 i.e., A\u00f1o 09.1989 &#8211; 07.1999, 1995 ccm, 113 cv<br \/>\nLANCIA Delta I (831)<br \/>\n1.6 GT (831AB.06), A\u00f1o 11.1982 &#8211; 04.1986, 1585 ccm, 105 cv<br \/>\n1.6 GT i.e., A\u00f1o 05.1987 &#8211; 08.1992, 1585 ccm, 90 cv<br \/>\n1.6 GT i.e., A\u00f1o 08.1986 &#8211; 08.1988, 1585 ccm, 109 cv<br \/>\n1.6 HF Turbo (831AB.0), A\u00f1o 10.1983 &#8211; 12.1986, 1585 ccm, 131 cv<br \/>\n1.6 HF Turbo, A\u00f1o 08.1986 &#8211; 08.1988, 1585 ccm, 140 cv<br \/>\n1.6 HF Turbo, A\u00f1o 04.1987 &#8211; 03.1989, 1585 ccm, 132 cv<br \/>\n1.9 Turbo DS, A\u00f1o 10.1986 &#8211; 12.1989, 1929 ccm, 80 cv<br \/>\n2.0 HF Integrale, A\u00f1o 11.1986 &#8211; 08.1988, 1995 ccm, 166 cv<br \/>\nLANCIA Delta II (836)<br \/>\n1.4 i.e., A\u00f1o 10.1994 &#8211; 08.1999, 1372 ccm, 69 cv<br \/>\n1.6 i.e., A\u00f1o 06.1993 &#8211; 08.1999, 1581 ccm, 75 cv<br \/>\n1.6 i.e., A\u00f1o 03.1996 &#8211; 08.1999, 1581 ccm, 90 cv<br \/>\n1.6 i.e. 16V, A\u00f1o 01.1996 &#8211; 08.1999, 1581 ccm, 103 cv<br \/>\n1.8 i.e., A\u00f1o 06.1993 &#8211; 08.1999, 1756 ccm, 103 cv<br \/>\n1.8 i.e., A\u00f1o 07.1994 &#8211; 08.1999, 1756 ccm, 90 cv<br \/>\n1.8 i.e. 16V, A\u00f1o 03.1996 &#8211; 08.1999, 1747 ccm, 113 cv<br \/>\n1.9 TD, A\u00f1o 10.1994 &#8211; 08.1999, 1929 ccm, 90 cv<br \/>\nLANCIA Thema Berlina (834)<br \/>\n2.0 i.e., A\u00f1o 11.1984 &#8211; 09.1988, 1995 ccm, 120 cv<br \/>\n2.0 i.e. Turbo, A\u00f1o 11.1984 &#8211; 12.1989, 1995 ccm, 166 cv<br \/>\n2.0 i.e.Turbo, A\u00f1o 07.1986 &#8211; 05.1990, 1995 ccm, 150 cv<br \/>\n2.4 2500 Turbo D, A\u00f1o 11.1984 &#8211; 09.1988, 2445 ccm, 101 cv<br \/>\n2.8 2850 V6 i.e., A\u00f1o 11.1984 &#8211; 09.1988, 2849 ccm, 150 cv<br \/>\nLANCIA Prisma (831)<br \/>\n1.6 (831AB), A\u00f1o 08.1986 &#8211; 02.1992, 1585 ccm, 99 cv<br \/>\n1.6 (831AB), A\u00f1o 01.1983 &#8211; 04.1986, 1585 ccm, 105 cv<br \/>\n1.6 i.e. (831AB), A\u00f1o 05.1986 &#8211; 12.1989, 1585 ccm, 109 cv<br \/>\n1.6 i.e. Super (831AB), A\u00f1o 05.1987 &#8211; 12.1989, 1585 ccm, 90 cv<br \/>\n1.9 Diesel (831AB), A\u00f1o 01.1983 &#8211; 02.1992, 1911 ccm, 65 cv<br \/>\n1.9 Turbo Diesel (831AB), A\u00f1o 05.1985 &#8211; 12.1989, 1928 ccm, 80 cv<br \/>\n2.0 i.e. 4&#215;4 (831AB), A\u00f1o 04.1986 &#8211; 12.1989, 1995 ccm, 115 cv<br \/>\nLANCIA Dedra Familiar (835)<br \/>\n1.6, A\u00f1o 10.1994 &#8211; 07.1999, 1581 ccm, 90 cv<br \/>\n1.6 16V, A\u00f1o 01.1996 &#8211; 07.1999, 1581 ccm, 103 cv<br \/>\n1.8 16V LE, A\u00f1o 03.1996 &#8211; 07.1999, 1747 ccm, 113 cv<br \/>\n1.8 GT 16V, A\u00f1o 03.1996 &#8211; 07.1999, 1747 ccm, 131 cv<br \/>\n1.8 i.e., A\u00f1o 07.1994 &#8211; 07.1999, 1756 ccm, 101 cv<br \/>\n1.9 TDS, A\u00f1o 07.1994 &#8211; 07.1999, 1929 ccm, 90 cv<br \/>\n2.0 16V, A\u00f1o 07.1994 &#8211; 07.1999, 1995 ccm, 139 cv<br \/>\nLANCIA Y10 (156)<br \/>\n1.0 Fire 4&#215;4 (156.AD), A\u00f1o 12.1986 &#8211; 02.1989, 999 ccm, 44 cv<br \/>\n1.0 Fire 4WD (156AA), A\u00f1o 12.1987 &#8211; 02.1990, 999 ccm, 50 cv<br \/>\n1.0 Fire Allrad, A\u00f1o 12.1987 &#8211; 02.1992, 999 ccm, 45 cv<br \/>\n1.0 Turbo, A\u00f1o 03.1985 &#8211; 02.1989, 1049 ccm, 84 cv<br \/>\n1.1 Fire (156AG), A\u00f1o 01.1995 &#8211; 12.1995, 1108 ccm, 54 cv<br \/>\n1.1 Fire A las 4 ruedas (156AG), A\u00f1o 01.1995 &#8211; 12.1995, 1108 ccm, 54 cv<br \/>\n1.1 i.e Fire (156AC), A\u00f1o 08.1989 &#8211; 06.1992, 1108 ccm, 57 cv<br \/>\n1.1 i.e Fire A las 4 ruedas (156AC), A\u00f1o 08.1989 &#8211; 06.1992, 1108 ccm, 57 cv<br \/>\n1.1 i.e. Fire, A\u00f1o 07.1989 &#8211; 09.1995, 1108 ccm, 50 cv<br \/>\n1.1 i.e. Fire Allrad, A\u00f1o 09.1992 &#8211; 12.1995, 1108 ccm, 50 cv<br \/>\n1.3 i.e. (156AB), A\u00f1o 11.1987 &#8211; 05.1993, 1301 ccm, 76 cv<br \/>\n1.3 i.e. (156AF), A\u00f1o 02.1989 &#8211; 12.1995, 1297 ccm, 72 cv<br \/>\nLANCIA YPSILON (840)<br \/>\n1.1, A\u00f1o 11.1995 &#8211; 09.2003, 1108 ccm, 54 cv<br \/>\n1.2, A\u00f1o 03.1996 &#8211; 09.2003, 1242 ccm, 60 cv<br \/>\n1.2 16V, A\u00f1o 04.1997 &#8211; 09.2003, 1242 ccm, 86 cv<br \/>\n1.2 16V, A\u00f1o 10.2000 &#8211; 09.2003, 1242 ccm, 80 cv<br \/>\n1.4 12V, A\u00f1o 10.1996 &#8211; 09.2003, 1370 ccm, 80 cv<br \/>\n1.4 12V, A\u00f1o 03.1996 &#8211; 09.2003, 1370 ccm, 75 cv<\/p>\n<p>LA PIEZA ES NUEVA ORIGINAL FERODO.<\/p>\n","protected":false},"excerpt":{"rendered":"<p>Juego, set de pastillas de freno delanteras FERODO con sensor de desgaste ruidoso de: Longitud: 104 mm. Ancho: 67 mm. Espesor: 17 mm. FIAT Regata Berlina (138) 1.6 Super 100, A\u00f1o 10.1983 &#8211; 07.1989, 1585 ccm, 95 cv 1.6 Super 100, A\u00f1o 10.1983 &#8211; 12.1990, 1585 ccm, 101 cv 1.7 Di\u00e9sel 60, A\u00f1o 09.1983 &#8211; [&hellip;]<\/p>\n","protected":false},"featured_media":96177,"template":"","meta":{"_seopress_robots_primary_cat":"","_seopress_titles_title":"","_seopress_titles_desc":"","_seopress_robots_index":""},"product_cat":[65,45,46,48,16,79,80,117,118,20,21,98,99,123,101,102,103,56,111,124,112,114,126,127],"product_tag":[],"class_list":{"0":"post-55278","1":"product","2":"type-product","3":"status-publish","4":"has-post-thumbnail","6":"product_cat-recambios-fiat-124","7":"product_cat-recambios-alfa-romeo-145","8":"product_cat-recambios-alfa-romeo-146","9":"product_cat-recambios-alfa-romeo-155","10":"product_cat-recambios-alfa-romeo","11":"product_cat-recambios-fiat-argenta","12":"product_cat-recambios-fiat-barchetta","13":"product_cat-recambios-lancia-dedra","14":"product_cat-recambios-lancia-delta","15":"product_cat-recambios-fiat","16":"product_cat-recambios-lancia","17":"product_cat-recambios-fiat-palio","18":"product_cat-recambios-fiat-panda","19":"product_cat-recambios-lancia-prisma","20":"product_cat-recambios-fiat-punto","21":"product_cat-recambios-fiat-regata","22":"product_cat-recambios-fiat-ritmo","23":"product_cat-recambios-alfa-romeo-spider","24":"product_cat-recambios-fiat-tempra","25":"product_cat-recambios-lancia-thema","26":"product_cat-recambios-fiat-tipo","27":"product_cat-recambios-fiat-uno","28":"product_cat-recambios-lancia-y10","29":"product_cat-recambios-lancia-ypsilon","31":"first","32":"instock","33":"taxable","34":"shipping-taxable","35":"purchasable","36":"product-type-simple"},"_links":{"self":[{"href":"https:\/\/galicianparts.com\/shop\/wp-json\/wp\/v2\/product\/55278"}],"collection":[{"href":"https:\/\/galicianparts.com\/shop\/wp-json\/wp\/v2\/product"}],"about":[{"href":"https:\/\/galicianparts.com\/shop\/wp-json\/wp\/v2\/types\/product"}],"wp:featuredmedia":[{"embeddable":true,"href":"https:\/\/galicianparts.com\/shop\/wp-json\/wp\/v2\/media\/96177"}],"wp:attachment":[{"href":"https:\/\/galicianparts.com\/shop\/wp-json\/wp\/v2\/media?parent=55278"}],"wp:term":[{"taxonomy":"product_cat","embeddable":true,"href":"https:\/\/galicianparts.com\/shop\/wp-json\/wp\/v2\/product_cat?post=55278"},{"taxonomy":"product_tag","embeddable":true,"href":"https:\/\/galicianparts.com\/shop\/wp-json\/wp\/v2\/product_tag?post=55278"}],"curies":[{"name":"wp","href":"https:\/\/api.w.org\/{rel}","templated":true}]}}