{"id":55322,"date":"2022-08-10T12:52:24","date_gmt":"2022-08-10T10:52:24","guid":{"rendered":"https:\/\/galicianparts.com\/shop\/producto\/860997-casquillo-arbol-de-levas-fiat-1100-nuevo-original\/"},"modified":"2022-08-10T12:59:12","modified_gmt":"2022-08-10T10:59:12","slug":"860997-casquillo-arbol-de-levas-fiat-1100-nuevo-original","status":"publish","type":"product","link":"https:\/\/galicianparts.com\/shop\/producto\/860997-casquillo-arbol-de-levas-fiat-1100-nuevo-original\/","title":{"rendered":"860997 Casquillo \u00e1rbol de levas Fiat 1100 NUEVO ORIGINAL"},"content":{"rendered":"<p>Cojinete del \u00e1rbol de levas de:<br \/>\nFIAT 1100<\/p>\n<p>Di\u00e1metro exterior: 44mm<br \/>\nDi\u00e1metro interior: 38mm<br \/>\nAltura: 25mm<\/p>\n<p>LA PIEZA ES NUEVA Y ORIGINAL.<\/p>\n","protected":false},"excerpt":{"rendered":"<p>Cojinete del \u00e1rbol de levas de: FIAT 1100 Di\u00e1metro exterior: 44mm Di\u00e1metro interior: 38mm Altura: 25mm LA PIEZA ES NUEVA Y ORIGINAL.<\/p>\n","protected":false},"featured_media":55323,"template":"","meta":{"_seopress_robots_primary_cat":"","_seopress_titles_title":"","_seopress_titles_desc":"","_seopress_robots_index":""},"product_cat":[177,20],"product_tag":[],"class_list":{"0":"post-55322","1":"product","2":"type-product","3":"status-publish","4":"has-post-thumbnail","6":"product_cat-recambios-fiat-1100","7":"product_cat-recambios-fiat","9":"first","10":"instock","11":"taxable","12":"shipping-taxable","13":"purchasable","14":"product-type-simple"},"_links":{"self":[{"href":"https:\/\/galicianparts.com\/shop\/wp-json\/wp\/v2\/product\/55322"}],"collection":[{"href":"https:\/\/galicianparts.com\/shop\/wp-json\/wp\/v2\/product"}],"about":[{"href":"https:\/\/galicianparts.com\/shop\/wp-json\/wp\/v2\/types\/product"}],"wp:featuredmedia":[{"embeddable":true,"href":"https:\/\/galicianparts.com\/shop\/wp-json\/wp\/v2\/media\/55323"}],"wp:attachment":[{"href":"https:\/\/galicianparts.com\/shop\/wp-json\/wp\/v2\/media?parent=55322"}],"wp:term":[{"taxonomy":"product_cat","embeddable":true,"href":"https:\/\/galicianparts.com\/shop\/wp-json\/wp\/v2\/product_cat?post=55322"},{"taxonomy":"product_tag","embeddable":true,"href":"https:\/\/galicianparts.com\/shop\/wp-json\/wp\/v2\/product_tag?post=55322"}],"curies":[{"name":"wp","href":"https:\/\/api.w.org\/{rel}","templated":true}]}}