{"id":55614,"date":"2022-08-12T10:28:23","date_gmt":"2022-08-12T08:28:23","guid":{"rendered":"https:\/\/galicianparts.com\/shop\/producto\/4250643-anillo-goma-pinon-distribucion-fiat-238-campagnola-nuevo-original\/"},"modified":"2022-08-12T10:30:32","modified_gmt":"2022-08-12T08:30:32","slug":"4250643-anillo-goma-pinon-distribucion-fiat-238-campagnola-nuevo-original","status":"publish","type":"product","link":"https:\/\/galicianparts.com\/shop\/producto\/4250643-anillo-goma-pinon-distribucion-fiat-238-campagnola-nuevo-original\/","title":{"rendered":"4250643 Anillo goma pi\u00f1\u00f3n distribuci\u00f3n Fiat 238 \/Campagnola NUEVO ORIGINAL"},"content":{"rendered":"<p>Aro de goma silenciador del pi\u00f1\u00f3n inferior de la correa dentada de la distribuci\u00f3n de:<br \/>\nDi\u00e1metro interior (estriado): 44mm<br \/>\nDi\u00e1metro exterior: 54,5mm<\/p>\n<p>FIAT 238 B<br \/>\nFIAT CAMPAGNOLA<\/p>\n<p>LA PIEZA ES NUEVA Y ORIGINAL.<\/p>\n","protected":false},"excerpt":{"rendered":"<p>Aro de goma silenciador del pi\u00f1\u00f3n inferior de la correa dentada de la distribuci\u00f3n de: Di\u00e1metro interior (estriado): 44mm Di\u00e1metro exterior: 54,5mm FIAT 238 B FIAT CAMPAGNOLA LA PIEZA ES NUEVA Y ORIGINAL.<\/p>\n","protected":false},"featured_media":55615,"template":"","meta":{"_seopress_robots_primary_cat":"","_seopress_titles_title":"","_seopress_titles_desc":"","_seopress_robots_index":""},"product_cat":[209,83,20],"product_tag":[],"class_list":{"0":"post-55614","1":"product","2":"type-product","3":"status-publish","4":"has-post-thumbnail","6":"product_cat-recambios-fiat-238","7":"product_cat-recambios-fiat-campagnola","8":"product_cat-recambios-fiat","10":"first","11":"instock","12":"taxable","13":"shipping-taxable","14":"purchasable","15":"product-type-simple"},"_links":{"self":[{"href":"https:\/\/galicianparts.com\/shop\/wp-json\/wp\/v2\/product\/55614"}],"collection":[{"href":"https:\/\/galicianparts.com\/shop\/wp-json\/wp\/v2\/product"}],"about":[{"href":"https:\/\/galicianparts.com\/shop\/wp-json\/wp\/v2\/types\/product"}],"wp:featuredmedia":[{"embeddable":true,"href":"https:\/\/galicianparts.com\/shop\/wp-json\/wp\/v2\/media\/55615"}],"wp:attachment":[{"href":"https:\/\/galicianparts.com\/shop\/wp-json\/wp\/v2\/media?parent=55614"}],"wp:term":[{"taxonomy":"product_cat","embeddable":true,"href":"https:\/\/galicianparts.com\/shop\/wp-json\/wp\/v2\/product_cat?post=55614"},{"taxonomy":"product_tag","embeddable":true,"href":"https:\/\/galicianparts.com\/shop\/wp-json\/wp\/v2\/product_tag?post=55614"}],"curies":[{"name":"wp","href":"https:\/\/api.w.org\/{rel}","templated":true}]}}