{"id":55701,"date":"2022-08-12T14:46:27","date_gmt":"2022-08-12T12:46:27","guid":{"rendered":"https:\/\/galicianparts.com\/shop\/producto\/5502860-valvula-escape-m-2-2d-fiat-242-citroen-c35-nueva-original\/"},"modified":"2023-10-18T11:22:34","modified_gmt":"2023-10-18T09:22:34","slug":"5502860-valvula-escape-m-2-2d-fiat-242-citroen-c35-nueva-original","status":"publish","type":"product","link":"https:\/\/galicianparts.com\/shop\/producto\/5502860-valvula-escape-m-2-2d-fiat-242-citroen-c35-nueva-original\/","title":{"rendered":"5502860 V\u00e1lvula escape M 2.2D Fiat 242 \/Citro\u00ebn C35 NUEVA ORIGINAL"},"content":{"rendered":"<p>V\u00e1lvula de escape del motor de:<br \/>\nDi\u00e1metro v\u00e1stago: 9 mm<br \/>\nDi\u00e1metro plato: 35 mm<br \/>\nLargo: 121,5 mm<\/p>\n<p>FIAT &#8211; 242 2175cc<br \/>\nCITROEN &#8211; C35 2175cc<\/p>\n<p>LA PIEZA ES NUEVA Y ORIGINAL.<\/p>\n","protected":false},"excerpt":{"rendered":"<p>V\u00e1lvula de escape del motor de: Di\u00e1metro v\u00e1stago: 9 mm Di\u00e1metro plato: 35 mm Largo: 121,5 mm FIAT &#8211; 242 2175cc CITROEN &#8211; C35 2175cc LA PIEZA ES NUEVA Y ORIGINAL.<\/p>\n","protected":false},"featured_media":79438,"template":"","meta":{"_seopress_robots_primary_cat":"","_seopress_titles_title":"","_seopress_titles_desc":"","_seopress_robots_index":""},"product_cat":[73,133,23,20],"product_tag":[],"class_list":{"0":"post-55701","1":"product","2":"type-product","3":"status-publish","4":"has-post-thumbnail","6":"product_cat-recambios-fiat-242","7":"product_cat-recambios-citroen-c35","8":"product_cat-recambios-citroen","9":"product_cat-recambios-fiat","11":"first","12":"instock","13":"taxable","14":"shipping-taxable","15":"purchasable","16":"product-type-simple"},"_links":{"self":[{"href":"https:\/\/galicianparts.com\/shop\/wp-json\/wp\/v2\/product\/55701"}],"collection":[{"href":"https:\/\/galicianparts.com\/shop\/wp-json\/wp\/v2\/product"}],"about":[{"href":"https:\/\/galicianparts.com\/shop\/wp-json\/wp\/v2\/types\/product"}],"wp:featuredmedia":[{"embeddable":true,"href":"https:\/\/galicianparts.com\/shop\/wp-json\/wp\/v2\/media\/79438"}],"wp:attachment":[{"href":"https:\/\/galicianparts.com\/shop\/wp-json\/wp\/v2\/media?parent=55701"}],"wp:term":[{"taxonomy":"product_cat","embeddable":true,"href":"https:\/\/galicianparts.com\/shop\/wp-json\/wp\/v2\/product_cat?post=55701"},{"taxonomy":"product_tag","embeddable":true,"href":"https:\/\/galicianparts.com\/shop\/wp-json\/wp\/v2\/product_tag?post=55701"}],"curies":[{"name":"wp","href":"https:\/\/api.w.org\/{rel}","templated":true}]}}