{"id":55717,"date":"2022-08-17T09:21:45","date_gmt":"2022-08-17T07:21:45","guid":{"rendered":"https:\/\/galicianparts.com\/shop\/producto\/7574885-muelle-valvula-fiat-punto-gt-uno-turbo-nuevo-original\/"},"modified":"2023-06-21T13:38:28","modified_gmt":"2023-06-21T11:38:28","slug":"7574885-muelle-valvula-fiat-punto-gt-uno-turbo-nuevo-original","status":"publish","type":"product","link":"https:\/\/galicianparts.com\/shop\/producto\/7574885-muelle-valvula-fiat-punto-gt-uno-turbo-nuevo-original\/","title":{"rendered":"7574885 Muelle v\u00e1lvula Fiat Punto GT \/ Uno Turbo NUEVO ORIGINAL"},"content":{"rendered":"<p>Resorte de las v\u00e1lvulas del motor de:<br \/>\nLargo: 56,6 mm<br \/>\nDi\u00e1metro exterior: 31,7 mm<br \/>\nDi\u00e1metro interior: 24 mm<\/p>\n<p>FIAT &#8211; 1A PUNTO GT GAMMA &#8217;97 (1997-1999) 1372 MPI TURBO<br \/>\nFIAT &#8211; NW PUNTO GT (1993-1997)<br \/>\nFIAT &#8211; MT UNO TURBO R\/89 (1989-1993)<\/p>\n<p>LA PIEZA ES NUEVA Y ORIGINAL.<\/p>\n","protected":false},"excerpt":{"rendered":"<p>Resorte de las v\u00e1lvulas del motor de: Largo: 56,6 mm Di\u00e1metro exterior: 31,7 mm Di\u00e1metro interior: 24 mm FIAT &#8211; 1A PUNTO GT GAMMA &#8217;97 (1997-1999) 1372 MPI TURBO FIAT &#8211; NW PUNTO GT (1993-1997) FIAT &#8211; MT UNO TURBO R\/89 (1989-1993) LA PIEZA ES NUEVA Y ORIGINAL.<\/p>\n","protected":false},"featured_media":55718,"template":"","meta":{"_seopress_robots_primary_cat":"","_seopress_titles_title":"","_seopress_titles_desc":"","_seopress_robots_index":""},"product_cat":[20,101,114],"product_tag":[],"class_list":{"0":"post-55717","1":"product","2":"type-product","3":"status-publish","4":"has-post-thumbnail","6":"product_cat-recambios-fiat","7":"product_cat-recambios-fiat-punto","8":"product_cat-recambios-fiat-uno","10":"first","11":"instock","12":"taxable","13":"shipping-taxable","14":"purchasable","15":"product-type-simple"},"_links":{"self":[{"href":"https:\/\/galicianparts.com\/shop\/wp-json\/wp\/v2\/product\/55717"}],"collection":[{"href":"https:\/\/galicianparts.com\/shop\/wp-json\/wp\/v2\/product"}],"about":[{"href":"https:\/\/galicianparts.com\/shop\/wp-json\/wp\/v2\/types\/product"}],"wp:featuredmedia":[{"embeddable":true,"href":"https:\/\/galicianparts.com\/shop\/wp-json\/wp\/v2\/media\/55718"}],"wp:attachment":[{"href":"https:\/\/galicianparts.com\/shop\/wp-json\/wp\/v2\/media?parent=55717"}],"wp:term":[{"taxonomy":"product_cat","embeddable":true,"href":"https:\/\/galicianparts.com\/shop\/wp-json\/wp\/v2\/product_cat?post=55717"},{"taxonomy":"product_tag","embeddable":true,"href":"https:\/\/galicianparts.com\/shop\/wp-json\/wp\/v2\/product_tag?post=55717"}],"curies":[{"name":"wp","href":"https:\/\/api.w.org\/{rel}","templated":true}]}}