{"id":55753,"date":"2022-08-17T10:41:33","date_gmt":"2022-08-17T08:41:33","guid":{"rendered":"https:\/\/galicianparts.com\/shop\/producto\/31390-h1970-filtro-gasoil-hyundai-terracan-kia-carnival-bongo-k2900-delphi\/"},"modified":"2022-12-07T11:52:06","modified_gmt":"2022-12-07T09:52:06","slug":"31390-h1970-filtro-gasoil-hyundai-terracan-kia-carnival-bongo-k2900-delphi","status":"publish","type":"product","link":"https:\/\/galicianparts.com\/shop\/producto\/31390-h1970-filtro-gasoil-hyundai-terracan-kia-carnival-bongo-k2900-delphi\/","title":{"rendered":"31390-H1970 Filtro gasoil Hyundai Terracan \/Kia Carnival \/Bongo \/K2900 DELPHI"},"content":{"rendered":"<p>Filtro de combustible de:<br \/>\nHYUNDAI Terracan (HP)<br \/>\n2.5 TD, A\u00f1o 12.2001 &#8211; 12.2006, 2476 , 101<br \/>\n2.9 CRDi, A\u00f1o 11.2001 &#8211; 07.2003, 2902 , 150<br \/>\n2.9 CRDi 4WD, A\u00f1o 12.2001 &#8211; 12.2006, 2902 , 150<br \/>\n2.9 CRDi 4WD, A\u00f1o 11.2003 &#8211; 12.2006, 2902 , 163<br \/>\nHYUNDAI Terracan Furg\u00f3n \/ SUV (HP)<br \/>\n2.5 TD 4WD, A\u00f1o 12.2001 &#8211; 12.2006, 2476 , 101<br \/>\n2.9 CRDi 4WD, A\u00f1o 11.2001 &#8211; 12.2006, 2902 , 150<br \/>\n2.9 CRDi 4WD, A\u00f1o 11.2003 &#8211; 12.2006, 2902 , 163<\/p>\n<p>KIA Carnival I (GQ)<br \/>\n2.9 CRDi, A\u00f1o 10.2001 &#8211; 06.2006, 2902 , 144<br \/>\nKIA Carnival \/ Grand Carnival II (VQ)<br \/>\n2.9 CRDi, A\u00f1o 06.2006 &#8211; &#8230;, 2902 , 185<br \/>\n2.9 CRDi LX, A\u00f1o 09.2006 &#8211; &#8230;, 2902 , 192<br \/>\nKIA Bongo III Cami\u00f3n de plataforma\/Chasis<br \/>\n2.4 TDCi, A\u00f1o 10.2003 &#8211; &#8230;, 2477 , 94<br \/>\n2.5 CRDi, A\u00f1o 01.2012 &#8211; &#8230;, 2497 , 133<br \/>\n2.5 CRDi 4WD, A\u00f1o 01.2012 &#8211; &#8230;, 2497 , 133<br \/>\nKIA K2900 Cami\u00f3n de plataforma\/Chasis<br \/>\n2.9 D, A\u00f1o 01.2008 &#8211; &#8230;, 2902 , 125<\/p>\n<p>LA PIEZA ES NUEVA DELPHI.<\/p>\n","protected":false},"excerpt":{"rendered":"<p>Filtro de combustible de: HYUNDAI Terracan (HP) 2.5 TD, A\u00f1o 12.2001 &#8211; 12.2006, 2476 , 101 2.9 CRDi, A\u00f1o 11.2001 &#8211; 07.2003, 2902 , 150 2.9 CRDi 4WD, A\u00f1o 12.2001 &#8211; 12.2006, 2902 , 150 2.9 CRDi 4WD, A\u00f1o 11.2003 &#8211; 12.2006, 2902 , 163 HYUNDAI Terracan Furg\u00f3n \/ SUV (HP) 2.5 TD 4WD, A\u00f1o [&hellip;]<\/p>\n","protected":false},"featured_media":55756,"template":"","meta":{"_seopress_robots_primary_cat":"","_seopress_titles_title":"","_seopress_titles_desc":"","_seopress_robots_index":""},"product_cat":[269,254,271,312,22,306],"product_tag":[],"class_list":{"0":"post-55753","1":"product","2":"type-product","3":"status-publish","4":"has-post-thumbnail","6":"product_cat-recambios-kia-bongo","7":"product_cat-recambios-kia-carnival","8":"product_cat-recambios-hyundai","9":"product_cat-recambios-kia-k2900","10":"product_cat-recambios-kia","11":"product_cat-recambios-hyundai-terracan","13":"first","14":"outofstock","15":"taxable","16":"shipping-taxable","17":"purchasable","18":"product-type-simple"},"_links":{"self":[{"href":"https:\/\/galicianparts.com\/shop\/wp-json\/wp\/v2\/product\/55753"}],"collection":[{"href":"https:\/\/galicianparts.com\/shop\/wp-json\/wp\/v2\/product"}],"about":[{"href":"https:\/\/galicianparts.com\/shop\/wp-json\/wp\/v2\/types\/product"}],"wp:featuredmedia":[{"embeddable":true,"href":"https:\/\/galicianparts.com\/shop\/wp-json\/wp\/v2\/media\/55756"}],"wp:attachment":[{"href":"https:\/\/galicianparts.com\/shop\/wp-json\/wp\/v2\/media?parent=55753"}],"wp:term":[{"taxonomy":"product_cat","embeddable":true,"href":"https:\/\/galicianparts.com\/shop\/wp-json\/wp\/v2\/product_cat?post=55753"},{"taxonomy":"product_tag","embeddable":true,"href":"https:\/\/galicianparts.com\/shop\/wp-json\/wp\/v2\/product_tag?post=55753"}],"curies":[{"name":"wp","href":"https:\/\/api.w.org\/{rel}","templated":true}]}}