{"id":55876,"date":"2022-08-18T09:21:21","date_gmt":"2022-08-18T07:21:21","guid":{"rendered":"https:\/\/galicianparts.com\/shop\/producto\/71794327-motor-arranque-fiat-ducato-06-14-citroen-jumper-peugeot-boxer-original\/"},"modified":"2022-08-18T09:25:33","modified_gmt":"2022-08-18T07:25:33","slug":"71794327-motor-arranque-fiat-ducato-06-14-citroen-jumper-peugeot-boxer-original","status":"publish","type":"product","link":"https:\/\/galicianparts.com\/shop\/producto\/71794327-motor-arranque-fiat-ducato-06-14-citroen-jumper-peugeot-boxer-original\/","title":{"rendered":"71794327 Motor arranque Fiat Ducato (06-14) Citro\u00ebn Jumper \/Peugeot Boxer ORIGINAL"},"content":{"rendered":"<p>51779086 Motor de arranque de:<br \/>\nPotencia nominal: 2,5 KW<br \/>\nTensi\u00f3n: 12V<br \/>\nN\u00famero de dientes: 13<\/p>\n<p>CITRO\u00cbN &#8211; JUMPER II (250)<br \/>\n3.0 HDi 160, A\u00f1o 09.2006 &#8211; &#8230;, 2999 , 157<br \/>\nFIAT &#8211; DUCATO III (250, 290)<br \/>\n2.3 D 150 Multijet, A\u00f1o 06.2011 &#8211; &#8230;, 2287 , 148<br \/>\n3.0 D 160 Multijet, A\u00f1o 07.2006 &#8211; &#8230;, 2999 , 158<br \/>\nPEUGEOT &#8211; BOXER  (250)<br \/>\n3.0 HDi 160, A\u00f1o 04.2006 &#8211; &#8230;, 2999 , 156<\/p>\n<p>LA PIEZA ES RECUPERADA Y ORIGINAL.<\/p>\n","protected":false},"excerpt":{"rendered":"<p>51779086 Motor de arranque de: Potencia nominal: 2,5 KW Tensi\u00f3n: 12V N\u00famero de dientes: 13 CITRO\u00cbN &#8211; JUMPER II (250) 3.0 HDi 160, A\u00f1o 09.2006 &#8211; &#8230;, 2999 , 157 FIAT &#8211; DUCATO III (250, 290) 2.3 D 150 Multijet, A\u00f1o 06.2011 &#8211; &#8230;, 2287 , 148 3.0 D 160 Multijet, A\u00f1o 07.2006 &#8211; &#8230;, [&hellip;]<\/p>\n","protected":false},"featured_media":55879,"template":"","meta":{"_seopress_robots_primary_cat":"","_seopress_titles_title":"","_seopress_titles_desc":"","_seopress_robots_index":""},"product_cat":[155,23,88,20,137,24],"product_tag":[],"class_list":{"0":"post-55876","1":"product","2":"type-product","3":"status-publish","4":"has-post-thumbnail","6":"product_cat-recambios-peugeot-boxer","7":"product_cat-recambios-citroen","8":"product_cat-recambios-fiat-ducato","9":"product_cat-recambios-fiat","10":"product_cat-recambios-citroen-jumper","11":"product_cat-recambios-peugeot","13":"first","14":"instock","15":"taxable","16":"shipping-taxable","17":"purchasable","18":"product-type-simple"},"_links":{"self":[{"href":"https:\/\/galicianparts.com\/shop\/wp-json\/wp\/v2\/product\/55876"}],"collection":[{"href":"https:\/\/galicianparts.com\/shop\/wp-json\/wp\/v2\/product"}],"about":[{"href":"https:\/\/galicianparts.com\/shop\/wp-json\/wp\/v2\/types\/product"}],"wp:featuredmedia":[{"embeddable":true,"href":"https:\/\/galicianparts.com\/shop\/wp-json\/wp\/v2\/media\/55879"}],"wp:attachment":[{"href":"https:\/\/galicianparts.com\/shop\/wp-json\/wp\/v2\/media?parent=55876"}],"wp:term":[{"taxonomy":"product_cat","embeddable":true,"href":"https:\/\/galicianparts.com\/shop\/wp-json\/wp\/v2\/product_cat?post=55876"},{"taxonomy":"product_tag","embeddable":true,"href":"https:\/\/galicianparts.com\/shop\/wp-json\/wp\/v2\/product_tag?post=55876"}],"curies":[{"name":"wp","href":"https:\/\/api.w.org\/{rel}","templated":true}]}}