{"id":56004,"date":"2022-08-19T10:40:21","date_gmt":"2022-08-19T08:40:21","guid":{"rendered":"https:\/\/galicianparts.com\/shop\/producto\/9637024080-tensor-correa-auxiliar-fiat-scudo-95-06-citroen-jumpy-peugeot-expert-original\/"},"modified":"2025-10-06T22:18:33","modified_gmt":"2025-10-06T20:18:33","slug":"9637024080-tensor-correa-auxiliar-fiat-scudo-95-06-citroen-jumpy-peugeot-expert-original","status":"publish","type":"product","link":"https:\/\/galicianparts.com\/shop\/producto\/9637024080-tensor-correa-auxiliar-fiat-scudo-95-06-citroen-jumpy-peugeot-expert-original\/","title":{"rendered":"9637024080 Tensor correa auxiliar Fiat Scudo (95-06) Citro\u00ebn Jumpy \/Peugeot Expert ORIGINAL"},"content":{"rendered":"<p>Tensor de la correa instrumentos de:<br \/>\nDi\u00e1metro Exterior: 60 mm<br \/>\nEspesor: 2,5 mm<\/p>\n<p>CITRO\u00cbN Jumpy I<br \/>\n1.9 D 70, A\u00f1o 04.1998 &#8211; 11.2003, 1868 , 69<br \/>\nCITRO\u00cbN Berlingo (MF, GJK, GFK)<br \/>\n1.9 D, A\u00f1o 07.1998 &#8211; 10.2005, 1868 , 70<br \/>\n1.9 D 4WD, A\u00f1o 07.1998 &#8211; 10.2005, 1868 , 69<br \/>\nCITRO\u00cbN Xsara (N1)<br \/>\n1.9 D, A\u00f1o 07.1998 &#8211; 03.2005, 1868 , 70<\/p>\n<p>FIAT Scudo I (220)<br \/>\n1.9 D, A\u00f1o 04.1998 &#8211; 12.2006, 1868 , 69<\/p>\n<p>PEUGEOT 306<br \/>\n1.9 D, A\u00f1o 09.1998 &#8211; 05.2001, 1868 , 69<br \/>\nPEUGEOT Expert I (224)<br \/>\n1.9 D, A\u00f1o 12.2003 &#8211; 12.2006, 1868 , 69<br \/>\nPEUGEOT Partner I<br \/>\n1.9 D, A\u00f1o 06.1996 &#8211; 12.2015, 1868 , 69<br \/>\n1.9 D 4&#215;4, A\u00f1o 04.2004 &#8211; 11.2007, 1868 , 69<br \/>\nPEUGEOT 206 Hatchback (2A\/C) (A\u00f1o 08.1998 &#8211; 12.2012)<br \/>\n1.9 D, A\u00f1o 09.1998 &#8211; 11.2001, 1868 , 69<\/p>\n<p>LA PIEZA ES NUEVA Y ORIGINAL.<\/p>\n","protected":false},"excerpt":{"rendered":"<p>Tensor de la correa instrumentos de: Di\u00e1metro Exterior: 60 mm Espesor: 2,5 mm CITRO\u00cbN Jumpy I 1.9 D 70, A\u00f1o 04.1998 &#8211; 11.2003, 1868 , 69 CITRO\u00cbN Berlingo (MF, GJK, GFK) 1.9 D, A\u00f1o 07.1998 &#8211; 10.2005, 1868 , 70 1.9 D 4WD, A\u00f1o 07.1998 &#8211; 10.2005, 1868 , 69 CITRO\u00cbN Xsara (N1) 1.9 D, [&hellip;]<\/p>\n","protected":false},"featured_media":56005,"template":"","meta":{"_seopress_robots_primary_cat":"","_seopress_titles_title":"","_seopress_titles_desc":"","_seopress_robots_index":""},"product_cat":[146,147,129,23,156,20,138,158,24,104,143],"product_tag":[],"class_list":{"0":"post-56004","1":"product","2":"type-product","3":"status-publish","4":"has-post-thumbnail","6":"product_cat-recambios-peugeot-206","7":"product_cat-recambios-peugeot-306","8":"product_cat-recambios-citroen-berlingo","9":"product_cat-recambios-citroen","10":"product_cat-recambios-peugeot-expert","11":"product_cat-recambios-fiat","12":"product_cat-recambios-citroen-jumpy","13":"product_cat-recambios-peugeot-partner","14":"product_cat-recambios-peugeot","15":"product_cat-recambios-fiat-scudo","16":"product_cat-recambios-citroen-xsara","18":"first","19":"outofstock","20":"taxable","21":"shipping-taxable","22":"purchasable","23":"product-type-simple"},"_links":{"self":[{"href":"https:\/\/galicianparts.com\/shop\/wp-json\/wp\/v2\/product\/56004"}],"collection":[{"href":"https:\/\/galicianparts.com\/shop\/wp-json\/wp\/v2\/product"}],"about":[{"href":"https:\/\/galicianparts.com\/shop\/wp-json\/wp\/v2\/types\/product"}],"wp:featuredmedia":[{"embeddable":true,"href":"https:\/\/galicianparts.com\/shop\/wp-json\/wp\/v2\/media\/56005"}],"wp:attachment":[{"href":"https:\/\/galicianparts.com\/shop\/wp-json\/wp\/v2\/media?parent=56004"}],"wp:term":[{"taxonomy":"product_cat","embeddable":true,"href":"https:\/\/galicianparts.com\/shop\/wp-json\/wp\/v2\/product_cat?post=56004"},{"taxonomy":"product_tag","embeddable":true,"href":"https:\/\/galicianparts.com\/shop\/wp-json\/wp\/v2\/product_tag?post=56004"}],"curies":[{"name":"wp","href":"https:\/\/api.w.org\/{rel}","templated":true}]}}