{"id":56284,"date":"2022-08-24T14:28:19","date_gmt":"2022-08-24T12:28:19","guid":{"rendered":"https:\/\/galicianparts.com\/shop\/producto\/5575010-deposito-liquido-frenos-citroen-cx-fiat-clasico-original\/"},"modified":"2024-06-18T10:51:27","modified_gmt":"2024-06-18T08:51:27","slug":"5575010-deposito-liquido-frenos-citroen-cx-fiat-clasico-original","status":"publish","type":"product","link":"https:\/\/galicianparts.com\/shop\/producto\/5575010-deposito-liquido-frenos-citroen-cx-fiat-clasico-original\/","title":{"rendered":"5575010 Dep\u00f3sito l\u00edquido frenos Citroen CX 1\u00aa Serie \/Fiat cl\u00e1sico ORIGINAL"},"content":{"rendered":"<p>Dep\u00f3sito con sensor de nivel del l\u00edquido de frenos, con los desperfectos que se ven en las fotos a causa de mal almacenaje de:<br \/>\nCITROEN CX PRIMERA SERIE<br \/>\nFIAT CL\u00c1SICO<\/p>\n<p>LA PIEZA ES ORIGINAL.<\/p>\n","protected":false},"excerpt":{"rendered":"<p>Dep\u00f3sito con sensor de nivel del l\u00edquido de frenos, con los desperfectos que se ven en las fotos a causa de mal almacenaje de: CITROEN CX PRIMERA SERIE FIAT CL\u00c1SICO LA PIEZA ES ORIGINAL.<\/p>\n","protected":false},"featured_media":56285,"template":"","meta":{"_seopress_robots_primary_cat":"","_seopress_titles_title":"","_seopress_titles_desc":"","_seopress_robots_index":""},"product_cat":[23,136,20],"product_tag":[],"class_list":{"0":"post-56284","1":"product","2":"type-product","3":"status-publish","4":"has-post-thumbnail","6":"product_cat-recambios-citroen","7":"product_cat-recambios-citroen-cx","8":"product_cat-recambios-fiat","10":"first","11":"instock","12":"taxable","13":"shipping-taxable","14":"purchasable","15":"product-type-simple"},"_links":{"self":[{"href":"https:\/\/galicianparts.com\/shop\/wp-json\/wp\/v2\/product\/56284"}],"collection":[{"href":"https:\/\/galicianparts.com\/shop\/wp-json\/wp\/v2\/product"}],"about":[{"href":"https:\/\/galicianparts.com\/shop\/wp-json\/wp\/v2\/types\/product"}],"wp:featuredmedia":[{"embeddable":true,"href":"https:\/\/galicianparts.com\/shop\/wp-json\/wp\/v2\/media\/56285"}],"wp:attachment":[{"href":"https:\/\/galicianparts.com\/shop\/wp-json\/wp\/v2\/media?parent=56284"}],"wp:term":[{"taxonomy":"product_cat","embeddable":true,"href":"https:\/\/galicianparts.com\/shop\/wp-json\/wp\/v2\/product_cat?post=56284"},{"taxonomy":"product_tag","embeddable":true,"href":"https:\/\/galicianparts.com\/shop\/wp-json\/wp\/v2\/product_tag?post=56284"}],"curies":[{"name":"wp","href":"https:\/\/api.w.org\/{rel}","templated":true}]}}