{"id":5631,"date":"2020-10-05T14:04:04","date_gmt":"2020-10-05T12:04:04","guid":{"rendered":"https:\/\/galicianparts.com\/shop\/producto\/46514435-travesano-frontal-lancia-ypsilon-1995-2000\/"},"modified":"2023-10-27T12:30:56","modified_gmt":"2023-10-27T10:30:56","slug":"46514435-travesano-frontal-lancia-ypsilon-1995-2000","status":"publish","type":"product","link":"https:\/\/galicianparts.com\/shop\/producto\/46514435-travesano-frontal-lancia-ypsilon-1995-2000\/","title":{"rendered":"46514435 Travesa\u00f1o superior frente Lancia Ypsilon (1995-2000) NUEVO ORIGINAL"},"content":{"rendered":"<p>Travesa\u00f1o superior del armaz\u00f3n frontal de:<br \/>\nLANCIA &#8211; SU Y (1995-2000)<\/p>\n<p>LA PIEZA ES NUEVA Y ORIGINAL.<\/p>\n","protected":false},"excerpt":{"rendered":"<p>Travesa\u00f1o superior del armaz\u00f3n frontal de: LANCIA &#8211; SU Y (1995-2000) LA PIEZA ES NUEVA Y ORIGINAL.<\/p>\n","protected":false},"featured_media":79707,"template":"","meta":{"_seopress_robots_primary_cat":"","_seopress_titles_title":"","_seopress_titles_desc":"","_seopress_robots_index":""},"product_cat":[21,127],"product_tag":[],"class_list":{"0":"post-5631","1":"product","2":"type-product","3":"status-publish","4":"has-post-thumbnail","6":"product_cat-recambios-lancia","7":"product_cat-recambios-lancia-ypsilon","9":"first","10":"instock","11":"taxable","12":"shipping-taxable","13":"purchasable","14":"product-type-simple"},"_links":{"self":[{"href":"https:\/\/galicianparts.com\/shop\/wp-json\/wp\/v2\/product\/5631"}],"collection":[{"href":"https:\/\/galicianparts.com\/shop\/wp-json\/wp\/v2\/product"}],"about":[{"href":"https:\/\/galicianparts.com\/shop\/wp-json\/wp\/v2\/types\/product"}],"wp:featuredmedia":[{"embeddable":true,"href":"https:\/\/galicianparts.com\/shop\/wp-json\/wp\/v2\/media\/79707"}],"wp:attachment":[{"href":"https:\/\/galicianparts.com\/shop\/wp-json\/wp\/v2\/media?parent=5631"}],"wp:term":[{"taxonomy":"product_cat","embeddable":true,"href":"https:\/\/galicianparts.com\/shop\/wp-json\/wp\/v2\/product_cat?post=5631"},{"taxonomy":"product_tag","embeddable":true,"href":"https:\/\/galicianparts.com\/shop\/wp-json\/wp\/v2\/product_tag?post=5631"}],"curies":[{"name":"wp","href":"https:\/\/api.w.org\/{rel}","templated":true}]}}