{"id":56311,"date":"2022-08-24T19:43:49","date_gmt":"2022-08-24T17:43:49","guid":{"rendered":"https:\/\/galicianparts.com\/shop\/producto\/4060017-barra-tirante-direccion-fiat-1500-1600-nueva-original\/"},"modified":"2024-04-01T13:55:25","modified_gmt":"2024-04-01T11:55:25","slug":"4060017-barra-tirante-direccion-fiat-1500-1600-nueva-original","status":"publish","type":"product","link":"https:\/\/galicianparts.com\/shop\/producto\/4060017-barra-tirante-direccion-fiat-1500-1600-nueva-original\/","title":{"rendered":"4060017 Barra tirante direcci\u00f3n Fiat 1500 \/ 1600 NUEVA ORIGINAL"},"content":{"rendered":"<p>Barra de uni\u00f3n de la direcci\u00f3n de:<br \/>\nLargo: 315mm<br \/>\nM\u00e9trica: 16<\/p>\n<p>FIAT 1500<br \/>\nFIAT 1600<\/p>\n<p>LA PIEZA ES NUEVA Y ORIGINAL.<\/p>\n","protected":false},"excerpt":{"rendered":"<p>Barra de uni\u00f3n de la direcci\u00f3n de: Largo: 315mm M\u00e9trica: 16 FIAT 1500 FIAT 1600 LA PIEZA ES NUEVA Y ORIGINAL.<\/p>\n","protected":false},"featured_media":56312,"template":"","meta":{"_seopress_robots_primary_cat":"","_seopress_titles_title":"","_seopress_titles_desc":"","_seopress_robots_index":""},"product_cat":[78,240,20],"product_tag":[],"class_list":{"0":"post-56311","1":"product","2":"type-product","3":"status-publish","4":"has-post-thumbnail","6":"product_cat-recambios-fiat-1500","7":"product_cat-recambios-fiat-1600","8":"product_cat-recambios-fiat","10":"first","11":"outofstock","12":"taxable","13":"shipping-taxable","14":"purchasable","15":"product-type-simple"},"_links":{"self":[{"href":"https:\/\/galicianparts.com\/shop\/wp-json\/wp\/v2\/product\/56311"}],"collection":[{"href":"https:\/\/galicianparts.com\/shop\/wp-json\/wp\/v2\/product"}],"about":[{"href":"https:\/\/galicianparts.com\/shop\/wp-json\/wp\/v2\/types\/product"}],"wp:featuredmedia":[{"embeddable":true,"href":"https:\/\/galicianparts.com\/shop\/wp-json\/wp\/v2\/media\/56312"}],"wp:attachment":[{"href":"https:\/\/galicianparts.com\/shop\/wp-json\/wp\/v2\/media?parent=56311"}],"wp:term":[{"taxonomy":"product_cat","embeddable":true,"href":"https:\/\/galicianparts.com\/shop\/wp-json\/wp\/v2\/product_cat?post=56311"},{"taxonomy":"product_tag","embeddable":true,"href":"https:\/\/galicianparts.com\/shop\/wp-json\/wp\/v2\/product_tag?post=56311"}],"curies":[{"name":"wp","href":"https:\/\/api.w.org\/{rel}","templated":true}]}}