{"id":56440,"date":"2022-08-25T13:02:58","date_gmt":"2022-08-25T11:02:58","guid":{"rendered":"https:\/\/galicianparts.com\/shop\/producto\/735462116-tapa-reposabrazos-central-fiat-grande-punto-linea-alfa-mito-nuevo-original\/"},"modified":"2022-09-08T16:53:52","modified_gmt":"2022-09-08T14:53:52","slug":"735462116-tapa-reposabrazos-central-fiat-grande-punto-linea-alfa-mito-nuevo-original","status":"publish","type":"product","link":"https:\/\/galicianparts.com\/shop\/producto\/735462116-tapa-reposabrazos-central-fiat-grande-punto-linea-alfa-mito-nuevo-original\/","title":{"rendered":"735462116 Tapa reposabrazos central Fiat Grande Punto \/Linea \/Alfa Mito NUEVO ORIGINAL"},"content":{"rendered":"<p>Embellecedor de la base del apoyabrazos delantero central de:<br \/>\nFIAT &#8211; 2Y GRANDE PUNTO (2005-2008)<br \/>\nFIAT &#8211; 4C GRANDE PUNTO (2008-2009)<br \/>\nFIAT &#8211; 3M LINEA (2007-&#8230;.) APOYABRAZOS ASIENTO DELANTERO \/ ANNO 2012<br \/>\nFIAT &#8211; 51 NUOVA PUNTO MY2012 (2012-2013) APOYABRAZOS ASIENTO DELANTERO<br \/>\nFIAT &#8211; 3J PUNTO EVO (2009-2011) APOYABRAZOS ASIENTO DELANTERO<br \/>\nFIAT &#8211; 6U PUNTO MY 2013 (2013-&#8230;.) APOYABRAZOS ASIENTO DELANTERO<br \/>\nALFA ROMEO &#8211; X6 ALFA MITO (2008-2011) APOYABRAZOS ASIENTO DELANTERO<br \/>\nALFA ROMEO &#8211; QZ MITO MY2011 (2011-2013) APOYABRAZOS ASIENTO DELANTERO<br \/>\nALFA ROMEO &#8211; 10 MITO MY2013 (2013-&#8230;.) APOYABRAZOS ASIENTO DELANTERO &#8211; RADIO 5&#8243; PANTALLA T\u00c1CTIL CON BLUETOOTH &#8211; RADIO 5&#8243; PANTALLA T\u00c1CTIL CON BLUETOOTH Y DAB &#8211; RADIO 5&#8243; PANTALLA T\u00c1CTIL CON BLUETOOTH PARA MERCADO JAPON\u00c9S Y SIN VP2 &#8211; RADIO 5&#8243; PANTALLA T\u00c1CTIL CON BLUETOOTH CON NAV &#8211; RADIO 5&#8243; PANTALLA T\u00c1CTIL CON BLUETOOTH CON NAV Y DAB<br \/>\nABARTH &#8211; 4A GRANDE PUNTO ABARTH (2007-2010)<br \/>\nABARTH &#8211; 81 NUOVA PUNTO ABARTH MY2012 (2012-2013) APOYABRAZOS ASIENTO DELANTERO<br \/>\nABARTH &#8211; 4B PUNTO EVO ABARTH (2010-2012) APOYABRAZOS ASIENTO DELANTERO<\/p>\n<p>LA PIEZA ES NUEVA Y ORIGINAL.<\/p>\n","protected":false},"excerpt":{"rendered":"<p>Embellecedor de la base del apoyabrazos delantero central de: FIAT &#8211; 2Y GRANDE PUNTO (2005-2008) FIAT &#8211; 4C GRANDE PUNTO (2008-2009) FIAT &#8211; 3M LINEA (2007-&#8230;.) APOYABRAZOS ASIENTO DELANTERO \/ ANNO 2012 FIAT &#8211; 51 NUOVA PUNTO MY2012 (2012-2013) APOYABRAZOS ASIENTO DELANTERO FIAT &#8211; 3J PUNTO EVO (2009-2011) APOYABRAZOS ASIENTO DELANTERO FIAT &#8211; 6U PUNTO [&hellip;]<\/p>\n","protected":false},"featured_media":56441,"template":"","meta":{"_seopress_robots_primary_cat":"","_seopress_titles_title":"","_seopress_titles_desc":"","_seopress_robots_index":""},"product_cat":[16,20,92,94,47,101],"product_tag":[],"class_list":{"0":"post-56440","1":"product","2":"type-product","3":"status-publish","4":"has-post-thumbnail","6":"product_cat-recambios-alfa-romeo","7":"product_cat-recambios-fiat","8":"product_cat-recambios-fiat-grande-punto","9":"product_cat-recambios-fiat-linea","10":"product_cat-recambios-alfa-romeo-mito","11":"product_cat-recambios-fiat-punto","13":"first","14":"outofstock","15":"taxable","16":"shipping-taxable","17":"purchasable","18":"product-type-simple"},"_links":{"self":[{"href":"https:\/\/galicianparts.com\/shop\/wp-json\/wp\/v2\/product\/56440"}],"collection":[{"href":"https:\/\/galicianparts.com\/shop\/wp-json\/wp\/v2\/product"}],"about":[{"href":"https:\/\/galicianparts.com\/shop\/wp-json\/wp\/v2\/types\/product"}],"wp:featuredmedia":[{"embeddable":true,"href":"https:\/\/galicianparts.com\/shop\/wp-json\/wp\/v2\/media\/56441"}],"wp:attachment":[{"href":"https:\/\/galicianparts.com\/shop\/wp-json\/wp\/v2\/media?parent=56440"}],"wp:term":[{"taxonomy":"product_cat","embeddable":true,"href":"https:\/\/galicianparts.com\/shop\/wp-json\/wp\/v2\/product_cat?post=56440"},{"taxonomy":"product_tag","embeddable":true,"href":"https:\/\/galicianparts.com\/shop\/wp-json\/wp\/v2\/product_tag?post=56440"}],"curies":[{"name":"wp","href":"https:\/\/api.w.org\/{rel}","templated":true}]}}