{"id":56468,"date":"2022-08-25T19:31:22","date_gmt":"2022-08-25T17:31:22","guid":{"rendered":"https:\/\/galicianparts.com\/shop\/producto\/4061320-pack-2-muelles-valvula-53x25mm-fiat-lancia-seat-clasico-nuevo-original\/"},"modified":"2024-02-29T13:58:15","modified_gmt":"2024-02-29T11:58:15","slug":"4061320-pack-2-muelles-valvula-53x25mm-fiat-lancia-seat-clasico-nuevo-original","status":"publish","type":"product","link":"https:\/\/galicianparts.com\/shop\/producto\/4061320-pack-2-muelles-valvula-53x25mm-fiat-lancia-seat-clasico-nuevo-original\/","title":{"rendered":"4061320 Pack 2 muelles v\u00e1lvula 53x25mm Fiat \/Lancia \/Seat cl\u00e1sico NUEVO ORIGINAL"},"content":{"rendered":"<p>Juego, set de dos muelles de v\u00e1lvula de Fiat, Lancia, Seat cl\u00e1sico.<br \/>\nLargo: 53mm<br \/>\nDi\u00e1metro: 25mm<br \/>\nEspesor: 3,5mm<\/p>\n<p>LA PIEZA ES NUEVA Y ORIGINAL.<\/p>\n","protected":false},"excerpt":{"rendered":"<p>Juego, set de dos muelles de v\u00e1lvula de Fiat, Lancia, Seat cl\u00e1sico. Largo: 53mm Di\u00e1metro: 25mm Espesor: 3,5mm LA PIEZA ES NUEVA Y ORIGINAL.<\/p>\n","protected":false},"featured_media":56469,"template":"","meta":{"_seopress_robots_primary_cat":"","_seopress_titles_title":"","_seopress_titles_desc":"","_seopress_robots_index":""},"product_cat":[20,21,26],"product_tag":[],"class_list":{"0":"post-56468","1":"product","2":"type-product","3":"status-publish","4":"has-post-thumbnail","6":"product_cat-recambios-fiat","7":"product_cat-recambios-lancia","8":"product_cat-recambios-seat","10":"first","11":"outofstock","12":"taxable","13":"shipping-taxable","14":"purchasable","15":"product-type-simple"},"_links":{"self":[{"href":"https:\/\/galicianparts.com\/shop\/wp-json\/wp\/v2\/product\/56468"}],"collection":[{"href":"https:\/\/galicianparts.com\/shop\/wp-json\/wp\/v2\/product"}],"about":[{"href":"https:\/\/galicianparts.com\/shop\/wp-json\/wp\/v2\/types\/product"}],"wp:featuredmedia":[{"embeddable":true,"href":"https:\/\/galicianparts.com\/shop\/wp-json\/wp\/v2\/media\/56469"}],"wp:attachment":[{"href":"https:\/\/galicianparts.com\/shop\/wp-json\/wp\/v2\/media?parent=56468"}],"wp:term":[{"taxonomy":"product_cat","embeddable":true,"href":"https:\/\/galicianparts.com\/shop\/wp-json\/wp\/v2\/product_cat?post=56468"},{"taxonomy":"product_tag","embeddable":true,"href":"https:\/\/galicianparts.com\/shop\/wp-json\/wp\/v2\/product_tag?post=56468"}],"curies":[{"name":"wp","href":"https:\/\/api.w.org\/{rel}","templated":true}]}}