{"id":56477,"date":"2022-08-25T20:12:17","date_gmt":"2022-08-25T18:12:17","guid":{"rendered":"https:\/\/galicianparts.com\/shop\/producto\/4338484-manguito-superior-radiador-fiat-131-super-racing-nuevo-original-ages\/"},"modified":"2022-08-31T13:27:39","modified_gmt":"2022-08-31T11:27:39","slug":"4338484-manguito-superior-radiador-fiat-131-super-racing-nuevo-original-ages","status":"publish","type":"product","link":"https:\/\/galicianparts.com\/shop\/producto\/4338484-manguito-superior-radiador-fiat-131-super-racing-nuevo-original-ages\/","title":{"rendered":"4338484 Manguito superior radiador Fiat 131 Super \/Racing NUEVO ORIGINAL AGES"},"content":{"rendered":"<p>Tubo superior del radiador de refrigeraci\u00f3n del motor de:<br \/>\nFIAT 131 Berlina (131)<br \/>\n1.6 Super, A\u00f1o 03.1978 &#8211; 01.1984, 1585 , 97<br \/>\n2.0 Super, A\u00f1o 01.1981 &#8211; 12.1984, 1995 , 113<\/p>\n<p>LA PIEZA ES NUEVA Y ORIGINAL.<\/p>\n","protected":false},"excerpt":{"rendered":"<p>Tubo superior del radiador de refrigeraci\u00f3n del motor de: FIAT 131 Berlina (131) 1.6 Super, A\u00f1o 03.1978 &#8211; 01.1984, 1585 , 97 2.0 Super, A\u00f1o 01.1981 &#8211; 12.1984, 1995 , 113 LA PIEZA ES NUEVA Y ORIGINAL.<\/p>\n","protected":false},"featured_media":56478,"template":"","meta":{"_seopress_robots_primary_cat":"","_seopress_titles_title":"","_seopress_titles_desc":"","_seopress_robots_index":""},"product_cat":[70,20],"product_tag":[],"class_list":{"0":"post-56477","1":"product","2":"type-product","3":"status-publish","4":"has-post-thumbnail","6":"product_cat-recambios-fiat-131","7":"product_cat-recambios-fiat","9":"first","10":"outofstock","11":"taxable","12":"shipping-taxable","13":"purchasable","14":"product-type-simple"},"_links":{"self":[{"href":"https:\/\/galicianparts.com\/shop\/wp-json\/wp\/v2\/product\/56477"}],"collection":[{"href":"https:\/\/galicianparts.com\/shop\/wp-json\/wp\/v2\/product"}],"about":[{"href":"https:\/\/galicianparts.com\/shop\/wp-json\/wp\/v2\/types\/product"}],"wp:featuredmedia":[{"embeddable":true,"href":"https:\/\/galicianparts.com\/shop\/wp-json\/wp\/v2\/media\/56478"}],"wp:attachment":[{"href":"https:\/\/galicianparts.com\/shop\/wp-json\/wp\/v2\/media?parent=56477"}],"wp:term":[{"taxonomy":"product_cat","embeddable":true,"href":"https:\/\/galicianparts.com\/shop\/wp-json\/wp\/v2\/product_cat?post=56477"},{"taxonomy":"product_tag","embeddable":true,"href":"https:\/\/galicianparts.com\/shop\/wp-json\/wp\/v2\/product_tag?post=56477"}],"curies":[{"name":"wp","href":"https:\/\/api.w.org\/{rel}","templated":true}]}}