{"id":56522,"date":"2022-08-26T10:00:49","date_gmt":"2022-08-26T08:00:49","guid":{"rendered":"https:\/\/galicianparts.com\/shop\/producto\/9750000280-capuchon-cremallera-direccion-fiat-ducato-talento-citroen-peugeot-nuevo-original\/"},"modified":"2022-08-26T10:03:13","modified_gmt":"2022-08-26T08:03:13","slug":"9750000280-capuchon-cremallera-direccion-fiat-ducato-talento-citroen-peugeot-nuevo-original","status":"publish","type":"product","link":"https:\/\/galicianparts.com\/shop\/producto\/9750000280-capuchon-cremallera-direccion-fiat-ducato-talento-citroen-peugeot-nuevo-original\/","title":{"rendered":"9750000280 Capuch\u00f3n cremallera direcci\u00f3n Fiat Ducato \/Talento \/Citro\u00ebn \/Peugeot NUEVO ORIGINAL"},"content":{"rendered":"<p>Fuelle de la rotula axial izquierda de la caja de servo direcci\u00f3n de:<\/p>\n<p>CITRO\u00cbN C25 Bus (A\u00f1o 07.1981 &#8211; 02.1994)<br \/>\n1.8 E, A\u00f1o 07.1987 &#8211; 02.1994, 1796 , 69<br \/>\n1.9 D, A\u00f1o 07.1987 &#8211; 02.1994, 1905 , 69<br \/>\n2.0, A\u00f1o 02.1991 &#8211; 02.1994, 1971 , 84<br \/>\n2.0 E, A\u00f1o 09.1981 &#8211; 02.1994, 1971 , 79<br \/>\n2.5 D, A\u00f1o 10.1985 &#8211; 02.1994, 2500 , 73<br \/>\n2.5 D 4&#215;4, A\u00f1o 01.1987 &#8211; 02.1994, 2500 , 73<br \/>\n2.5 D Turbo, A\u00f1o 08.1987 &#8211; 02.1994, 2500 , 95<br \/>\n2.5 D Turbo 4&#215;4, A\u00f1o 08.1987 &#8211; 02.1994, 2500 , 95<\/p>\n<p>FIAT Ducato I Panorama (290)<br \/>\n1.9 D, A\u00f1o 07.1990 &#8211; 03.1994, 1929 , 71<br \/>\n1.9 TD, A\u00f1o 07.1990 &#8211; 03.1994, 1929 , 82<br \/>\n2.0, A\u00f1o 07.1990 &#8211; 03.1994, 1971 , 84<br \/>\n2.5 D, A\u00f1o 07.1990 &#8211; 03.1994, 2500 , 75<br \/>\n2.5 TD, A\u00f1o 08.1990 &#8211; 03.1994, 2500 , 95<br \/>\nFIAT Ducato I (280)<br \/>\n1.8, A\u00f1o 07.1982 &#8211; 12.1988, 1796 , 67<br \/>\n1.9 D, A\u00f1o 02.1987 &#8211; 08.1990, 1929 , 71<br \/>\n1.9 TD, A\u00f1o 03.1989 &#8211; 08.1990, 1929 , 82<br \/>\n2.0, A\u00f1o 01.1986 &#8211; 08.1990, 1971 , 75<br \/>\n2.0, A\u00f1o 07.1982 &#8211; 05.1985, 1971 , 79<br \/>\n2.0, A\u00f1o 09.1988 &#8211; 08.1990, 1971 , 84<br \/>\n2.4 D, A\u00f1o 07.1982 &#8211; 12.1985, 2428 , 72<br \/>\n2.5 D, A\u00f1o 01.1986 &#8211; 08.1990, 2500 , 75<br \/>\n2.5 TD, A\u00f1o 01.1987 &#8211; 08.1990, 2445 , 92<br \/>\nFIAT Talento (290)<br \/>\n1.9 D, A\u00f1o 03.1989 &#8211; 03.1994, 1929 , 71<br \/>\n2.0, A\u00f1o 03.1989 &#8211; 03.1994, 1971 , 75<\/p>\n<p>PEUGEOT J5 (280)<br \/>\n2.0, A\u00f1o 09.1981 &#8211; 09.1990, 1971 , 75<br \/>\n2.0, A\u00f1o 01.1983 &#8211; 09.1990, 1971 , 79<br \/>\n2.5 D, A\u00f1o 09.1981 &#8211; 09.1990, 2498 , 73<br \/>\nPEUGEOT J5 Furg\u00f3n (280)<br \/>\n1.8, A\u00f1o 01.1983 &#8211; 11.1988, 1796 , 69<br \/>\nPEUGEOT J5 Cami\u00f3n de plataforma\/Chasis (290)<br \/>\n1.9 D, A\u00f1o 10.1990 &#8211; 02.1994, 1905 , 70<br \/>\n2.0, A\u00f1o 10.1990 &#8211; 02.1994, 1971 , 84<br \/>\n2.5 D, A\u00f1o 10.1990 &#8211; 02.1994, 2500 , 73<br \/>\n2.5 D 4&#215;4, A\u00f1o 10.1990 &#8211; 02.1994, 2500 , 73<br \/>\n2.5 TD, A\u00f1o 10.1990 &#8211; 02.1994, 2500 , 95<br \/>\n2.5 TD 4&#215;4, A\u00f1o 10.1990 &#8211; 02.1994, 2500 , 95<\/p>\n<p>LA PIEZA ES NUEVA Y ORIGINAL.<\/p>\n","protected":false},"excerpt":{"rendered":"<p>Fuelle de la rotula axial izquierda de la caja de servo direcci\u00f3n de: CITRO\u00cbN C25 Bus (A\u00f1o 07.1981 &#8211; 02.1994) 1.8 E, A\u00f1o 07.1987 &#8211; 02.1994, 1796 , 69 1.9 D, A\u00f1o 07.1987 &#8211; 02.1994, 1905 , 69 2.0, A\u00f1o 02.1991 &#8211; 02.1994, 1971 , 84 2.0 E, A\u00f1o 09.1981 &#8211; 02.1994, 1971 , 79 [&hellip;]<\/p>\n","protected":false},"featured_media":56526,"template":"","meta":{"_seopress_robots_primary_cat":"","_seopress_titles_title":"","_seopress_titles_desc":"","_seopress_robots_index":""},"product_cat":[132,23,88,20,157,24,110],"product_tag":[],"class_list":{"0":"post-56522","1":"product","2":"type-product","3":"status-publish","4":"has-post-thumbnail","6":"product_cat-recambios-citroen-c25","7":"product_cat-recambios-citroen","8":"product_cat-recambios-fiat-ducato","9":"product_cat-recambios-fiat","10":"product_cat-recambios-peugeot-j5","11":"product_cat-recambios-peugeot","12":"product_cat-recambios-fiat-talento","14":"first","15":"instock","16":"taxable","17":"shipping-taxable","18":"purchasable","19":"product-type-simple"},"_links":{"self":[{"href":"https:\/\/galicianparts.com\/shop\/wp-json\/wp\/v2\/product\/56522"}],"collection":[{"href":"https:\/\/galicianparts.com\/shop\/wp-json\/wp\/v2\/product"}],"about":[{"href":"https:\/\/galicianparts.com\/shop\/wp-json\/wp\/v2\/types\/product"}],"wp:featuredmedia":[{"embeddable":true,"href":"https:\/\/galicianparts.com\/shop\/wp-json\/wp\/v2\/media\/56526"}],"wp:attachment":[{"href":"https:\/\/galicianparts.com\/shop\/wp-json\/wp\/v2\/media?parent=56522"}],"wp:term":[{"taxonomy":"product_cat","embeddable":true,"href":"https:\/\/galicianparts.com\/shop\/wp-json\/wp\/v2\/product_cat?post=56522"},{"taxonomy":"product_tag","embeddable":true,"href":"https:\/\/galicianparts.com\/shop\/wp-json\/wp\/v2\/product_tag?post=56522"}],"curies":[{"name":"wp","href":"https:\/\/api.w.org\/{rel}","templated":true}]}}