{"id":56970,"date":"2022-09-05T13:29:08","date_gmt":"2022-09-05T11:29:08","guid":{"rendered":"https:\/\/galicianparts.com\/shop\/producto\/4292143-capuchon-rotula-suspension-fiat-1500-132-argenta-125-original\/"},"modified":"2022-09-05T13:32:30","modified_gmt":"2022-09-05T11:32:30","slug":"4292143-capuchon-rotula-suspension-fiat-1500-132-argenta-125-original","status":"publish","type":"product","link":"https:\/\/galicianparts.com\/shop\/producto\/4292143-capuchon-rotula-suspension-fiat-1500-132-argenta-125-original\/","title":{"rendered":"4292143 Capuch\u00f3n r\u00f3tula suspensi\u00f3n Fiat 1500 \/132 \/Argenta \/125 ORIGINAL"},"content":{"rendered":"<p>Guardapolvo de la r\u00f3tula del brazo oscilante de la suspensi\u00f3n delantera de:<br \/>\nFiat 1500 (1963-1967)<br \/>\nFiat 125 (1968-1974)<br \/>\nFiat 132 (1972-1982)<br \/>\nFiat Argenta (1978-1986)<\/p>\n<p>LA PIEZA ES NUEVA Y ORIGINAL.<\/p>\n","protected":false},"excerpt":{"rendered":"<p>Guardapolvo de la r\u00f3tula del brazo oscilante de la suspensi\u00f3n delantera de: Fiat 1500 (1963-1967) Fiat 125 (1968-1974) Fiat 132 (1972-1982) Fiat Argenta (1978-1986) LA PIEZA ES NUEVA Y ORIGINAL.<\/p>\n","protected":false},"featured_media":56971,"template":"","meta":{"_seopress_robots_primary_cat":"","_seopress_titles_title":"","_seopress_titles_desc":"","_seopress_robots_index":""},"product_cat":[66,71,78,79,20],"product_tag":[],"class_list":{"0":"post-56970","1":"product","2":"type-product","3":"status-publish","4":"has-post-thumbnail","6":"product_cat-recambios-fiat-125","7":"product_cat-recambios-fiat-132","8":"product_cat-recambios-fiat-1500","9":"product_cat-recambios-fiat-argenta","10":"product_cat-recambios-fiat","12":"first","13":"instock","14":"taxable","15":"shipping-taxable","16":"purchasable","17":"product-type-simple"},"_links":{"self":[{"href":"https:\/\/galicianparts.com\/shop\/wp-json\/wp\/v2\/product\/56970"}],"collection":[{"href":"https:\/\/galicianparts.com\/shop\/wp-json\/wp\/v2\/product"}],"about":[{"href":"https:\/\/galicianparts.com\/shop\/wp-json\/wp\/v2\/types\/product"}],"wp:featuredmedia":[{"embeddable":true,"href":"https:\/\/galicianparts.com\/shop\/wp-json\/wp\/v2\/media\/56971"}],"wp:attachment":[{"href":"https:\/\/galicianparts.com\/shop\/wp-json\/wp\/v2\/media?parent=56970"}],"wp:term":[{"taxonomy":"product_cat","embeddable":true,"href":"https:\/\/galicianparts.com\/shop\/wp-json\/wp\/v2\/product_cat?post=56970"},{"taxonomy":"product_tag","embeddable":true,"href":"https:\/\/galicianparts.com\/shop\/wp-json\/wp\/v2\/product_tag?post=56970"}],"curies":[{"name":"wp","href":"https:\/\/api.w.org\/{rel}","templated":true}]}}