{"id":57044,"date":"2022-09-06T18:50:36","date_gmt":"2022-09-06T16:50:36","guid":{"rendered":"https:\/\/galicianparts.com\/shop\/producto\/5501020-junta-colector-admision-fiat-242-ducato-citroen-cx-c25-c35-peugeot-j5-original\/"},"modified":"2022-09-06T19:10:12","modified_gmt":"2022-09-06T17:10:12","slug":"5501020-junta-colector-admision-fiat-242-ducato-citroen-cx-c25-c35-peugeot-j5-original","status":"publish","type":"product","link":"https:\/\/galicianparts.com\/shop\/producto\/5501020-junta-colector-admision-fiat-242-ducato-citroen-cx-c25-c35-peugeot-j5-original\/","title":{"rendered":"5501020 Junta colector admisi\u00f3n Fiat 242 \/Ducato \/Citroen CX \/C25 \/C35 \/Peugeot J5 ORIGINAL"},"content":{"rendered":"<p>75491221 Junta del colector de admisi\u00f3n de:<br \/>\nDi\u00e1metro: 46mm<br \/>\nLargo: 90mm<\/p>\n<p>FIAT 242-Serie Furg\u00f3n<br \/>\n2.2 D, A\u00f1o 10.1975 &#8211; 08.1980, 2175 , 63<br \/>\n2.5 D, A\u00f1o 08.1980 &#8211; 07.1982, 2498 , 71<br \/>\nFIAT Ducato I (280)<br \/>\n2.5 D, A\u00f1o 01.1982 &#8211; 08.1990, 2500 , 75<\/p>\n<p>CITRO\u00cbN CX I Familiar<br \/>\n2.2 D, A\u00f1o 02.1978 &#8211; 08.1985, 2500 , 75<br \/>\n2.5 D Turbo, A\u00f1o 04.1983 &#8211; 08.1985, 2500 , 95<br \/>\nCITRO\u00cbN CX I Hatchback<br \/>\n2.5 D Turbo, A\u00f1o 04.1983 &#8211; 08.1985, 2500 , 95<br \/>\n2.5 D, A\u00f1o 02.1978 &#8211; 06.1982, 2500 , 75<br \/>\nCITRO\u00cbN CX II Hatchback<br \/>\n2.5 D, A\u00f1o 08.1985 &#8211; 12.1992, 2500 , 73<br \/>\n2.5 D Turbo, A\u00f1o 08.1985 &#8211; 12.1986, 2500 , 95<br \/>\n2.5 D Turbo, A\u00f1o 01.1987 &#8211; 12.1992, 2500 , 120<br \/>\nCITRO\u00cbN C25<br \/>\n2.5 D, A\u00f1o 02.1985 &#8211; 07.1994, 2498 , 73<br \/>\n2.5 D, A\u00f1o 11.1981 &#8211; 01.1994, 2498 , 75<br \/>\n2.5 D 4&#215;4, A\u00f1o 11.1983 &#8211; 12.1986, 2498 , 75<br \/>\n2.5 DT, A\u00f1o 08.1991 &#8211; 01.1994, 2498 , 95<br \/>\n2.5 DT 4&#215;4, A\u00f1o 08.1991 &#8211; 01.1994, 2498 , 95<br \/>\nCITRO\u00cbN CX II Familiar<br \/>\n2.5 D, A\u00f1o 05.1986 &#8211; 12.1992, 2500 , 73<br \/>\n2.5 GTi Turbo 2, A\u00f1o 01.1987 &#8211; 12.1992, 2500 , 120<br \/>\n2.5 D Turbo, A\u00f1o 08.1985 &#8211; 12.1986, 2500 , 95<br \/>\nCITRO\u00cbN C35<br \/>\n2.2 D, A\u00f1o 11.1973 &#8211; 01.1980, 2175 , 61<br \/>\n2.5 D, A\u00f1o 02.1980 &#8211; 01.1994, 2498 , 69<\/p>\n<p>PEUGEOT J5 Bus (280)<br \/>\n2.5 D, A\u00f1o 09.1981 &#8211; 09.1990, 2498 , 73<br \/>\n2.5 DT, A\u00f1o 01.1986 &#8211; 08.1990, 2498 , 95<br \/>\nPEUGEOT J5 Furg\u00f3n (280)<br \/>\n2.5 D, A\u00f1o 09.1981 &#8211; 08.1990, 2498 , 73<br \/>\n2.5 DT, A\u00f1o 09.1981 &#8211; 08.1990, 2498 , 95<br \/>\n2.5 DT A las 4 ruedas, A\u00f1o 09.1981 &#8211; 08.1990, 2498 , 95<br \/>\nPEUGEOT J5 (290)<br \/>\n2.5 D, A\u00f1o 10.1990 &#8211; 02.1994, 2500 , 73<br \/>\n2.5 D 4&#215;4, A\u00f1o 10.1990 &#8211; 02.1994, 2500 , 73<br \/>\n2.5 TD, A\u00f1o 10.1990 &#8211; 02.1994, 2500 , 95<br \/>\n2.5 TD 4&#215;4, A\u00f1o 10.1990 &#8211; 02.1994, 2500 , 95<br \/>\nPEUGEOT J5 Cami\u00f3n de plataforma\/Chasis (280)<br \/>\n2.5 D, A\u00f1o 09.1981 &#8211; 09.1990, 2500 , 73<br \/>\n2.5 D 4&#215;4, A\u00f1o 09.1981 &#8211; 08.1990, 2498 , 73<br \/>\n2.5 DT, A\u00f1o 09.1981 &#8211; 08.1990, 2498 , 95<\/p>\n<p>LA PIEZA ES NUEVA Y ORIGINAL.<\/p>\n","protected":false},"excerpt":{"rendered":"<p>75491221 Junta del colector de admisi\u00f3n de: Di\u00e1metro: 46mm Largo: 90mm FIAT 242-Serie Furg\u00f3n 2.2 D, A\u00f1o 10.1975 &#8211; 08.1980, 2175 , 63 2.5 D, A\u00f1o 08.1980 &#8211; 07.1982, 2498 , 71 FIAT Ducato I (280) 2.5 D, A\u00f1o 01.1982 &#8211; 08.1990, 2500 , 75 CITRO\u00cbN CX I Familiar 2.2 D, A\u00f1o 02.1978 &#8211; 08.1985, [&hellip;]<\/p>\n","protected":false},"featured_media":57045,"template":"","meta":{"_seopress_robots_primary_cat":"","_seopress_titles_title":"","_seopress_titles_desc":"","_seopress_robots_index":""},"product_cat":[73,132,133,23,136,88,20,157,24],"product_tag":[],"class_list":{"0":"post-57044","1":"product","2":"type-product","3":"status-publish","4":"has-post-thumbnail","6":"product_cat-recambios-fiat-242","7":"product_cat-recambios-citroen-c25","8":"product_cat-recambios-citroen-c35","9":"product_cat-recambios-citroen","10":"product_cat-recambios-citroen-cx","11":"product_cat-recambios-fiat-ducato","12":"product_cat-recambios-fiat","13":"product_cat-recambios-peugeot-j5","14":"product_cat-recambios-peugeot","16":"first","17":"instock","18":"taxable","19":"shipping-taxable","20":"purchasable","21":"product-type-simple"},"_links":{"self":[{"href":"https:\/\/galicianparts.com\/shop\/wp-json\/wp\/v2\/product\/57044"}],"collection":[{"href":"https:\/\/galicianparts.com\/shop\/wp-json\/wp\/v2\/product"}],"about":[{"href":"https:\/\/galicianparts.com\/shop\/wp-json\/wp\/v2\/types\/product"}],"wp:featuredmedia":[{"embeddable":true,"href":"https:\/\/galicianparts.com\/shop\/wp-json\/wp\/v2\/media\/57045"}],"wp:attachment":[{"href":"https:\/\/galicianparts.com\/shop\/wp-json\/wp\/v2\/media?parent=57044"}],"wp:term":[{"taxonomy":"product_cat","embeddable":true,"href":"https:\/\/galicianparts.com\/shop\/wp-json\/wp\/v2\/product_cat?post=57044"},{"taxonomy":"product_tag","embeddable":true,"href":"https:\/\/galicianparts.com\/shop\/wp-json\/wp\/v2\/product_tag?post=57044"}],"curies":[{"name":"wp","href":"https:\/\/api.w.org\/{rel}","templated":true}]}}