{"id":57076,"date":"2022-09-07T10:32:53","date_gmt":"2022-09-07T08:32:53","guid":{"rendered":"https:\/\/galicianparts.com\/shop\/producto\/4025630-pinon-distribucion-1300-1500-1800-2100-2300-nuevo-original\/"},"modified":"2022-09-07T10:36:56","modified_gmt":"2022-09-07T08:36:56","slug":"4025630-pinon-distribucion-1300-1500-1800-2100-2300-nuevo-original","status":"publish","type":"product","link":"https:\/\/galicianparts.com\/shop\/producto\/4025630-pinon-distribucion-1300-1500-1800-2100-2300-nuevo-original\/","title":{"rendered":"4025630 Pi\u00f1\u00f3n distribuci\u00f3n 1300 \/1500 \/1800 \/2100 \/2300 NUEVO ORIGINAL"},"content":{"rendered":"<p>Engranaje del \u00e1rbol de levas de la cadena de distribuci\u00f3n de:<br \/>\nDi\u00e1metro exterior: 120mm<br \/>\nDientes: 38<\/p>\n<p>FIAT 1300<br \/>\nFIAT 1500<br \/>\nFIAT 1800<br \/>\nFIAT 1800 B<br \/>\nFIAT 2100<br \/>\nFIAT 2300<\/p>\n<p>LA PIEZA ES NUEVA Y ORIGINAL.<\/p>\n","protected":false},"excerpt":{"rendered":"<p>Engranaje del \u00e1rbol de levas de la cadena de distribuci\u00f3n de: Di\u00e1metro exterior: 120mm Dientes: 38 FIAT 1300 FIAT 1500 FIAT 1800 FIAT 1800 B FIAT 2100 FIAT 2300 LA PIEZA ES NUEVA Y ORIGINAL.<\/p>\n","protected":false},"featured_media":57078,"template":"","meta":{"_seopress_robots_primary_cat":"","_seopress_titles_title":"","_seopress_titles_desc":"","_seopress_robots_index":""},"product_cat":[77,78,171,205,172,20],"product_tag":[],"class_list":{"0":"post-57076","1":"product","2":"type-product","3":"status-publish","4":"has-post-thumbnail","6":"product_cat-recambios-fiat-1300","7":"product_cat-recambios-fiat-1500","8":"product_cat-recambios-fiat-1800","9":"product_cat-recambios-fiat-2100","10":"product_cat-recambios-fiat-2300","11":"product_cat-recambios-fiat","13":"first","14":"instock","15":"taxable","16":"shipping-taxable","17":"purchasable","18":"product-type-simple"},"_links":{"self":[{"href":"https:\/\/galicianparts.com\/shop\/wp-json\/wp\/v2\/product\/57076"}],"collection":[{"href":"https:\/\/galicianparts.com\/shop\/wp-json\/wp\/v2\/product"}],"about":[{"href":"https:\/\/galicianparts.com\/shop\/wp-json\/wp\/v2\/types\/product"}],"wp:featuredmedia":[{"embeddable":true,"href":"https:\/\/galicianparts.com\/shop\/wp-json\/wp\/v2\/media\/57078"}],"wp:attachment":[{"href":"https:\/\/galicianparts.com\/shop\/wp-json\/wp\/v2\/media?parent=57076"}],"wp:term":[{"taxonomy":"product_cat","embeddable":true,"href":"https:\/\/galicianparts.com\/shop\/wp-json\/wp\/v2\/product_cat?post=57076"},{"taxonomy":"product_tag","embeddable":true,"href":"https:\/\/galicianparts.com\/shop\/wp-json\/wp\/v2\/product_tag?post=57076"}],"curies":[{"name":"wp","href":"https:\/\/api.w.org\/{rel}","templated":true}]}}