{"id":57096,"date":"2022-09-07T11:12:08","date_gmt":"2022-09-07T09:12:08","guid":{"rendered":"https:\/\/galicianparts.com\/shop\/producto\/4327420-pack-2-grapas-m6-anclaje-cerradura-capo-fiat-131-nuevo-original\/"},"modified":"2025-07-23T19:05:22","modified_gmt":"2025-07-23T17:05:22","slug":"4327420-pack-2-grapas-m6-anclaje-cerradura-capo-fiat-131-nuevo-original","status":"publish","type":"product","link":"https:\/\/galicianparts.com\/shop\/producto\/4327420-pack-2-grapas-m6-anclaje-cerradura-capo-fiat-131-nuevo-original\/","title":{"rendered":"4327420 Pack 2 grapas M6 anclaje cerradura capo Fiat 131 NUEVO ORIGINAL"},"content":{"rendered":"<p>Juego, set de 2 topes de sujeci\u00f3n del cierre de la cerradura del cap\u00f3 de:<br \/>\nM\u00e9trica: 6<\/p>\n<p>FIAT 131<\/p>\n<p>LA PIEZA ES NUEVA Y ORIGINAL.<\/p>\n","protected":false},"excerpt":{"rendered":"<p>Juego, set de 2 topes de sujeci\u00f3n del cierre de la cerradura del cap\u00f3 de: M\u00e9trica: 6 FIAT 131 LA PIEZA ES NUEVA Y ORIGINAL.<\/p>\n","protected":false},"featured_media":57097,"template":"","meta":{"_seopress_robots_primary_cat":"","_seopress_titles_title":"","_seopress_titles_desc":"","_seopress_robots_index":""},"product_cat":[70,20],"product_tag":[],"class_list":{"0":"post-57096","1":"product","2":"type-product","3":"status-publish","4":"has-post-thumbnail","6":"product_cat-recambios-fiat-131","7":"product_cat-recambios-fiat","9":"first","10":"outofstock","11":"taxable","12":"shipping-taxable","13":"purchasable","14":"product-type-simple"},"_links":{"self":[{"href":"https:\/\/galicianparts.com\/shop\/wp-json\/wp\/v2\/product\/57096"}],"collection":[{"href":"https:\/\/galicianparts.com\/shop\/wp-json\/wp\/v2\/product"}],"about":[{"href":"https:\/\/galicianparts.com\/shop\/wp-json\/wp\/v2\/types\/product"}],"wp:featuredmedia":[{"embeddable":true,"href":"https:\/\/galicianparts.com\/shop\/wp-json\/wp\/v2\/media\/57097"}],"wp:attachment":[{"href":"https:\/\/galicianparts.com\/shop\/wp-json\/wp\/v2\/media?parent=57096"}],"wp:term":[{"taxonomy":"product_cat","embeddable":true,"href":"https:\/\/galicianparts.com\/shop\/wp-json\/wp\/v2\/product_cat?post=57096"},{"taxonomy":"product_tag","embeddable":true,"href":"https:\/\/galicianparts.com\/shop\/wp-json\/wp\/v2\/product_tag?post=57096"}],"curies":[{"name":"wp","href":"https:\/\/api.w.org\/{rel}","templated":true}]}}