{"id":57126,"date":"2022-09-07T12:22:04","date_gmt":"2022-09-07T10:22:04","guid":{"rendered":"https:\/\/galicianparts.com\/shop\/producto\/860996-cojinete-central-arbol-de-levas-fiat-1100-1200-nuevo-original\/"},"modified":"2022-09-07T12:24:05","modified_gmt":"2022-09-07T10:24:05","slug":"860996-cojinete-central-arbol-de-levas-fiat-1100-1200-nuevo-original","status":"publish","type":"product","link":"https:\/\/galicianparts.com\/shop\/producto\/860996-cojinete-central-arbol-de-levas-fiat-1100-1200-nuevo-original\/","title":{"rendered":"860996 Cojinete central \u00e1rbol de levas Fiat 1100 \/1200 NUEVO ORIGINAL"},"content":{"rendered":"<p>Casquillo central del \u00e1rbol de levas de:<br \/>\nDi\u00e1metro exterior: 45mm<br \/>\nDi\u00e1metro interior: 39mm<br \/>\nAncho: 15mm<br \/>\nEspesor: 3mm<\/p>\n<p>FIAT 1100<br \/>\nFIAT 1200<\/p>\n<p>LA PIEZA ES NUEVA Y ORIGINAL.<\/p>\n","protected":false},"excerpt":{"rendered":"<p>Casquillo central del \u00e1rbol de levas de: Di\u00e1metro exterior: 45mm Di\u00e1metro interior: 39mm Ancho: 15mm Espesor: 3mm FIAT 1100 FIAT 1200 LA PIEZA ES NUEVA Y ORIGINAL.<\/p>\n","protected":false},"featured_media":57127,"template":"","meta":{"_seopress_robots_primary_cat":"","_seopress_titles_title":"","_seopress_titles_desc":"","_seopress_robots_index":""},"product_cat":[177,228,20],"product_tag":[],"class_list":{"0":"post-57126","1":"product","2":"type-product","3":"status-publish","4":"has-post-thumbnail","6":"product_cat-recambios-fiat-1100","7":"product_cat-recambios-fiat-1200","8":"product_cat-recambios-fiat","10":"first","11":"instock","12":"taxable","13":"shipping-taxable","14":"purchasable","15":"product-type-simple"},"_links":{"self":[{"href":"https:\/\/galicianparts.com\/shop\/wp-json\/wp\/v2\/product\/57126"}],"collection":[{"href":"https:\/\/galicianparts.com\/shop\/wp-json\/wp\/v2\/product"}],"about":[{"href":"https:\/\/galicianparts.com\/shop\/wp-json\/wp\/v2\/types\/product"}],"wp:featuredmedia":[{"embeddable":true,"href":"https:\/\/galicianparts.com\/shop\/wp-json\/wp\/v2\/media\/57127"}],"wp:attachment":[{"href":"https:\/\/galicianparts.com\/shop\/wp-json\/wp\/v2\/media?parent=57126"}],"wp:term":[{"taxonomy":"product_cat","embeddable":true,"href":"https:\/\/galicianparts.com\/shop\/wp-json\/wp\/v2\/product_cat?post=57126"},{"taxonomy":"product_tag","embeddable":true,"href":"https:\/\/galicianparts.com\/shop\/wp-json\/wp\/v2\/product_tag?post=57126"}],"curies":[{"name":"wp","href":"https:\/\/api.w.org\/{rel}","templated":true}]}}