{"id":57173,"date":"2022-09-07T17:02:42","date_gmt":"2022-09-07T15:02:42","guid":{"rendered":"https:\/\/galicianparts.com\/shop\/producto\/4037978-rotula-izquierda-direccion-fiat-600-1964-1981-nueva-original\/"},"modified":"2022-09-07T17:07:32","modified_gmt":"2022-09-07T15:07:32","slug":"4037978-rotula-izquierda-direccion-fiat-600-1964-1981-nueva-original","status":"publish","type":"product","link":"https:\/\/galicianparts.com\/shop\/producto\/4037978-rotula-izquierda-direccion-fiat-600-1964-1981-nueva-original\/","title":{"rendered":"4037978 R\u00f3tula izquierda direcci\u00f3n Fiat 600 (1964-1981) NUEVA ORIGINAL"},"content":{"rendered":"<p>R\u00f3tula izquierda de la cremallera de direcci\u00f3n de:<br \/>\nM\u00e9trica rosca Inversa: 14<br \/>\nM\u00e9trica c\u00f3nico: 10<br \/>\nLargo: 85mm<\/p>\n<p>FIAT 600 D \/ T<\/p>\n<p>LA PIEZA ES NUEVA Y ORIGINAL.<\/p>\n","protected":false},"excerpt":{"rendered":"<p>R\u00f3tula izquierda de la cremallera de direcci\u00f3n de: M\u00e9trica rosca Inversa: 14 M\u00e9trica c\u00f3nico: 10 Largo: 85mm FIAT 600 D \/ T LA PIEZA ES NUEVA Y ORIGINAL.<\/p>\n","protected":false},"featured_media":57174,"template":"","meta":{"_seopress_robots_primary_cat":"","_seopress_titles_title":"","_seopress_titles_desc":"","_seopress_robots_index":""},"product_cat":[75,20],"product_tag":[],"class_list":{"0":"post-57173","1":"product","2":"type-product","3":"status-publish","4":"has-post-thumbnail","6":"product_cat-recambios-fiat-600","7":"product_cat-recambios-fiat","9":"first","10":"instock","11":"taxable","12":"shipping-taxable","13":"purchasable","14":"product-type-simple"},"_links":{"self":[{"href":"https:\/\/galicianparts.com\/shop\/wp-json\/wp\/v2\/product\/57173"}],"collection":[{"href":"https:\/\/galicianparts.com\/shop\/wp-json\/wp\/v2\/product"}],"about":[{"href":"https:\/\/galicianparts.com\/shop\/wp-json\/wp\/v2\/types\/product"}],"wp:featuredmedia":[{"embeddable":true,"href":"https:\/\/galicianparts.com\/shop\/wp-json\/wp\/v2\/media\/57174"}],"wp:attachment":[{"href":"https:\/\/galicianparts.com\/shop\/wp-json\/wp\/v2\/media?parent=57173"}],"wp:term":[{"taxonomy":"product_cat","embeddable":true,"href":"https:\/\/galicianparts.com\/shop\/wp-json\/wp\/v2\/product_cat?post=57173"},{"taxonomy":"product_tag","embeddable":true,"href":"https:\/\/galicianparts.com\/shop\/wp-json\/wp\/v2\/product_tag?post=57173"}],"curies":[{"name":"wp","href":"https:\/\/api.w.org\/{rel}","templated":true}]}}