{"id":57221,"date":"2022-09-08T09:05:49","date_gmt":"2022-09-08T07:05:49","guid":{"rendered":"https:\/\/galicianparts.com\/shop\/producto\/5983862-amortiguador-trasero-izq-lancia-delta-hf-tb-prisma-nuevo-original\/"},"modified":"2025-02-19T20:57:45","modified_gmt":"2025-02-19T18:57:45","slug":"5983862-amortiguador-trasero-izq-lancia-delta-hf-tb-prisma-nuevo-original","status":"publish","type":"product","link":"https:\/\/galicianparts.com\/shop\/producto\/5983862-amortiguador-trasero-izq-lancia-delta-hf-tb-prisma-nuevo-original\/","title":{"rendered":"5983862 Amortiguador trasero izq Lancia Delta HF TB \/Prisma NUEVO ORIGINAL"},"content":{"rendered":"<p>Amortiguador de presi\u00f3n de aceite trasero izquierdo de:<br \/>\nLANCIA Delta I (831)<br \/>\n1.3, A\u00f1o 09.1983 &#8211; 08.1992, 1301 , 79<br \/>\n1.3, A\u00f1o 09.1979 &#8211; 08.1992, 1301 , 75<br \/>\n1.5, A\u00f1o 09.1979 &#8211; 12.1992, 1498 , 86<br \/>\n1.6 GT, A\u00f1o 11.1982 &#8211; 04.1986, 1585 , 105<br \/>\n1.6 HF Turbo, A\u00f1o 10.1983 &#8211; 12.1986, 1585 , 131<br \/>\nLANCIA Prisma (831)<br \/>\n1.3, A\u00f1o 01.1983 &#8211; 12.1989, 1301 , 79<br \/>\n1.5, A\u00f1o 09.1985 &#8211; 02.1992, 1498 , 75<br \/>\n1.5, A\u00f1o 01.1983 &#8211; 04.1986, 1498 , 86<br \/>\n1.6, A\u00f1o 01.1983 &#8211; 04.1986, 1585 , 105<br \/>\n1.9 Di\u00e9sel, A\u00f1o 01.1983 &#8211; 02.1992, 1911 , 65<br \/>\n1.9 Turbodi\u00e9sel, A\u00f1o 05.1985 &#8211; 12.1989, 1928 , 80<\/p>\n<p>LA PIEZA ES NUEVA Y ORIGINAL.<\/p>\n","protected":false},"excerpt":{"rendered":"<p>Amortiguador de presi\u00f3n de aceite trasero izquierdo de: LANCIA Delta I (831) 1.3, A\u00f1o 09.1983 &#8211; 08.1992, 1301 , 79 1.3, A\u00f1o 09.1979 &#8211; 08.1992, 1301 , 75 1.5, A\u00f1o 09.1979 &#8211; 12.1992, 1498 , 86 1.6 GT, A\u00f1o 11.1982 &#8211; 04.1986, 1585 , 105 1.6 HF Turbo, A\u00f1o 10.1983 &#8211; 12.1986, 1585 , 131 [&hellip;]<\/p>\n","protected":false},"featured_media":57225,"template":"","meta":{"_seopress_robots_primary_cat":"","_seopress_titles_title":"","_seopress_titles_desc":"","_seopress_robots_index":""},"product_cat":[118,21,123],"product_tag":[],"class_list":{"0":"post-57221","1":"product","2":"type-product","3":"status-publish","4":"has-post-thumbnail","6":"product_cat-recambios-lancia-delta","7":"product_cat-recambios-lancia","8":"product_cat-recambios-lancia-prisma","10":"first","11":"outofstock","12":"taxable","13":"shipping-taxable","14":"purchasable","15":"product-type-simple"},"_links":{"self":[{"href":"https:\/\/galicianparts.com\/shop\/wp-json\/wp\/v2\/product\/57221"}],"collection":[{"href":"https:\/\/galicianparts.com\/shop\/wp-json\/wp\/v2\/product"}],"about":[{"href":"https:\/\/galicianparts.com\/shop\/wp-json\/wp\/v2\/types\/product"}],"wp:featuredmedia":[{"embeddable":true,"href":"https:\/\/galicianparts.com\/shop\/wp-json\/wp\/v2\/media\/57225"}],"wp:attachment":[{"href":"https:\/\/galicianparts.com\/shop\/wp-json\/wp\/v2\/media?parent=57221"}],"wp:term":[{"taxonomy":"product_cat","embeddable":true,"href":"https:\/\/galicianparts.com\/shop\/wp-json\/wp\/v2\/product_cat?post=57221"},{"taxonomy":"product_tag","embeddable":true,"href":"https:\/\/galicianparts.com\/shop\/wp-json\/wp\/v2\/product_tag?post=57221"}],"curies":[{"name":"wp","href":"https:\/\/api.w.org\/{rel}","templated":true}]}}