{"id":57341,"date":"2022-09-08T11:48:23","date_gmt":"2022-09-08T09:48:23","guid":{"rendered":"https:\/\/galicianparts.com\/shop\/producto\/4115453-pack-2-juntas-goma-bomba-freno-fiat-850-500-600-campagnola-original\/"},"modified":"2026-03-25T13:47:43","modified_gmt":"2026-03-25T11:47:43","slug":"4115453-pack-2-juntas-goma-bomba-freno-fiat-850-500-600-campagnola-original","status":"publish","type":"product","link":"https:\/\/galicianparts.com\/shop\/producto\/4115453-pack-2-juntas-goma-bomba-freno-fiat-850-500-600-campagnola-original\/","title":{"rendered":"4115453 Pack 2 juntas goma bomba freno Fiat 850 \/500 \/600 \/Campagnola ORIGINAL"},"content":{"rendered":"<p>Anillo de goma, junta del cilindro maestro de:<br \/>\nDi\u00e1metro exterior: 25,5mm<br \/>\nDi\u00e1metro interior: 15,5mm<br \/>\nEspesor: 5mm<\/p>\n<p>FIAT 500<br \/>\n0.5, A\u00f1o 01.1957 &#8211; 12.1961, 476 , 15<br \/>\nFIAT 600<br \/>\n0.8, A\u00f1o 10.1960 &#8211; 02.1971, 767 , 23<br \/>\nFIAT 850<br \/>\n0.8, A\u00f1o 07.1964 &#8211; 10.1972, 843 , 34<br \/>\n0.8, A\u00f1o 07.1964 &#8211; 10.1972, 843 , 37<br \/>\n0.8 Special, A\u00f1o 03.1968 &#8211; 10.1972, 843 , 48<br \/>\nFIAT Campagnola<br \/>\n2.4 D, A\u00f1o 06.1974 &#8211; 10.1989, 2445 , 72<\/p>\n<p>LA PIEZA ES NUEVA Y ORIGINAL.<\/p>\n","protected":false},"excerpt":{"rendered":"<p>Anillo de goma, junta del cilindro maestro de: Di\u00e1metro exterior: 25,5mm Di\u00e1metro interior: 15,5mm Espesor: 5mm FIAT 500 0.5, A\u00f1o 01.1957 &#8211; 12.1961, 476 , 15 FIAT 600 0.8, A\u00f1o 10.1960 &#8211; 02.1971, 767 , 23 FIAT 850 0.8, A\u00f1o 07.1964 &#8211; 10.1972, 843 , 34 0.8, A\u00f1o 07.1964 &#8211; 10.1972, 843 , 37 0.8 [&hellip;]<\/p>\n","protected":false},"featured_media":57342,"template":"","meta":{"_seopress_robots_primary_cat":"","_seopress_titles_title":"","_seopress_titles_desc":"","_seopress_robots_index":""},"product_cat":[74,75,76,83,20],"product_tag":[],"class_list":{"0":"post-57341","1":"product","2":"type-product","3":"status-publish","4":"has-post-thumbnail","6":"product_cat-recambios-fiat-500","7":"product_cat-recambios-fiat-600","8":"product_cat-recambios-fiat-850","9":"product_cat-recambios-fiat-campagnola","10":"product_cat-recambios-fiat","12":"first","13":"instock","14":"taxable","15":"shipping-taxable","16":"purchasable","17":"product-type-simple"},"_links":{"self":[{"href":"https:\/\/galicianparts.com\/shop\/wp-json\/wp\/v2\/product\/57341"}],"collection":[{"href":"https:\/\/galicianparts.com\/shop\/wp-json\/wp\/v2\/product"}],"about":[{"href":"https:\/\/galicianparts.com\/shop\/wp-json\/wp\/v2\/types\/product"}],"wp:featuredmedia":[{"embeddable":true,"href":"https:\/\/galicianparts.com\/shop\/wp-json\/wp\/v2\/media\/57342"}],"wp:attachment":[{"href":"https:\/\/galicianparts.com\/shop\/wp-json\/wp\/v2\/media?parent=57341"}],"wp:term":[{"taxonomy":"product_cat","embeddable":true,"href":"https:\/\/galicianparts.com\/shop\/wp-json\/wp\/v2\/product_cat?post=57341"},{"taxonomy":"product_tag","embeddable":true,"href":"https:\/\/galicianparts.com\/shop\/wp-json\/wp\/v2\/product_tag?post=57341"}],"curies":[{"name":"wp","href":"https:\/\/api.w.org\/{rel}","templated":true}]}}