{"id":57357,"date":"2022-09-08T12:33:39","date_gmt":"2022-09-08T10:33:39","guid":{"rendered":"https:\/\/galicianparts.com\/shop\/producto\/4290772-pinon-y-corona-diferencial-conico-8x37-fiat-850-nuevo-original\/"},"modified":"2023-11-20T13:16:04","modified_gmt":"2023-11-20T11:16:04","slug":"4290772-pinon-y-corona-diferencial-conico-8x37-fiat-850-nuevo-original","status":"publish","type":"product","link":"https:\/\/galicianparts.com\/shop\/producto\/4290772-pinon-y-corona-diferencial-conico-8x37-fiat-850-nuevo-original\/","title":{"rendered":"4290772 Pi\u00f1\u00f3n y corona diferencial c\u00f3nico 8&#215;37 Fiat 850 NUEVO ORIGINAL"},"content":{"rendered":"<p>Pi\u00f1\u00f3n y corona del grupo diferencial c\u00f3nico del cambio de:<br \/>\nRelaci\u00f3n: 8&#215;37<\/p>\n<p>FIAT 850<\/p>\n<p>LA PIEZA ES NUEVA Y ORIGINAL.<\/p>\n","protected":false},"excerpt":{"rendered":"<p>Pi\u00f1\u00f3n y corona del grupo diferencial c\u00f3nico del cambio de: Relaci\u00f3n: 8&#215;37 FIAT 850 LA PIEZA ES NUEVA Y ORIGINAL.<\/p>\n","protected":false},"featured_media":57358,"template":"","meta":{"_seopress_robots_primary_cat":"","_seopress_titles_title":"","_seopress_titles_desc":"","_seopress_robots_index":""},"product_cat":[76,20],"product_tag":[],"class_list":{"0":"post-57357","1":"product","2":"type-product","3":"status-publish","4":"has-post-thumbnail","6":"product_cat-recambios-fiat-850","7":"product_cat-recambios-fiat","9":"first","10":"outofstock","11":"taxable","12":"shipping-taxable","13":"purchasable","14":"product-type-simple"},"_links":{"self":[{"href":"https:\/\/galicianparts.com\/shop\/wp-json\/wp\/v2\/product\/57357"}],"collection":[{"href":"https:\/\/galicianparts.com\/shop\/wp-json\/wp\/v2\/product"}],"about":[{"href":"https:\/\/galicianparts.com\/shop\/wp-json\/wp\/v2\/types\/product"}],"wp:featuredmedia":[{"embeddable":true,"href":"https:\/\/galicianparts.com\/shop\/wp-json\/wp\/v2\/media\/57358"}],"wp:attachment":[{"href":"https:\/\/galicianparts.com\/shop\/wp-json\/wp\/v2\/media?parent=57357"}],"wp:term":[{"taxonomy":"product_cat","embeddable":true,"href":"https:\/\/galicianparts.com\/shop\/wp-json\/wp\/v2\/product_cat?post=57357"},{"taxonomy":"product_tag","embeddable":true,"href":"https:\/\/galicianparts.com\/shop\/wp-json\/wp\/v2\/product_tag?post=57357"}],"curies":[{"name":"wp","href":"https:\/\/api.w.org\/{rel}","templated":true}]}}