{"id":57448,"date":"2022-09-09T09:47:17","date_gmt":"2022-09-09T07:47:17","guid":{"rendered":"https:\/\/galicianparts.com\/shop\/producto\/177087180-mandos-regulacion-asiento-der-lancia-thema-1992-1994-nuevo-original\/"},"modified":"2022-09-20T20:17:51","modified_gmt":"2022-09-20T18:17:51","slug":"177087180-mandos-regulacion-asiento-der-lancia-thema-1992-1994-nuevo-original","status":"publish","type":"product","link":"https:\/\/galicianparts.com\/shop\/producto\/177087180-mandos-regulacion-asiento-der-lancia-thema-1992-1994-nuevo-original\/","title":{"rendered":"177087180 Mandos regulaci\u00f3n asiento der. Lancia Thema (1992-1994) NUEVO ORIGINAL"},"content":{"rendered":"<p>Botonera, controles de regulaci\u00f3n del asiento delantero derecho el\u00e9ctrico de:<br \/>\nLANCIA &#8211; SD THEMA 3.0 V6 FL.92 (1992-1994) ASIENTOS DELANT.REGUL.ELECTR.CALENTABLES<br \/>\nLANCIA &#8211; SD THEMA 3.0 V6 FL.92 (1992-1994) ELECTRIC HEATED DRIVER SEAT W\/T MEMORY<br \/>\nLANCIA &#8211; SB THEMA IE. 16V FL.92 (1992-1994) ASIENTOS DELANT.REGUL.ELECTR.CALENTABLES<br \/>\nLANCIA &#8211; SB THEMA IE. 16V FL.92 (1992-1994) ELECTRIC HEATED DRIVER SEAT W\/T MEMORY<br \/>\nLANCIA &#8211; SC THEMA TURBO DS FL.92 (1992-1994) ASIENTOS DELANT.REGUL.ELECTR.CALENTABLES<br \/>\nLANCIA &#8211; SC THEMA TURBO DS FL.92 (1992-1994) ELECTRIC HEATED DRIVER SEAT W\/T MEMORY<\/p>\n<p>LA PIEZA ES NUEVA Y ORIGINAL.<\/p>\n","protected":false},"excerpt":{"rendered":"<p>Botonera, controles de regulaci\u00f3n del asiento delantero derecho el\u00e9ctrico de: LANCIA &#8211; SD THEMA 3.0 V6 FL.92 (1992-1994) ASIENTOS DELANT.REGUL.ELECTR.CALENTABLES LANCIA &#8211; SD THEMA 3.0 V6 FL.92 (1992-1994) ELECTRIC HEATED DRIVER SEAT W\/T MEMORY LANCIA &#8211; SB THEMA IE. 16V FL.92 (1992-1994) ASIENTOS DELANT.REGUL.ELECTR.CALENTABLES LANCIA &#8211; SB THEMA IE. 16V FL.92 (1992-1994) ELECTRIC HEATED DRIVER [&hellip;]<\/p>\n","protected":false},"featured_media":58656,"template":"","meta":{"_seopress_robots_primary_cat":"","_seopress_titles_title":"","_seopress_titles_desc":"","_seopress_robots_index":""},"product_cat":[21,124],"product_tag":[],"class_list":{"0":"post-57448","1":"product","2":"type-product","3":"status-publish","4":"has-post-thumbnail","6":"product_cat-recambios-lancia","7":"product_cat-recambios-lancia-thema","9":"first","10":"outofstock","11":"taxable","12":"shipping-taxable","13":"purchasable","14":"product-type-simple"},"_links":{"self":[{"href":"https:\/\/galicianparts.com\/shop\/wp-json\/wp\/v2\/product\/57448"}],"collection":[{"href":"https:\/\/galicianparts.com\/shop\/wp-json\/wp\/v2\/product"}],"about":[{"href":"https:\/\/galicianparts.com\/shop\/wp-json\/wp\/v2\/types\/product"}],"wp:featuredmedia":[{"embeddable":true,"href":"https:\/\/galicianparts.com\/shop\/wp-json\/wp\/v2\/media\/58656"}],"wp:attachment":[{"href":"https:\/\/galicianparts.com\/shop\/wp-json\/wp\/v2\/media?parent=57448"}],"wp:term":[{"taxonomy":"product_cat","embeddable":true,"href":"https:\/\/galicianparts.com\/shop\/wp-json\/wp\/v2\/product_cat?post=57448"},{"taxonomy":"product_tag","embeddable":true,"href":"https:\/\/galicianparts.com\/shop\/wp-json\/wp\/v2\/product_tag?post=57448"}],"curies":[{"name":"wp","href":"https:\/\/api.w.org\/{rel}","templated":true}]}}