{"id":57908,"date":"2022-09-14T20:27:28","date_gmt":"2022-09-14T18:27:28","guid":{"rendered":"https:\/\/galicianparts.com\/shop\/producto\/20908-faro-antiniebla-trasero-clasico-nuevo-gemo\/"},"modified":"2025-01-08T09:48:59","modified_gmt":"2025-01-08T07:48:59","slug":"20908-faro-antiniebla-trasero-clasico-nuevo-gemo","status":"publish","type":"product","link":"https:\/\/galicianparts.com\/shop\/producto\/20908-faro-antiniebla-trasero-clasico-nuevo-gemo\/","title":{"rendered":"20908 Faro antiniebla trasero cl\u00e1sico NUEVO GEMO"},"content":{"rendered":"<p>Faro antiniebla trasero GEMO universal v\u00e1lido para modelos cl\u00e1sicos.<br \/>\nLargo: 135mm<br \/>\nAlto: 80mm<br \/>\nFondo: 70mm<\/p>\n<p>LA PIEZA ES NUEVA Y ORIGINAL GEMO<\/p>\n","protected":false},"excerpt":{"rendered":"<p>Faro antiniebla trasero GEMO universal v\u00e1lido para modelos cl\u00e1sicos. Largo: 135mm Alto: 80mm Fondo: 70mm LA PIEZA ES NUEVA Y ORIGINAL GEMO<\/p>\n","protected":false},"featured_media":57909,"template":"","meta":{"_seopress_robots_primary_cat":"","_seopress_titles_title":"","_seopress_titles_desc":"","_seopress_robots_index":""},"product_cat":[25,23,20,21,26],"product_tag":[],"class_list":{"0":"post-57908","1":"product","2":"type-product","3":"status-publish","4":"has-post-thumbnail","6":"product_cat-recambios-autobianchi","7":"product_cat-recambios-citroen","8":"product_cat-recambios-fiat","9":"product_cat-recambios-lancia","10":"product_cat-recambios-seat","12":"first","13":"outofstock","14":"taxable","15":"shipping-taxable","16":"purchasable","17":"product-type-simple"},"_links":{"self":[{"href":"https:\/\/galicianparts.com\/shop\/wp-json\/wp\/v2\/product\/57908"}],"collection":[{"href":"https:\/\/galicianparts.com\/shop\/wp-json\/wp\/v2\/product"}],"about":[{"href":"https:\/\/galicianparts.com\/shop\/wp-json\/wp\/v2\/types\/product"}],"wp:featuredmedia":[{"embeddable":true,"href":"https:\/\/galicianparts.com\/shop\/wp-json\/wp\/v2\/media\/57909"}],"wp:attachment":[{"href":"https:\/\/galicianparts.com\/shop\/wp-json\/wp\/v2\/media?parent=57908"}],"wp:term":[{"taxonomy":"product_cat","embeddable":true,"href":"https:\/\/galicianparts.com\/shop\/wp-json\/wp\/v2\/product_cat?post=57908"},{"taxonomy":"product_tag","embeddable":true,"href":"https:\/\/galicianparts.com\/shop\/wp-json\/wp\/v2\/product_tag?post=57908"}],"curies":[{"name":"wp","href":"https:\/\/api.w.org\/{rel}","templated":true}]}}