{"id":58291,"date":"2022-09-19T11:18:20","date_gmt":"2022-09-19T09:18:20","guid":{"rendered":"https:\/\/galicianparts.com\/shop\/producto\/7735330-polea-superior-distribucion-lancia-thema-2-0-tb-16v-1992-1994-nuevo-original\/"},"modified":"2025-12-03T13:26:57","modified_gmt":"2025-12-03T11:26:57","slug":"7735330-polea-superior-distribucion-lancia-thema-2-0-tb-16v-1992-1994-nuevo-original","status":"publish","type":"product","link":"https:\/\/galicianparts.com\/shop\/producto\/7735330-polea-superior-distribucion-lancia-thema-2-0-tb-16v-1992-1994-nuevo-original\/","title":{"rendered":"7735330 Polea superior distribuci\u00f3n Lancia Thema 2.0 TB 16V (1992-1994) NUEVO ORIGINAL"},"content":{"rendered":"<p>Pi\u00f1\u00f3n del \u00e1rbol de levas de la distribuci\u00f3n del motor de:<br \/>\nN\u00ba Dientes: 50<br \/>\nDi\u00e1metro: 125,5 mm<br \/>\nAncho: 27 mm<\/p>\n<p>LANCIA &#8211; SB THEMA IE. 16V FL.92 (1992-1994) 2000 TB.<\/p>\n<p>LA PIEZA ES NUEVA Y ORIGINAL.<\/p>\n","protected":false},"excerpt":{"rendered":"<p>Pi\u00f1\u00f3n del \u00e1rbol de levas de la distribuci\u00f3n del motor de: N\u00ba Dientes: 50 Di\u00e1metro: 125,5 mm Ancho: 27 mm LANCIA &#8211; SB THEMA IE. 16V FL.92 (1992-1994) 2000 TB. LA PIEZA ES NUEVA Y ORIGINAL.<\/p>\n","protected":false},"featured_media":58292,"template":"","meta":{"_seopress_robots_primary_cat":"","_seopress_titles_title":"","_seopress_titles_desc":"","_seopress_robots_index":""},"product_cat":[21,124],"product_tag":[],"class_list":{"0":"post-58291","1":"product","2":"type-product","3":"status-publish","4":"has-post-thumbnail","6":"product_cat-recambios-lancia","7":"product_cat-recambios-lancia-thema","9":"first","10":"outofstock","11":"taxable","12":"shipping-taxable","13":"purchasable","14":"product-type-simple"},"_links":{"self":[{"href":"https:\/\/galicianparts.com\/shop\/wp-json\/wp\/v2\/product\/58291"}],"collection":[{"href":"https:\/\/galicianparts.com\/shop\/wp-json\/wp\/v2\/product"}],"about":[{"href":"https:\/\/galicianparts.com\/shop\/wp-json\/wp\/v2\/types\/product"}],"wp:featuredmedia":[{"embeddable":true,"href":"https:\/\/galicianparts.com\/shop\/wp-json\/wp\/v2\/media\/58292"}],"wp:attachment":[{"href":"https:\/\/galicianparts.com\/shop\/wp-json\/wp\/v2\/media?parent=58291"}],"wp:term":[{"taxonomy":"product_cat","embeddable":true,"href":"https:\/\/galicianparts.com\/shop\/wp-json\/wp\/v2\/product_cat?post=58291"},{"taxonomy":"product_tag","embeddable":true,"href":"https:\/\/galicianparts.com\/shop\/wp-json\/wp\/v2\/product_tag?post=58291"}],"curies":[{"name":"wp","href":"https:\/\/api.w.org\/{rel}","templated":true}]}}