{"id":58319,"date":"2022-09-19T12:35:42","date_gmt":"2022-09-19T10:35:42","guid":{"rendered":"https:\/\/galicianparts.com\/shop\/producto\/6pk1145-correa-auxiliar-fiat-ducato-98-02-stilo-seat-citroen-peugeot-dayco\/"},"modified":"2022-09-19T12:39:30","modified_gmt":"2022-09-19T10:39:30","slug":"6pk1145-correa-auxiliar-fiat-ducato-98-02-stilo-seat-citroen-peugeot-dayco","status":"publish","type":"product","link":"https:\/\/galicianparts.com\/shop\/producto\/6pk1145-correa-auxiliar-fiat-ducato-98-02-stilo-seat-citroen-peugeot-dayco\/","title":{"rendered":"6PK1145 Correa auxiliar Fiat Ducato (98-02) Stilo \/Seat \/Citro\u00ebn \/Peugeot DAYCO"},"content":{"rendered":"<p>Correa de instrumentos de:<br \/>\nLongitud: 20 mm<br \/>\nAncho: 1145 mm<br \/>\nN\u00ba Nervaturas: 6<\/p>\n<p>CITRO\u00cbN Jumper I Bus (230)<br \/>\n1.9 D, A\u00f1o 01.1999 &#8211; 04.2002, 1905 , 69<br \/>\n1.9 TD, A\u00f1o 08.1994 &#8211; 04.2002, 1905 , 90<br \/>\n1.9 TD, A\u00f1o 02.1994 &#8211; 04.2002, 1905 , 92<br \/>\n1.9 TD 4&#215;4, A\u00f1o 08.1996 &#8211; 04.2002, 1905 , 92<br \/>\nCITRO\u00cbN Jumper I Furg\u00f3n (230)<br \/>\n1.9 D, A\u00f1o 07.1999 &#8211; 04.2002, 1905 , 68<br \/>\n1.9 D, A\u00f1o 02.1994 &#8211; 04.2002, 1905 , 69<br \/>\n1.9 TD, A\u00f1o 03.1994 &#8211; 04.2002, 1905 , 90<br \/>\n1.9 TD, A\u00f1o 03.1994 &#8211; 04.2002, 1905 , 92<br \/>\nCITRO\u00cbN ZX Hatchback (N2)<br \/>\n1.8 D, A\u00f1o 06.1993 &#8211; 06.1997, 1769 , 60<br \/>\n1.9 D, A\u00f1o 03.1991 &#8211; 06.1997, 1905 , 64<br \/>\n1.9 D, A\u00f1o 07.1993 &#8211; 06.1997, 1905 , 68<br \/>\n1.9 DT, A\u00f1o 07.1994 &#8211; 10.1997, 1905 , 88<br \/>\n1.9 DT, A\u00f1o 06.1992 &#8211; 06.1994, 1905 , 92<br \/>\n1.9 TD, A\u00f1o 07.1992 &#8211; 06.1997, 1905 , 90<\/p>\n<p>FIAT Ducato II Furg\u00f3n (230L)<br \/>\n1.9 D, A\u00f1o 04.1998 &#8211; 04.2002, 1905 , 68<br \/>\n1.9 TD, A\u00f1o 05.1998 &#8211; 11.2001, 1905 , 80<br \/>\n1.9 TD, A\u00f1o 04.1998 &#8211; 04.2002, 1905 , 90<br \/>\nFIAT Stilo Hatchback (192)<br \/>\n2.4 20V, A\u00f1o 10.2001 &#8211; 11.2006, 2446 , 170<\/p>\n<p>PEUGEOT 306<br \/>\n1.8 D, A\u00f1o 05.1993 &#8211; 05.2001, 1769 , 58<br \/>\n1.9 D, A\u00f1o 05.1993 &#8211; 05.2001, 1905 , 64<br \/>\n1.9 D, A\u00f1o 06.1994 &#8211; 05.2001, 1905 , 68<br \/>\n1.9 DT, A\u00f1o 05.1993 &#8211; 05.2001, 1905 , 90<br \/>\nPEUGEOT 306 Furg\u00f3n \/ Familiar<br \/>\n1.9 STD, A\u00f1o 02.1994 &#8211; 05.1999, 1905 , 69<br \/>\nPEUGEOT 405 II Berlina (4B)<br \/>\n1.9 D, A\u00f1o 08.1992 &#8211; 10.1995, 1905 , 64<br \/>\n1.9 D, A\u00f1o 06.1994 &#8211; 10.1995, 1905 , 68<br \/>\n1.9 D, A\u00f1o 08.1992 &#8211; 08.1994, 1905 , 69<br \/>\n1.9 D, A\u00f1o 08.1997 &#8211; 11.1999, 1905 , 71<br \/>\n1.9 TD, A\u00f1o 08.1992 &#8211; 10.1995, 1905 , 90<br \/>\n1.9 TD, A\u00f1o 08.1992 &#8211; 05.1997, 1905 , 94<br \/>\nPEUGEOT Boxer (230)<br \/>\n1.9 D, A\u00f1o 07.1999 &#8211; 04.2002, 1905 , 68<br \/>\n1.9 D, A\u00f1o 03.1994 &#8211; 04.2002, 1905 , 69<br \/>\n1.9 DT 4&#215;4, A\u00f1o 03.1996 &#8211; 09.1998, 1905 , 90<br \/>\n1.9 TD, A\u00f1o 07.1999 &#8211; 04.2002, 1905 , 90<br \/>\n1.9 TD, A\u00f1o 03.1994 &#8211; 04.2002, 1905 , 92<br \/>\nPEUGEOT 307 Hatchback (3A\/C)<br \/>\n1.4, A\u00f1o 08.2000 &#8211; 09.2003, 1360 , 75<br \/>\n1.4 16V, A\u00f1o 11.2003 &#8211; 07.2007, 1360 , 88<br \/>\n1.6 16V, A\u00f1o 08.2000 &#8211; 11.2007, 1587 , 109<\/p>\n<p>SEAT C\u00f3rdoba I Berlina (6K1, 6K2)<br \/>\n1.9 D, A\u00f1o 01.1996 &#8211; 08.1996, 1896 , 64<br \/>\n1.9 D, A\u00f1o 02.1993 &#8211; 08.1996, 1896 , 68<br \/>\n1.9 SDI, A\u00f1o 08.1996 &#8211; 06.1999, 1896 , 64<br \/>\n1.9 SDI, A\u00f1o 06.1999 &#8211; 10.2002, 1896 , 68<br \/>\n1.9 TD, A\u00f1o 02.1993 &#8211; 08.1996, 1896 , 75<br \/>\n1.9 TDI, A\u00f1o 08.1996 &#8211; 10.2002, 1896 , 90<br \/>\n1.9 TDI, A\u00f1o 03.1997 &#8211; 10.2002, 1896 , 110<br \/>\nSEAT Toledo I Hatchback (1L)<br \/>\n1.9 D, A\u00f1o 12.1995 &#8211; 03.1999, 1896 , 64<br \/>\n1.9 D, A\u00f1o 05.1991 &#8211; 03.1999, 1896 , 68<br \/>\n1.9 TD, A\u00f1o 05.1991 &#8211; 03.1999, 1896 , 75<br \/>\n1.9 TDI, A\u00f1o 08.1995 &#8211; 03.1999, 1896 , 90<br \/>\n1.9 TDI, A\u00f1o 11.1996 &#8211; 03.1999, 1896 , 110<br \/>\nSEAT Ibiza II (6K1)<br \/>\n1.9 D, A\u00f1o 04.1993 &#8211; 08.1996, 1896 , 64<br \/>\n1.9 SDI, A\u00f1o 08.1996 &#8211; 08.1999, 1896 , 64<br \/>\n1.9 SDI, A\u00f1o 08.1999 &#8211; 02.2002, 1896 , 68<br \/>\n1.9 TD, A\u00f1o 03.1993 &#8211; 08.1996, 1896 , 75<br \/>\n1.9 TDI, A\u00f1o 08.1996 &#8211; 02.2002, 1896 , 90<br \/>\n1.9 TDI, A\u00f1o 02.1997 &#8211; 02.2002, 1896 , 110<br \/>\nSEAT Inca (6K9)<br \/>\n1.7 D, A\u00f1o 09.1996 &#8211; 06.2003, 1716 , 57<br \/>\n1.9 D, A\u00f1o 11.1995 &#8211; 06.2003, 1896 , 64<br \/>\n1.9 SDI, A\u00f1o 11.1995 &#8211; 06.2003, 1896 , 64<br \/>\nSEAT Alhambra I (7V8, 7V9)<br \/>\n1.9 TDI, A\u00f1o 04.1996 &#8211; 03.2010, 1896 , 90<br \/>\n1.9 TDI, A\u00f1o 08.1996 &#8211; 06.2000, 1896 , 110<\/p>\n<p>LA PIEZA ES NUEVA DAYCO.<\/p>\n","protected":false},"excerpt":{"rendered":"<p>Correa de instrumentos de: Longitud: 20 mm Ancho: 1145 mm N\u00ba Nervaturas: 6 CITRO\u00cbN Jumper I Bus (230) 1.9 D, A\u00f1o 01.1999 &#8211; 04.2002, 1905 , 69 1.9 TD, A\u00f1o 08.1994 &#8211; 04.2002, 1905 , 90 1.9 TD, A\u00f1o 02.1994 &#8211; 04.2002, 1905 , 92 1.9 TD 4&#215;4, A\u00f1o 08.1996 &#8211; 04.2002, 1905 , 92 [&hellip;]<\/p>\n","protected":false},"featured_media":58322,"template":"","meta":{"_seopress_robots_primary_cat":"","_seopress_titles_title":"","_seopress_titles_desc":"","_seopress_robots_index":""},"product_cat":[147,148,150,350,155,23,210,88,20,162,211,137,24,26,108,166,144],"product_tag":[],"class_list":{"0":"post-58319","1":"product","2":"type-product","3":"status-publish","4":"has-post-thumbnail","6":"product_cat-recambios-peugeot-306","7":"product_cat-recambios-peugeot-307","8":"product_cat-recambios-peugeot-405","9":"product_cat-recambios-seat-alhambra","10":"product_cat-recambios-peugeot-boxer","11":"product_cat-recambios-citroen","12":"product_cat-recambios-seat-cordoba","13":"product_cat-recambios-fiat-ducato","14":"product_cat-recambios-fiat","15":"product_cat-recambios-seat-ibiza","16":"product_cat-recambios-seat-inca","17":"product_cat-recambios-citroen-jumper","18":"product_cat-recambios-peugeot","19":"product_cat-recambios-seat","20":"product_cat-recambios-fiat-stilo","21":"product_cat-recambios-seat-toledo","22":"product_cat-recambios-citroen-zx","24":"first","25":"instock","26":"taxable","27":"shipping-taxable","28":"purchasable","29":"product-type-simple"},"_links":{"self":[{"href":"https:\/\/galicianparts.com\/shop\/wp-json\/wp\/v2\/product\/58319"}],"collection":[{"href":"https:\/\/galicianparts.com\/shop\/wp-json\/wp\/v2\/product"}],"about":[{"href":"https:\/\/galicianparts.com\/shop\/wp-json\/wp\/v2\/types\/product"}],"wp:featuredmedia":[{"embeddable":true,"href":"https:\/\/galicianparts.com\/shop\/wp-json\/wp\/v2\/media\/58322"}],"wp:attachment":[{"href":"https:\/\/galicianparts.com\/shop\/wp-json\/wp\/v2\/media?parent=58319"}],"wp:term":[{"taxonomy":"product_cat","embeddable":true,"href":"https:\/\/galicianparts.com\/shop\/wp-json\/wp\/v2\/product_cat?post=58319"},{"taxonomy":"product_tag","embeddable":true,"href":"https:\/\/galicianparts.com\/shop\/wp-json\/wp\/v2\/product_tag?post=58319"}],"curies":[{"name":"wp","href":"https:\/\/api.w.org\/{rel}","templated":true}]}}