{"id":58388,"date":"2022-09-19T18:39:25","date_gmt":"2022-09-19T16:39:25","guid":{"rendered":"https:\/\/galicianparts.com\/shop\/producto\/82391582-ventilador-radiador-lancioa-delta-i-prisma-fiat-ritmo-regata-nuevo-original\/"},"modified":"2022-11-03T11:58:19","modified_gmt":"2022-11-03T09:58:19","slug":"82391582-ventilador-radiador-lancioa-delta-i-prisma-fiat-ritmo-regata-nuevo-original","status":"publish","type":"product","link":"https:\/\/galicianparts.com\/shop\/producto\/82391582-ventilador-radiador-lancioa-delta-i-prisma-fiat-ritmo-regata-nuevo-original\/","title":{"rendered":"82391582 Ventilador radiador Lancia Delta I \/Prisma \/Fiat Ritmo \/Regata NUEVO ORIGINAL"},"content":{"rendered":"<p>Electroventilador del radiador de refrigeraci\u00f3n del motor de:<br \/>\nLANCIA Delta I (831) (A\u00f1o 09.1979 &#8211; 01.1994)<br \/>\n1.3, A\u00f1o 09.1983 &#8211; 08.1992, 1301 , 79<br \/>\n1.3, A\u00f1o 09.1979 &#8211; 08.1992, 1301 , 75<br \/>\n1.5, A\u00f1o 09.1979 &#8211; 12.1992, 1498 , 86<br \/>\nLANCIA Prisma (831) (A\u00f1o 01.1983 &#8211; 02.1992)<br \/>\n1.3, A\u00f1o 01.1983 &#8211; 12.1989, 1301 , 79<br \/>\n1.5, A\u00f1o 09.1985 &#8211; 02.1992, 1498 , 75<br \/>\n1.5, A\u00f1o 08.1986 &#8211; 02.1992, 1498 , 80<br \/>\n1.5, A\u00f1o 01.1983 &#8211; 04.1986, 1498 , 86<br \/>\n1.6, A\u00f1o 08.1986 &#8211; 02.1992, 1585 , 99<br \/>\n1.6, A\u00f1o 01.1983 &#8211; 04.1986, 1585 , 105<br \/>\n1.6 i.e., A\u00f1o 05.1986 &#8211; 12.1989, 1585 , 108<br \/>\n1.6 i.e. Super, A\u00f1o 05.1987 &#8211; 12.1989, 1585 , 90<br \/>\nFIAT RITMO DIESEL<br \/>\nFIAT REGATA DIESEL<\/p>\n<p>LA PIEZA ES NUEVA Y ORIGINAL GATE<\/p>\n","protected":false},"excerpt":{"rendered":"<p>Electroventilador del radiador de refrigeraci\u00f3n del motor de: LANCIA Delta I (831) (A\u00f1o 09.1979 &#8211; 01.1994) 1.3, A\u00f1o 09.1983 &#8211; 08.1992, 1301 , 79 1.3, A\u00f1o 09.1979 &#8211; 08.1992, 1301 , 75 1.5, A\u00f1o 09.1979 &#8211; 12.1992, 1498 , 86 LANCIA Prisma (831) (A\u00f1o 01.1983 &#8211; 02.1992) 1.3, A\u00f1o 01.1983 &#8211; 12.1989, 1301 , 79 [&hellip;]<\/p>\n","protected":false},"featured_media":58389,"template":"","meta":{"_seopress_robots_primary_cat":"","_seopress_titles_title":"","_seopress_titles_desc":"","_seopress_robots_index":""},"product_cat":[118,20,21,123,102,103],"product_tag":[],"class_list":{"0":"post-58388","1":"product","2":"type-product","3":"status-publish","4":"has-post-thumbnail","6":"product_cat-recambios-lancia-delta","7":"product_cat-recambios-fiat","8":"product_cat-recambios-lancia","9":"product_cat-recambios-lancia-prisma","10":"product_cat-recambios-fiat-regata","11":"product_cat-recambios-fiat-ritmo","13":"first","14":"instock","15":"taxable","16":"shipping-taxable","17":"purchasable","18":"product-type-simple"},"_links":{"self":[{"href":"https:\/\/galicianparts.com\/shop\/wp-json\/wp\/v2\/product\/58388"}],"collection":[{"href":"https:\/\/galicianparts.com\/shop\/wp-json\/wp\/v2\/product"}],"about":[{"href":"https:\/\/galicianparts.com\/shop\/wp-json\/wp\/v2\/types\/product"}],"wp:featuredmedia":[{"embeddable":true,"href":"https:\/\/galicianparts.com\/shop\/wp-json\/wp\/v2\/media\/58389"}],"wp:attachment":[{"href":"https:\/\/galicianparts.com\/shop\/wp-json\/wp\/v2\/media?parent=58388"}],"wp:term":[{"taxonomy":"product_cat","embeddable":true,"href":"https:\/\/galicianparts.com\/shop\/wp-json\/wp\/v2\/product_cat?post=58388"},{"taxonomy":"product_tag","embeddable":true,"href":"https:\/\/galicianparts.com\/shop\/wp-json\/wp\/v2\/product_tag?post=58388"}],"curies":[{"name":"wp","href":"https:\/\/api.w.org\/{rel}","templated":true}]}}