{"id":58726,"date":"2022-09-21T10:43:44","date_gmt":"2022-09-21T08:43:44","guid":{"rendered":"https:\/\/galicianparts.com\/shop\/producto\/82451026-tubo-inferior-deposito-direccion-lancia-delta-evo-integrale-nuevo-original-saiag\/"},"modified":"2023-04-10T10:36:15","modified_gmt":"2023-04-10T08:36:15","slug":"82451026-tubo-inferior-deposito-direccion-lancia-delta-evo-integrale-nuevo-original-saiag","status":"publish","type":"product","link":"https:\/\/galicianparts.com\/shop\/producto\/82451026-tubo-inferior-deposito-direccion-lancia-delta-evo-integrale-nuevo-original-saiag\/","title":{"rendered":"82451026 Tubo inferior dep\u00f3sito direcci\u00f3n Lancia Delta Evo \/Integrale NUEVO ORIGINAL SAIAG"},"content":{"rendered":"<p>Manguito del dep\u00f3sito del l\u00edquido de direcci\u00f3n a la bomba de servodirecci\u00f3n de:<br \/>\nLANCIA &#8211; RT DELTA 4WD (1986-1991) 2000 8V USA 83 \/ 2000 16V<br \/>\nLANCIA &#8211; SA DELTA EVOLUZIONE (1991-1994)<\/p>\n<p>LA PIEZA ES NUEVA Y ORIGINAL SAIAG.<\/p>\n","protected":false},"excerpt":{"rendered":"<p>Manguito del dep\u00f3sito del l\u00edquido de direcci\u00f3n a la bomba de servodirecci\u00f3n de: LANCIA &#8211; RT DELTA 4WD (1986-1991) 2000 8V USA 83 \/ 2000 16V LANCIA &#8211; SA DELTA EVOLUZIONE (1991-1994) LA PIEZA ES NUEVA Y ORIGINAL SAIAG.<\/p>\n","protected":false},"featured_media":58731,"template":"","meta":{"_seopress_robots_primary_cat":"","_seopress_titles_title":"","_seopress_titles_desc":"","_seopress_robots_index":""},"product_cat":[118,21],"product_tag":[],"class_list":{"0":"post-58726","1":"product","2":"type-product","3":"status-publish","4":"has-post-thumbnail","6":"product_cat-recambios-lancia-delta","7":"product_cat-recambios-lancia","9":"first","10":"outofstock","11":"taxable","12":"shipping-taxable","13":"purchasable","14":"product-type-simple"},"_links":{"self":[{"href":"https:\/\/galicianparts.com\/shop\/wp-json\/wp\/v2\/product\/58726"}],"collection":[{"href":"https:\/\/galicianparts.com\/shop\/wp-json\/wp\/v2\/product"}],"about":[{"href":"https:\/\/galicianparts.com\/shop\/wp-json\/wp\/v2\/types\/product"}],"wp:featuredmedia":[{"embeddable":true,"href":"https:\/\/galicianparts.com\/shop\/wp-json\/wp\/v2\/media\/58731"}],"wp:attachment":[{"href":"https:\/\/galicianparts.com\/shop\/wp-json\/wp\/v2\/media?parent=58726"}],"wp:term":[{"taxonomy":"product_cat","embeddable":true,"href":"https:\/\/galicianparts.com\/shop\/wp-json\/wp\/v2\/product_cat?post=58726"},{"taxonomy":"product_tag","embeddable":true,"href":"https:\/\/galicianparts.com\/shop\/wp-json\/wp\/v2\/product_tag?post=58726"}],"curies":[{"name":"wp","href":"https:\/\/api.w.org\/{rel}","templated":true}]}}