{"id":58878,"date":"2022-09-21T18:38:00","date_gmt":"2022-09-21T16:38:00","guid":{"rendered":"https:\/\/galicianparts.com\/shop\/producto\/99474279-cojinete-biela-m-2-5-2-8-d-td-fiat-lancia-alfa-citroen-peugeot-seat-original\/"},"modified":"2022-09-22T10:30:41","modified_gmt":"2022-09-22T08:30:41","slug":"99474279-cojinete-biela-m-2-5-2-8-d-td-fiat-lancia-alfa-citroen-peugeot-seat-original","status":"publish","type":"product","link":"https:\/\/galicianparts.com\/shop\/producto\/99474279-cojinete-biela-m-2-5-2-8-d-td-fiat-lancia-alfa-citroen-peugeot-seat-original\/","title":{"rendered":"99474279 Cojinete biela M 2.5-2.8 D\/TD Fiat \/Lancia \/Alfa \/Citro\u00ebn \/Peugeot \/Seat ORIGINAL"},"content":{"rendered":"<p>Casquillo de biela est\u00e1ndar (0,0) de:<\/p>\n<p>ALFA ROMEO AR6 Furg\u00f3n (280)<br \/>\n2.4 TD, A\u00f1o 09.1986 &#8211; 12.1989, 2445 , 92<br \/>\n2.5 D, A\u00f1o 03.1986 &#8211; 12.1989, 2499 , 75<br \/>\nALFA ROMEO AR8 (280)<br \/>\n2.4 D, A\u00f1o 04.1978 &#8211; 08.1986, 2445 , 72<br \/>\n2.4 TD, A\u00f1o 04.1985 &#8211; 12.1988, 2445 , 92<br \/>\n2.5 D, A\u00f1o 09.1986 &#8211; 12.1989, 2499 , 75<\/p>\n<p>CITRO\u00cbN Jumper I (230)<br \/>\n2.8 D, A\u00f1o 01.1999 &#8211; 02.2002, 2798 , 87<br \/>\n2.8 HDi, A\u00f1o 09.2000 &#8211; 04.2002, 2798 , 128<br \/>\n2.8 HDi 4&#215;4, A\u00f1o 09.2000 &#8211; 04.2002, 2798 , 128<br \/>\nCITRO\u00cbN Jumper I (244)<br \/>\n2.8 HDi, A\u00f1o 04.2002 &#8211; &#8230;, 2798 , 128<br \/>\n2.8 HDi, A\u00f1o 05.2004 &#8211; &#8230;, 2798 , 146<br \/>\n2.8 HDi 4&#215;4, A\u00f1o 04.2002 &#8211; &#8230;, 2798 , 128<\/p>\n<p>FIAT 131 (131)<br \/>\n2.5 D, A\u00f1o 06.1978 &#8211; 02.1984, 2445 , 72<br \/>\nFIAT Croma I Hatchback (154)<br \/>\n2.5 D, A\u00f1o 12.1985 &#8211; 12.1989, 2499 , 75<br \/>\n2.5 TD, A\u00f1o 12.1985 &#8211; 08.1989, 2445 , 101<br \/>\n2.5 TD, A\u00f1o 05.1989 &#8211; 08.1996, 2500 , 115<br \/>\n2.5 TDE, A\u00f1o 12.1991 &#8211; 08.1996, 2500 , 105<br \/>\nFIAT Ducato II (230L)<br \/>\n2.5 D, A\u00f1o 03.1994 &#8211; 04.2002, 2500 , 84<br \/>\n2.5 D 4&#215;4, A\u00f1o 03.1994 &#8211; 04.2002, 2500 , 84<br \/>\n2.5 TD, A\u00f1o 06.1994 &#8211; 08.1998, 2499 , 109<br \/>\n2.5 TD 4&#215;4, A\u00f1o 11.1994 &#8211; 04.1998, 2499 , 109<br \/>\n2.5 TD 4&#215;4, A\u00f1o 11.1994 &#8211; 04.1998, 2499 , 116<br \/>\n2.5 TDI, A\u00f1o 03.1994 &#8211; 04.2002, 2500 , 109<br \/>\n2.5 TDI, A\u00f1o 03.1994 &#8211; 04.2002, 2500 , 116<br \/>\n2.5 TDI 4&#215;4, A\u00f1o 05.1998 &#8211; 04.2002, 2500 , 116<br \/>\n2.8 D, A\u00f1o 05.1998 &#8211; 04.2002, 2800 , 87<br \/>\n2.8 D 4&#215;4, A\u00f1o 08.1998 &#8211; 04.2002, 2800 , 87<br \/>\n2.8 JTD, A\u00f1o 11.2000 &#8211; 04.2002, 2798 , 128<br \/>\n2.8 JTD 4&#215;4, A\u00f1o 11.2000 &#8211; 04.2002, 2798 , 128<br \/>\n2.8 TD 4&#215;4, A\u00f1o 05.1998 &#8211; 09.2001, 2799 , 122<br \/>\n2.8 TDI, A\u00f1o 10.1997 &#8211; 04.2002, 2800 , 122<br \/>\n2.8 TDI 4&#215;4, A\u00f1o 06.1999 &#8211; 04.2002, 2800 , 122<br \/>\nFIAT Argenta (132)<br \/>\n2.5 Di\u00e9sel, A\u00f1o 06.1981 &#8211; 11.1985, 2445 , 72<br \/>\nFIAT Ducato I (290)<br \/>\n2.5 D, A\u00f1o 06.1990 &#8211; 05.1994, 2499 , 75<br \/>\n2.5 D 4&#215;4, A\u00f1o 07.1990 &#8211; 03.1994, 2500 , 75<br \/>\n2.5 TD, A\u00f1o 07.1990 &#8211; 03.1994, 2500 , 95<br \/>\n2.5 TD 4&#215;4, A\u00f1o 07.1990 &#8211; 03.1994, 2500 , 95<br \/>\nFIAT Ducato I (280)<br \/>\n2.4 D, A\u00f1o 01.1982 &#8211; 08.1990, 2428 , 72<br \/>\n2.5 D, A\u00f1o 01.1982 &#8211; 08.1990, 2500 , 75<br \/>\n2.5 D, A\u00f1o 09.1986 &#8211; 05.1990, 2445 , 75<br \/>\n2.5 D 4&#215;4, A\u00f1o 09.1986 &#8211; 10.1987, 2445 , 72<br \/>\n2.5 D 4&#215;4, A\u00f1o 03.1989 &#8211; 08.1990, 2500 , 75<br \/>\n2.5 D 4&#215;4, A\u00f1o 09.1986 &#8211; 05.1990, 2445 , 75<br \/>\n2.5 TD, A\u00f1o 09.1986 &#8211; 05.1990, 2499 , 92<br \/>\n2.5 TD 4&#215;4, A\u00f1o 09.1986 &#8211; 09.1990, 2445 , 92<br \/>\n2.5 TD 4&#215;4, A\u00f1o 09.1986 &#8211; 05.1990, 2499 , 95<br \/>\nFIAT 132 (132_)<br \/>\n2.5 D, A\u00f1o 07.1978 &#8211; 07.1982, 2445 , 72<br \/>\nFIAT Campagnola<br \/>\n2.4 D, A\u00f1o 06.1974 &#8211; 10.1989, 2445 , 72<br \/>\nFIAT Ducato II (244)<br \/>\n2.8 JTD, A\u00f1o 04.2002 &#8211; &#8230;, 2798 , 128<br \/>\n2.8 JTD, A\u00f1o 04.2004 &#8211; 07.2006, 2800 , 145<br \/>\n2.8 JTD 4&#215;4, A\u00f1o 07.2002 &#8211; &#8230;, 2798 , 128<br \/>\n2.8 TD, A\u00f1o 11.2003 &#8211; 07.2006, 2799 , 122<br \/>\n2.8 TD 4&#215;4, A\u00f1o 11.2003 &#8211; 07.2006, 2799 , 122<br \/>\nFIAT Ducato II Cami\u00f3n de plataforma\/Chasis (244)<br \/>\n2.8 JTD, A\u00f1o 11.2003 &#8211; 07.2006, 2799 , 122<br \/>\n2.8 JTD, A\u00f1o 04.2002 &#8211; 07.2006, 2798 , 128<br \/>\n2.8 JTD 4&#215;4, A\u00f1o 11.2003 &#8211; 07.2006, 2799 , 122<br \/>\n2.8 JTD 4&#215;4, A\u00f1o 10.2002 &#8211; 07.2006, 2798 , 128<br \/>\n2.8 JTD Power, A\u00f1o 05.2004 &#8211; 07.2006, 2800 , 146<\/p>\n<p>LANCIA Thema Berlina (834)<br \/>\n2.4 2500 Turbo D, A\u00f1o 11.1984 &#8211; 09.1988, 2445 , 101<br \/>\n2.5 Turbo DS, A\u00f1o 06.1988 &#8211; 05.1992, 2499 , 115<br \/>\n2.5 Turbo DS, A\u00f1o 05.1988 &#8211; 07.1992, 2500 , 105<br \/>\n2.5 Turbo DS, A\u00f1o 05.1992 &#8211; 07.1994, 2500 , 116<\/p>\n<p>PEUGEOT Boxer (230)<br \/>\n2.8 D, A\u00f1o 01.1999 &#8211; 02.2002, 2798 , 87<br \/>\n2.8 HDi, A\u00f1o 10.2000 &#8211; 11.2001, 2798 , 126<br \/>\n2.8 HDI, A\u00f1o 11.2000 &#8211; 04.2002, 2798 , 128<br \/>\n2.8 HDi 4&#215;4, A\u00f1o 10.2000 &#8211; 11.2001, 2798 , 126<br \/>\n2.8 HDi 4&#215;4, A\u00f1o 10.2000 &#8211; 04.2002, 2798 , 128<br \/>\nPEUGEOT Boxer Bus (244)<br \/>\n2.8 HDi, A\u00f1o 04.2002 &#8211; &#8230;, 2798 , 128<br \/>\n2.8 HDi, A\u00f1o 04.2004 &#8211; &#8230;, 2798 , 145<br \/>\n2.8 HDi 4&#215;4, A\u00f1o 04.2002 &#8211; &#8230;, 2798 , 128<br \/>\nPEUGEOT Boxer Furg\u00f3n (244)<br \/>\n2.8 HDi, A\u00f1o 09.2005 &#8211; 09.2009, 2798 , 126<br \/>\n2.8 HDi, A\u00f1o 04.2002 &#8211; &#8230;, 2798 , 128<br \/>\n2.8 HDi, A\u00f1o 04.2004 &#8211; &#8230;, 2798 , 146<br \/>\n2.8 HDi 4&#215;4, A\u00f1o 04.2002 &#8211; &#8230;, 2798 , 128<br \/>\nPEUGEOT Boxer Cami\u00f3n de plataforma\/Chasis (244)<br \/>\n2.8 HDi, A\u00f1o 04.2002 &#8211; &#8230;, 2798 , 128<br \/>\n2.8 HDi, A\u00f1o 04.2004 &#8211; &#8230;, 2798 , 146<br \/>\n2.8 HDi 4&#215;4, A\u00f1o 04.2002 &#8211; &#8230;, 2798 , 128<br \/>\n2.8 TD, A\u00f1o 12.2001 &#8211; 03.2005, 2798 , 122<\/p>\n<p>SEAT 131<br \/>\n2.4 Di\u00e9sel, A\u00f1o 06.1978 &#8211; 12.1986, 2445 , 72<\/p>\n<p>LA PIEZA ES NUEVA Y ORIGINAL.<\/p>\n","protected":false},"excerpt":{"rendered":"<p>Casquillo de biela est\u00e1ndar (0,0) de: ALFA ROMEO AR6 Furg\u00f3n (280) 2.4 TD, A\u00f1o 09.1986 &#8211; 12.1989, 2445 , 92 2.5 D, A\u00f1o 03.1986 &#8211; 12.1989, 2499 , 75 ALFA ROMEO AR8 (280) 2.4 D, A\u00f1o 04.1978 &#8211; 08.1986, 2445 , 72 2.4 TD, A\u00f1o 04.1985 &#8211; 12.1988, 2445 , 92 2.5 D, A\u00f1o 09.1986 [&hellip;]<\/p>\n","protected":false},"featured_media":58959,"template":"","meta":{"_seopress_robots_primary_cat":"","_seopress_titles_title":"","_seopress_titles_desc":"","_seopress_robots_index":""},"product_cat":[70,199,71,16,184,185,79,155,83,23,86,88,20,137,21,24,26,124],"product_tag":[],"class_list":{"0":"post-58878","1":"product","2":"type-product","3":"status-publish","4":"has-post-thumbnail","6":"product_cat-recambios-fiat-131","7":"product_cat-recambios-seat-131","8":"product_cat-recambios-fiat-132","9":"product_cat-recambios-alfa-romeo","10":"product_cat-recambios-alfa-romeo-ar6","11":"product_cat-recambios-alfa-romeo-ar8","12":"product_cat-recambios-fiat-argenta","13":"product_cat-recambios-peugeot-boxer","14":"product_cat-recambios-fiat-campagnola","15":"product_cat-recambios-citroen","16":"product_cat-recambios-fiat-croma","17":"product_cat-recambios-fiat-ducato","18":"product_cat-recambios-fiat","19":"product_cat-recambios-citroen-jumper","20":"product_cat-recambios-lancia","21":"product_cat-recambios-peugeot","22":"product_cat-recambios-seat","23":"product_cat-recambios-lancia-thema","25":"first","26":"instock","27":"taxable","28":"shipping-taxable","29":"purchasable","30":"product-type-simple"},"_links":{"self":[{"href":"https:\/\/galicianparts.com\/shop\/wp-json\/wp\/v2\/product\/58878"}],"collection":[{"href":"https:\/\/galicianparts.com\/shop\/wp-json\/wp\/v2\/product"}],"about":[{"href":"https:\/\/galicianparts.com\/shop\/wp-json\/wp\/v2\/types\/product"}],"wp:featuredmedia":[{"embeddable":true,"href":"https:\/\/galicianparts.com\/shop\/wp-json\/wp\/v2\/media\/58959"}],"wp:attachment":[{"href":"https:\/\/galicianparts.com\/shop\/wp-json\/wp\/v2\/media?parent=58878"}],"wp:term":[{"taxonomy":"product_cat","embeddable":true,"href":"https:\/\/galicianparts.com\/shop\/wp-json\/wp\/v2\/product_cat?post=58878"},{"taxonomy":"product_tag","embeddable":true,"href":"https:\/\/galicianparts.com\/shop\/wp-json\/wp\/v2\/product_tag?post=58878"}],"curies":[{"name":"wp","href":"https:\/\/api.w.org\/{rel}","templated":true}]}}