{"id":58901,"date":"2022-09-21T19:20:51","date_gmt":"2022-09-21T17:20:51","guid":{"rendered":"https:\/\/galicianparts.com\/shop\/producto\/5908285-aleron-spoiler-trasero-fiat-brava-1995-2001-nuevo-original-lineaccessori\/"},"modified":"2023-03-01T00:27:56","modified_gmt":"2023-02-28T22:27:56","slug":"5908285-aleron-spoiler-trasero-fiat-brava-1995-2001-nuevo-original-lineaccessori","status":"publish","type":"product","link":"https:\/\/galicianparts.com\/shop\/producto\/5908285-aleron-spoiler-trasero-fiat-brava-1995-2001-nuevo-original-lineaccessori\/","title":{"rendered":"5908285 Aler\u00f3n spoiler trasero Fiat Brava (1995-2001) NUEVO ORIGINAL LINEACCESSORI"},"content":{"rendered":"<p>Aler\u00f3n Zender, spoiler del port\u00f3n del maletero de:<br \/>\nFIAT BRAVA (1995-2001)<\/p>\n<p>LA PIEZA ES NUEVA Y ORIGINAL.<\/p>\n","protected":false},"excerpt":{"rendered":"<p>Aler\u00f3n Zender, spoiler del port\u00f3n del maletero de: FIAT BRAVA (1995-2001) LA PIEZA ES NUEVA Y ORIGINAL.<\/p>\n","protected":false},"featured_media":58908,"template":"","meta":{"_seopress_robots_primary_cat":"","_seopress_titles_title":"","_seopress_titles_desc":"","_seopress_robots_index":""},"product_cat":[81,20],"product_tag":[],"class_list":{"0":"post-58901","1":"product","2":"type-product","3":"status-publish","4":"has-post-thumbnail","6":"product_cat-recambios-fiat-brava","7":"product_cat-recambios-fiat","9":"first","10":"outofstock","11":"taxable","12":"shipping-taxable","13":"purchasable","14":"product-type-simple"},"_links":{"self":[{"href":"https:\/\/galicianparts.com\/shop\/wp-json\/wp\/v2\/product\/58901"}],"collection":[{"href":"https:\/\/galicianparts.com\/shop\/wp-json\/wp\/v2\/product"}],"about":[{"href":"https:\/\/galicianparts.com\/shop\/wp-json\/wp\/v2\/types\/product"}],"wp:featuredmedia":[{"embeddable":true,"href":"https:\/\/galicianparts.com\/shop\/wp-json\/wp\/v2\/media\/58908"}],"wp:attachment":[{"href":"https:\/\/galicianparts.com\/shop\/wp-json\/wp\/v2\/media?parent=58901"}],"wp:term":[{"taxonomy":"product_cat","embeddable":true,"href":"https:\/\/galicianparts.com\/shop\/wp-json\/wp\/v2\/product_cat?post=58901"},{"taxonomy":"product_tag","embeddable":true,"href":"https:\/\/galicianparts.com\/shop\/wp-json\/wp\/v2\/product_tag?post=58901"}],"curies":[{"name":"wp","href":"https:\/\/api.w.org\/{rel}","templated":true}]}}