{"id":59015,"date":"2022-09-22T16:55:35","date_gmt":"2022-09-22T14:55:35","guid":{"rendered":"https:\/\/galicianparts.com\/shop\/producto\/4399775-casquillo-separador-ciguenal-fiat-850-600-127-panda-uno-seat-autobianchi-original\/"},"modified":"2024-06-07T09:35:06","modified_gmt":"2024-06-07T07:35:06","slug":"4399775-casquillo-separador-ciguenal-fiat-850-600-127-panda-uno-seat-autobianchi-original","status":"publish","type":"product","link":"https:\/\/galicianparts.com\/shop\/producto\/4399775-casquillo-separador-ciguenal-fiat-850-600-127-panda-uno-seat-autobianchi-original\/","title":{"rendered":"4399775 Casquillo separador cig\u00fce\u00f1al Fiat 850 \/600 \/127 \/Panda \/Uno \/Seat \/Autobianchi ORIGINAL"},"content":{"rendered":"<p>Anillo de separaci\u00f3n del cig\u00fce\u00f1al de:<br \/>\nDi\u00e1metro interior: 39,5mm<br \/>\nDi\u00e1metro exterior: 26mm<br \/>\nAncho: 14,3mm<\/p>\n<p>FIAT 850 (100_) 0,8 (1964-1972)<br \/>\nFIAT 850 COUPE (100_) 0,9 (1968-1972)<br \/>\nFIAT 850 SPIDER (100 _) 0,9 (1968-1972)<br \/>\nFIAT 850 SPIDER (100_) 0,8 (1965-1968)<br \/>\nFIAT 600 (113_) 0,6 (1955-1961)<br \/>\nFIAT 600 (113_) 0,8 (D) (1960-1971)<br \/>\nFIAT 127 (127_) 0,9 (1971-1983)<br \/>\nFIAT 127 (127_) 0,9 (127A) (1971-1984)<br \/>\nFIAT PANDA (141A_) 800 (1981-1985)<br \/>\nFIAT PANDA (141A _) 900 (1992-1996)<br \/>\nFIAT PANDA (141A_) 950 4&#215;4 (1983-1986)<br \/>\nFIAT PANDA (141A_) 950 (1982-1983)<br \/>\nFIAT UNO (146_) 45 0,9 (1984-1988)<br \/>\nFIAT FIORINO (127_) 900 (1977-1986)<br \/>\nFIAT SEICENTO (187_) 0,9 (1997-2008)<br \/>\nFIAT 900 T\/E PULMINO (200_) 0,9 (1978-1986)<br \/>\nFIAT 900 T\/E PANORAMA (200_) 0,9 (1978-1986)<\/p>\n<p>SEAT 600 (110B) 0,8 (1963-1970)<br \/>\nSEAT 127 (127A) 0,9 (1972-1982)<br \/>\nSEAT 850 (100GD) 0,9 (1972-1975)<br \/>\nSEAT MARBELLA (28A) 0,8 (1986-1993)<br \/>\nSEAT MARBELLA (28A) 0,9 (1996-1998)<br \/>\nSEAT TERRA (24) 0,9 (02\/1987-12\/1996)<br \/>\nSEAT TERRA (024A) 0.9 Cat (1990\u22121995)<br \/>\nSEAT PANDA (141A) 0,9 (1980\/10\u22121986\/12)<\/p>\n<p>AUTOBIANCHI A 112 0,9 (1976\u22121978)<br \/>\nAUTOBIANCHI A 112 1.0 ABARTH (1974\u22121984)<br \/>\nAUTOBIANCHI A 112 0.9 E (1973\u22121977)<br \/>\nAUTOBIANCHI A 112 0,9 JUNIOR (1975\u22121985)<br \/>\nAUTOBIANCHI A 112 1,0 E \/ ELITE \/ LX (1977-1985)<\/p>\n<p>LA PIEZA ES NUEVA Y ORIGINAL.<\/p>\n","protected":false},"excerpt":{"rendered":"<p>Anillo de separaci\u00f3n del cig\u00fce\u00f1al de: Di\u00e1metro interior: 39,5mm Di\u00e1metro exterior: 26mm Ancho: 14,3mm FIAT 850 (100_) 0,8 (1964-1972) FIAT 850 COUPE (100_) 0,9 (1968-1972) FIAT 850 SPIDER (100 _) 0,9 (1968-1972) FIAT 850 SPIDER (100_) 0,8 (1965-1968) FIAT 600 (113_) 0,6 (1955-1961) FIAT 600 (113_) 0,8 (D) (1960-1971) FIAT 127 (127_) 0,9 (1971-1983) FIAT [&hellip;]<\/p>\n","protected":false},"featured_media":59016,"template":"","meta":{"_seopress_robots_primary_cat":"","_seopress_titles_title":"","_seopress_titles_desc":"","_seopress_robots_index":""},"product_cat":[179,68,75,168,76,167,186,63,25,20,91,207,237,99,26,106,233,114],"product_tag":[],"class_list":{"0":"post-59015","1":"product","2":"type-product","3":"status-publish","4":"has-post-thumbnail","6":"product_cat-recambios-seat-127","7":"product_cat-recambios-fiat-127","8":"product_cat-recambios-fiat-600","9":"product_cat-recambios-seat-600","10":"product_cat-recambios-fiat-850","11":"product_cat-recambios-seat-850","12":"product_cat-recambios-fiat-900","13":"product_cat-recambios-autobianchi-a112","14":"product_cat-recambios-autobianchi","15":"product_cat-recambios-fiat","16":"product_cat-recambios-fiat-fiorino","17":"product_cat-recambios-seat-marbella","18":"product_cat-recambios-seat-panda","19":"product_cat-recambios-fiat-panda","20":"product_cat-recambios-seat","21":"product_cat-recambios-fiat-seicento","22":"product_cat-recambios-seat-terra","23":"product_cat-recambios-fiat-uno","25":"first","26":"outofstock","27":"taxable","28":"shipping-taxable","29":"purchasable","30":"product-type-simple"},"_links":{"self":[{"href":"https:\/\/galicianparts.com\/shop\/wp-json\/wp\/v2\/product\/59015"}],"collection":[{"href":"https:\/\/galicianparts.com\/shop\/wp-json\/wp\/v2\/product"}],"about":[{"href":"https:\/\/galicianparts.com\/shop\/wp-json\/wp\/v2\/types\/product"}],"wp:featuredmedia":[{"embeddable":true,"href":"https:\/\/galicianparts.com\/shop\/wp-json\/wp\/v2\/media\/59016"}],"wp:attachment":[{"href":"https:\/\/galicianparts.com\/shop\/wp-json\/wp\/v2\/media?parent=59015"}],"wp:term":[{"taxonomy":"product_cat","embeddable":true,"href":"https:\/\/galicianparts.com\/shop\/wp-json\/wp\/v2\/product_cat?post=59015"},{"taxonomy":"product_tag","embeddable":true,"href":"https:\/\/galicianparts.com\/shop\/wp-json\/wp\/v2\/product_tag?post=59015"}],"curies":[{"name":"wp","href":"https:\/\/api.w.org\/{rel}","templated":true}]}}