{"id":59546,"date":"2022-10-04T11:03:52","date_gmt":"2022-10-04T09:03:52","guid":{"rendered":"https:\/\/galicianparts.com\/shop\/producto\/4448677-junta-tapa-balancines-fiat-uno-turbo-punto-gt-lancia-delta-i-original\/"},"modified":"2026-03-02T22:24:14","modified_gmt":"2026-03-02T20:24:14","slug":"4448677-junta-tapa-balancines-fiat-uno-turbo-punto-gt-lancia-delta-i-original","status":"publish","type":"product","link":"https:\/\/galicianparts.com\/shop\/producto\/4448677-junta-tapa-balancines-fiat-uno-turbo-punto-gt-lancia-delta-i-original\/","title":{"rendered":"4448677 Junta tapa v\u00e1lvulas Fiat Uno Turbo\/ Punto GT \/Lancia Delta I ORIGINAL"},"content":{"rendered":"<p>Junta de la tapa superior de la culata del motor de:<br \/>\nFIAT Regata Berlina (138)<br \/>\n1.3 70, A\u00f1o 09.1983 &#8211; 07.1989, 1301 , 65<br \/>\n1.3 70, A\u00f1o 09.1983 &#8211; 07.1986, 1301 , 68<br \/>\n1.5 75, A\u00f1o 12.1983 &#8211; 07.1989, 1498 , 75<br \/>\nFIAT Regata Weekend<br \/>\n1.3 70, A\u00f1o 01.1984 &#8211; 07.1989, 1301 , 68<br \/>\n1.5 85, A\u00f1o 01.1984 &#8211; 04.1989, 1498 , 82<br \/>\nFIAT X 1\/9 (128)<br \/>\n1.3, A\u00f1o 10.1975 &#8211; 06.1978, 1290 , 73<br \/>\n1.3, A\u00f1o 05.1973 &#8211; 12.1979, 1290 , 75<br \/>\nFIAT Ritmo I Cabrio<br \/>\n1.3 50, A\u00f1o 10.1985 &#8211; 12.1987, 1302 , 68<br \/>\n1.5 80, A\u00f1o 01.1980 &#8211; 07.1989, 1498 , 86<br \/>\nFIAT Ritmo I Hatchback (138)<br \/>\n1.3 65, A\u00f1o 01.1978 &#8211; 08.1985, 1301 , 65<br \/>\n1.3 75, A\u00f1o 01.1981 &#8211; 09.1982, 1301 , 75<br \/>\n1.5 75, A\u00f1o 01.1978 &#8211; 12.1988, 1498 , 75<br \/>\n1.5 85, A\u00f1o 01.1981 &#8211; 05.1987, 1498 , 85<br \/>\nFIAT 128 Coup\u00e9 (128)<br \/>\n1.1, A\u00f1o 03.1972 &#8211; 02.1981, 1116 , 64<br \/>\n1.1, A\u00f1o 08.1975 &#8211; 02.1981, 1116 , 65<br \/>\nFIAT 128 (128)<br \/>\n1.1, A\u00f1o 02.1975 &#8211; 09.1981, 1116 , 45<br \/>\n1.1, A\u00f1o 03.1969 &#8211; 12.1984, 1116 , 55<br \/>\n1.3 Rally, A\u00f1o 09.1971 &#8211; 02.1976, 1290 , 67<br \/>\n1.3 Sport, A\u00f1o 08.1974 &#8211; 12.1984, 1290 , 60<br \/>\nFIAT Tempra Berlina (159)<br \/>\n1.4 i.e., A\u00f1o 03.1991 &#8211; 08.1996, 1372 , 78<br \/>\n1.4 i.e., A\u00f1o 04.1990 &#8211; 08.1996, 1372 , 69<br \/>\n1.6, A\u00f1o 04.1990 &#8211; 06.1993, 1581 , 69<br \/>\n1.6 (159.AD), A\u00f1o 03.1990 &#8211; 08.1996, 1581 , 86<br \/>\n1.6 i.e., A\u00f1o 06.1990 &#8211; 07.1992, 1581 , 78<br \/>\n1.6 i.e., A\u00f1o 06.1994 &#8211; 08.1996, 1581 , 87<br \/>\n1.6 i.e., A\u00f1o 06.1994 &#8211; 08.1996, 1581 , 90<br \/>\n1.6 i.e., A\u00f1o 06.1992 &#8211; 08.1996, 1581 , 75<br \/>\nFIAT Tempra S.W. (159)<br \/>\n1.4 i.e., A\u00f1o 03.1991 &#8211; 08.1996, 1372 , 78<br \/>\n1.4 i.e., A\u00f1o 10.1992 &#8211; 08.1996, 1372 , 69<br \/>\n1.6, A\u00f1o 07.1993 &#8211; 07.1996, 1581 , 69<br \/>\n1.6, A\u00f1o 12.1990 &#8211; 04.1993, 1581 , 86<br \/>\n1.6 i.e., A\u00f1o 10.1990 &#8211; 08.1996, 1581 , 78<br \/>\n1.6 i.e., A\u00f1o 06.1994 &#8211; 08.1996, 1581 , 90<br \/>\n1.6 i.e., A\u00f1o 10.1992 &#8211; 08.1996, 1581 , 75<br \/>\nFIAT Tipo Hatchback (160)<br \/>\n1.4, A\u00f1o 07.1987 &#8211; 12.1989, 1372 , 71<br \/>\n1.4 i.e., A\u00f1o 05.1989 &#8211; 04.1995, 1372 , 78<br \/>\n1.4 i.e., A\u00f1o 05.1989 &#8211; 04.1995, 1372 , 70<br \/>\n1.6, A\u00f1o 01.1988 &#8211; 10.1991, 1581 , 83<br \/>\n1.6 i.e., A\u00f1o 10.1992 &#8211; 04.1995, 1581 , 75<br \/>\n1.6 i.e., A\u00f1o 07.1990 &#8211; 01.1993, 1581 , 78<br \/>\n1.6 SX DGT, A\u00f1o 05.1989 &#8211; 10.1995, 1581 , 90<br \/>\nFIAT Fiorino II (146)<br \/>\n1.4, A\u00f1o 11.1992 &#8211; 10.1996, 1372 , 71<br \/>\n70 i.e. 1.4, A\u00f1o 05.1994 &#8211; 05.2001, 1372 , 67<br \/>\nFIAT Punto I (176)<br \/>\n1.4 GT Turbo, A\u00f1o 09.1996 &#8211; 09.1999, 1372 , 131<br \/>\n1.4 GT Turbo, A\u00f1o 01.1994 &#8211; 09.1996, 1372 , 133<br \/>\n1.6, A\u00f1o 01.1994 &#8211; 04.1997, 1581 , 88<br \/>\nFIAT Uno Hatchback (146)<br \/>\n1.1, A\u00f1o 10.1988 &#8211; 06.2006, 1108 , 58<br \/>\n1.3 Turbo i.e., A\u00f1o 01.1987 &#8211; 12.1987, 1301 , 99<br \/>\n1.3 Turbo i.e., A\u00f1o 04.1985 &#8211; 08.1989, 1301 , 105<br \/>\n1.4 Turbo i.e., A\u00f1o 09.1989 &#8211; 09.1993, 1372 , 112<br \/>\n1.4 Turbo i.e., A\u00f1o 12.1989 &#8211; 12.1996, 1372 , 118<br \/>\n1.6, A\u00f1o 12.1989 &#8211; 04.1993, 1581 , 88<br \/>\n1.3 70, A\u00f1o 01.1983 &#8211; 04.1985, 1302 , 68<br \/>\n1.4 i.e. 70, A\u00f1o 09.1989 &#8211; 07.1996, 1372 , 70<br \/>\n1.4 i.e. 70, A\u00f1o 09.1989 &#8211; 12.1993, 1372 , 72<br \/>\n1.4 S 70, A\u00f1o 10.1988 &#8211; 06.2006, 1372 , 71<br \/>\nFIAT Palio I (178)<br \/>\n1.4, A\u00f1o 04.1996 &#8211; 10.2002, 1372 , 69<br \/>\nFIAT Elba<br \/>\n1.5, A\u00f1o 01.1992 &#8211; 12.1996, 1499 , 75<br \/>\nFIAT Siena (178, 172)<br \/>\n1.4, A\u00f1o 04.1996 &#8211; 12.2009, 1372 , 69<br \/>\n1.4 CAT, A\u00f1o 04.1996 &#8211; 12.2009, 1372 , 69<\/p>\n<p>LANCIA Delta I (831)<br \/>\n1.3, A\u00f1o 09.1979 &#8211; 08.1992, 1301 , 75<br \/>\n1.5, A\u00f1o 09.1979 &#8211; 12.1992, 1498 , 86<br \/>\nLANCIA Prisma (831)<br \/>\n1.3, A\u00f1o 01.1983 &#8211; 12.1989, 1301 , 79<br \/>\n1.5, A\u00f1o 08.1986 &#8211; 02.1992, 1498 , 80<br \/>\n1.5, A\u00f1o 01.1983 &#8211; 04.1986, 1498 , 86<\/p>\n<p>LA PIEZA ES NUEVA Y ORIGINAL.<\/p>\n","protected":false},"excerpt":{"rendered":"<p>Junta de la tapa superior de la culata del motor de: FIAT Regata Berlina (138) 1.3 70, A\u00f1o 09.1983 &#8211; 07.1989, 1301 , 65 1.3 70, A\u00f1o 09.1983 &#8211; 07.1986, 1301 , 68 1.5 75, A\u00f1o 12.1983 &#8211; 07.1989, 1498 , 75 FIAT Regata Weekend 1.3 70, A\u00f1o 01.1984 &#8211; 07.1989, 1301 , 68 1.5 [&hellip;]<\/p>\n","protected":false},"featured_media":59549,"template":"","meta":{"_seopress_robots_primary_cat":"","_seopress_titles_title":"","_seopress_titles_desc":"","_seopress_robots_index":""},"product_cat":[69,118,90,20,91,21,98,123,101,102,103,107,111,112,114,206],"product_tag":[],"class_list":{"0":"post-59546","1":"product","2":"type-product","3":"status-publish","4":"has-post-thumbnail","6":"product_cat-recambios-fiat-128","7":"product_cat-recambios-lancia-delta","8":"product_cat-recambios-fiat-elba","9":"product_cat-recambios-fiat","10":"product_cat-recambios-fiat-fiorino","11":"product_cat-recambios-lancia","12":"product_cat-recambios-fiat-palio","13":"product_cat-recambios-lancia-prisma","14":"product_cat-recambios-fiat-punto","15":"product_cat-recambios-fiat-regata","16":"product_cat-recambios-fiat-ritmo","17":"product_cat-recambios-fiat-siena","18":"product_cat-recambios-fiat-tempra","19":"product_cat-recambios-fiat-tipo","20":"product_cat-recambios-fiat-uno","21":"product_cat-recambios-fiat-x1-9","23":"first","24":"outofstock","25":"taxable","26":"shipping-taxable","27":"purchasable","28":"product-type-simple"},"_links":{"self":[{"href":"https:\/\/galicianparts.com\/shop\/wp-json\/wp\/v2\/product\/59546"}],"collection":[{"href":"https:\/\/galicianparts.com\/shop\/wp-json\/wp\/v2\/product"}],"about":[{"href":"https:\/\/galicianparts.com\/shop\/wp-json\/wp\/v2\/types\/product"}],"wp:featuredmedia":[{"embeddable":true,"href":"https:\/\/galicianparts.com\/shop\/wp-json\/wp\/v2\/media\/59549"}],"wp:attachment":[{"href":"https:\/\/galicianparts.com\/shop\/wp-json\/wp\/v2\/media?parent=59546"}],"wp:term":[{"taxonomy":"product_cat","embeddable":true,"href":"https:\/\/galicianparts.com\/shop\/wp-json\/wp\/v2\/product_cat?post=59546"},{"taxonomy":"product_tag","embeddable":true,"href":"https:\/\/galicianparts.com\/shop\/wp-json\/wp\/v2\/product_tag?post=59546"}],"curies":[{"name":"wp","href":"https:\/\/api.w.org\/{rel}","templated":true}]}}