{"id":59585,"date":"2022-10-04T13:12:42","date_gmt":"2022-10-04T11:12:42","guid":{"rendered":"https:\/\/galicianparts.com\/shop\/producto\/71720788-junta-homocinetica-palier-fiat-fiorino-palio-elba-nuevo-original\/"},"modified":"2022-10-04T13:15:40","modified_gmt":"2022-10-04T11:15:40","slug":"71720788-junta-homocinetica-palier-fiat-fiorino-palio-elba-nuevo-original","status":"publish","type":"product","link":"https:\/\/galicianparts.com\/shop\/producto\/71720788-junta-homocinetica-palier-fiat-fiorino-palio-elba-nuevo-original\/","title":{"rendered":"71720788 Junta homocin\u00e9tica palier Fiat Fiorino \/Palio \/Elba NUEVO ORIGINAL"},"content":{"rendered":"<p>Junta homocin\u00e9tica de los ejes de transmisi\u00f3n de:<br \/>\nLargo: 151 mm<\/p>\n<p>FIAT Fiorino II (146)<br \/>\n60 1.1, A\u00f1o 05.1988 &#8211; 12.1993, 1116 , 54<br \/>\n60 1.7 D, A\u00f1o 05.1988 &#8211; 10.1996, 1697 , 57<br \/>\n70 i.e. 1.4, A\u00f1o 05.1994 &#8211; 05.2001, 1372 , 67<br \/>\nFIAT Palio I (178)<br \/>\n1.0, A\u00f1o 04.1996 &#8211; 10.2003, 994 , 61<br \/>\n1.2, A\u00f1o 07.1997 &#8211; 08.2002, 1242 , 60<br \/>\n1.2, A\u00f1o 06.1999 &#8211; 10.2000, 1242 , 68<br \/>\n1.2, A\u00f1o 06.1998 &#8211; &#8230;, 1242 , 73<br \/>\n1.4, A\u00f1o 04.1996 &#8211; 10.2002, 1372 , 69<br \/>\nFIAT Elba<br \/>\n1.7 D, A\u00f1o 04.1989 &#8211; 12.1996, 1698 , 58<\/p>\n<p>LA PIEZA ES NUEVA Y ORIGINAL.<\/p>\n","protected":false},"excerpt":{"rendered":"<p>Junta homocin\u00e9tica de los ejes de transmisi\u00f3n de: Largo: 151 mm FIAT Fiorino II (146) 60 1.1, A\u00f1o 05.1988 &#8211; 12.1993, 1116 , 54 60 1.7 D, A\u00f1o 05.1988 &#8211; 10.1996, 1697 , 57 70 i.e. 1.4, A\u00f1o 05.1994 &#8211; 05.2001, 1372 , 67 FIAT Palio I (178) 1.0, A\u00f1o 04.1996 &#8211; 10.2003, 994 , [&hellip;]<\/p>\n","protected":false},"featured_media":59590,"template":"","meta":{"_seopress_robots_primary_cat":"","_seopress_titles_title":"","_seopress_titles_desc":"","_seopress_robots_index":""},"product_cat":[90,20,91,98],"product_tag":[],"class_list":{"0":"post-59585","1":"product","2":"type-product","3":"status-publish","4":"has-post-thumbnail","6":"product_cat-recambios-fiat-elba","7":"product_cat-recambios-fiat","8":"product_cat-recambios-fiat-fiorino","9":"product_cat-recambios-fiat-palio","11":"first","12":"instock","13":"taxable","14":"shipping-taxable","15":"purchasable","16":"product-type-simple"},"_links":{"self":[{"href":"https:\/\/galicianparts.com\/shop\/wp-json\/wp\/v2\/product\/59585"}],"collection":[{"href":"https:\/\/galicianparts.com\/shop\/wp-json\/wp\/v2\/product"}],"about":[{"href":"https:\/\/galicianparts.com\/shop\/wp-json\/wp\/v2\/types\/product"}],"wp:featuredmedia":[{"embeddable":true,"href":"https:\/\/galicianparts.com\/shop\/wp-json\/wp\/v2\/media\/59590"}],"wp:attachment":[{"href":"https:\/\/galicianparts.com\/shop\/wp-json\/wp\/v2\/media?parent=59585"}],"wp:term":[{"taxonomy":"product_cat","embeddable":true,"href":"https:\/\/galicianparts.com\/shop\/wp-json\/wp\/v2\/product_cat?post=59585"},{"taxonomy":"product_tag","embeddable":true,"href":"https:\/\/galicianparts.com\/shop\/wp-json\/wp\/v2\/product_tag?post=59585"}],"curies":[{"name":"wp","href":"https:\/\/api.w.org\/{rel}","templated":true}]}}