{"id":59786,"date":"2022-10-05T11:48:26","date_gmt":"2022-10-05T09:48:26","guid":{"rendered":"https:\/\/galicianparts.com\/shop\/producto\/9220207000-faro-antiniebla-delantero-der-kia-picanto-2004-nuevo-original\/"},"modified":"2022-10-05T11:50:04","modified_gmt":"2022-10-05T09:50:04","slug":"9220207000-faro-antiniebla-delantero-der-kia-picanto-2004-nuevo-original","status":"publish","type":"product","link":"https:\/\/galicianparts.com\/shop\/producto\/9220207000-faro-antiniebla-delantero-der-kia-picanto-2004-nuevo-original\/","title":{"rendered":"9220207000 Faro antiniebla delantero der. Kia Picanto (2004-&#8230;) NUEVO ORIGINAL"},"content":{"rendered":"<p>Faro antiniebla delantero derecho de:<br \/>\nKIA Picanto I (SA)<br \/>\n1.0, A\u00f1o 04.2004 &#8211; &#8230;, 999 , 61<br \/>\n1.1, A\u00f1o 04.2004 &#8211; &#8230;, 1086 , 65<br \/>\n1.1 CRDi, A\u00f1o 11.2005 &#8211; &#8230;, 1120 , 75<\/p>\n<p>LA PIEZA ES NUEVA Y ORIGINAL.<\/p>\n","protected":false},"excerpt":{"rendered":"<p>Faro antiniebla delantero derecho de: KIA Picanto I (SA) 1.0, A\u00f1o 04.2004 &#8211; &#8230;, 999 , 61 1.1, A\u00f1o 04.2004 &#8211; &#8230;, 1086 , 65 1.1 CRDi, A\u00f1o 11.2005 &#8211; &#8230;, 1120 , 75 LA PIEZA ES NUEVA Y ORIGINAL.<\/p>\n","protected":false},"featured_media":59791,"template":"","meta":{"_seopress_robots_primary_cat":"","_seopress_titles_title":"","_seopress_titles_desc":"","_seopress_robots_index":""},"product_cat":[22,60],"product_tag":[],"class_list":{"0":"post-59786","1":"product","2":"type-product","3":"status-publish","4":"has-post-thumbnail","6":"product_cat-recambios-kia","7":"product_cat-recambios-kia-picanto","9":"first","10":"instock","11":"taxable","12":"shipping-taxable","13":"purchasable","14":"product-type-simple"},"_links":{"self":[{"href":"https:\/\/galicianparts.com\/shop\/wp-json\/wp\/v2\/product\/59786"}],"collection":[{"href":"https:\/\/galicianparts.com\/shop\/wp-json\/wp\/v2\/product"}],"about":[{"href":"https:\/\/galicianparts.com\/shop\/wp-json\/wp\/v2\/types\/product"}],"wp:featuredmedia":[{"embeddable":true,"href":"https:\/\/galicianparts.com\/shop\/wp-json\/wp\/v2\/media\/59791"}],"wp:attachment":[{"href":"https:\/\/galicianparts.com\/shop\/wp-json\/wp\/v2\/media?parent=59786"}],"wp:term":[{"taxonomy":"product_cat","embeddable":true,"href":"https:\/\/galicianparts.com\/shop\/wp-json\/wp\/v2\/product_cat?post=59786"},{"taxonomy":"product_tag","embeddable":true,"href":"https:\/\/galicianparts.com\/shop\/wp-json\/wp\/v2\/product_tag?post=59786"}],"curies":[{"name":"wp","href":"https:\/\/api.w.org\/{rel}","templated":true}]}}