{"id":59826,"date":"2022-10-05T13:28:01","date_gmt":"2022-10-05T11:28:01","guid":{"rendered":"https:\/\/galicianparts.com\/shop\/producto\/4434828-bomba-gasolina-fiat-850-berlina-coupe-spider-nueva-original\/"},"modified":"2022-11-09T11:06:45","modified_gmt":"2022-11-09T09:06:45","slug":"4434828-bomba-gasolina-fiat-850-berlina-coupe-spider-nueva-original","status":"publish","type":"product","link":"https:\/\/galicianparts.com\/shop\/producto\/4434828-bomba-gasolina-fiat-850-berlina-coupe-spider-nueva-original\/","title":{"rendered":"4434828 Bomba gasolina Fiat 850 Berlina \/Coupe \/Spider NUEVA ORIGINAL"},"content":{"rendered":"<p>Bomba de combustible de:<br \/>\nFIAT 850 Coup\u00e9 (100)<br \/>\n0.9 Sport, A\u00f1o 02.1968 &#8211; 10.1972, 903 , 52<br \/>\nFIAT 850 Spider<br \/>\n0.8, A\u00f1o 10.1965 &#8211; 10.1968, 843 , 49<br \/>\n0.9 Sport, A\u00f1o 03.1968 &#8211; 12.1972, 903 , 52<br \/>\nFIAT 850 Berlina<br \/>\n0.8, A\u00f1o 07.1964 &#8211; 10.1972, 843 , 34<br \/>\n0.8, A\u00f1o 07.1964 &#8211; 10.1972, 843 , 37<\/p>\n<p>LA PIEZA ES NUEVA Y ORIGINAL.<\/p>\n","protected":false},"excerpt":{"rendered":"<p>Bomba de combustible de: FIAT 850 Coup\u00e9 (100) 0.9 Sport, A\u00f1o 02.1968 &#8211; 10.1972, 903 , 52 FIAT 850 Spider 0.8, A\u00f1o 10.1965 &#8211; 10.1968, 843 , 49 0.9 Sport, A\u00f1o 03.1968 &#8211; 12.1972, 903 , 52 FIAT 850 Berlina 0.8, A\u00f1o 07.1964 &#8211; 10.1972, 843 , 34 0.8, A\u00f1o 07.1964 &#8211; 10.1972, 843 , [&hellip;]<\/p>\n","protected":false},"featured_media":59827,"template":"","meta":{"_seopress_robots_primary_cat":"","_seopress_titles_title":"","_seopress_titles_desc":"","_seopress_robots_index":""},"product_cat":[76,20],"product_tag":[],"class_list":{"0":"post-59826","1":"product","2":"type-product","3":"status-publish","4":"has-post-thumbnail","6":"product_cat-recambios-fiat-850","7":"product_cat-recambios-fiat","9":"first","10":"outofstock","11":"taxable","12":"shipping-taxable","13":"purchasable","14":"product-type-simple"},"_links":{"self":[{"href":"https:\/\/galicianparts.com\/shop\/wp-json\/wp\/v2\/product\/59826"}],"collection":[{"href":"https:\/\/galicianparts.com\/shop\/wp-json\/wp\/v2\/product"}],"about":[{"href":"https:\/\/galicianparts.com\/shop\/wp-json\/wp\/v2\/types\/product"}],"wp:featuredmedia":[{"embeddable":true,"href":"https:\/\/galicianparts.com\/shop\/wp-json\/wp\/v2\/media\/59827"}],"wp:attachment":[{"href":"https:\/\/galicianparts.com\/shop\/wp-json\/wp\/v2\/media?parent=59826"}],"wp:term":[{"taxonomy":"product_cat","embeddable":true,"href":"https:\/\/galicianparts.com\/shop\/wp-json\/wp\/v2\/product_cat?post=59826"},{"taxonomy":"product_tag","embeddable":true,"href":"https:\/\/galicianparts.com\/shop\/wp-json\/wp\/v2\/product_tag?post=59826"}],"curies":[{"name":"wp","href":"https:\/\/api.w.org\/{rel}","templated":true}]}}