{"id":59832,"date":"2022-10-05T14:05:57","date_gmt":"2022-10-05T12:05:57","guid":{"rendered":"https:\/\/galicianparts.com\/shop\/producto\/4397308-carcasa-modulo-calefaccion-fiat-ritmo-60-nuevo-original\/"},"modified":"2022-10-05T14:38:09","modified_gmt":"2022-10-05T12:38:09","slug":"4397308-carcasa-modulo-calefaccion-fiat-ritmo-60-nuevo-original","status":"publish","type":"product","link":"https:\/\/galicianparts.com\/shop\/producto\/4397308-carcasa-modulo-calefaccion-fiat-ritmo-60-nuevo-original\/","title":{"rendered":"4397308 Carcasa m\u00f3dulo calefacci\u00f3n Fiat Ritmo 60 NUEVO ORIGINAL"},"content":{"rendered":"<p>Tapa de la caja del m\u00f3dulo de la calefacci\u00f3n de:<br \/>\nFIAT RITMO 60<\/p>\n<p>LA PIEZA ES NUEVA Y ORIGINAL.<\/p>\n","protected":false},"excerpt":{"rendered":"<p>Tapa de la caja del m\u00f3dulo de la calefacci\u00f3n de: FIAT RITMO 60 LA PIEZA ES NUEVA Y ORIGINAL.<\/p>\n","protected":false},"featured_media":59833,"template":"","meta":{"_seopress_robots_primary_cat":"","_seopress_titles_title":"","_seopress_titles_desc":"","_seopress_robots_index":""},"product_cat":[20,103],"product_tag":[],"class_list":{"0":"post-59832","1":"product","2":"type-product","3":"status-publish","4":"has-post-thumbnail","6":"product_cat-recambios-fiat","7":"product_cat-recambios-fiat-ritmo","9":"first","10":"instock","11":"taxable","12":"shipping-taxable","13":"purchasable","14":"product-type-simple"},"_links":{"self":[{"href":"https:\/\/galicianparts.com\/shop\/wp-json\/wp\/v2\/product\/59832"}],"collection":[{"href":"https:\/\/galicianparts.com\/shop\/wp-json\/wp\/v2\/product"}],"about":[{"href":"https:\/\/galicianparts.com\/shop\/wp-json\/wp\/v2\/types\/product"}],"wp:featuredmedia":[{"embeddable":true,"href":"https:\/\/galicianparts.com\/shop\/wp-json\/wp\/v2\/media\/59833"}],"wp:attachment":[{"href":"https:\/\/galicianparts.com\/shop\/wp-json\/wp\/v2\/media?parent=59832"}],"wp:term":[{"taxonomy":"product_cat","embeddable":true,"href":"https:\/\/galicianparts.com\/shop\/wp-json\/wp\/v2\/product_cat?post=59832"},{"taxonomy":"product_tag","embeddable":true,"href":"https:\/\/galicianparts.com\/shop\/wp-json\/wp\/v2\/product_tag?post=59832"}],"curies":[{"name":"wp","href":"https:\/\/api.w.org\/{rel}","templated":true}]}}