{"id":59950,"date":"2022-10-06T10:30:37","date_gmt":"2022-10-06T08:30:37","guid":{"rendered":"https:\/\/galicianparts.com\/shop\/producto\/5929122-radiador-calefaccion-fiat-ducato-82-90-citroen-c25-peugeot-j5-nuevo-original\/"},"modified":"2024-05-27T16:39:47","modified_gmt":"2024-05-27T14:39:47","slug":"5929122-radiador-calefaccion-fiat-ducato-82-90-citroen-c25-peugeot-j5-nuevo-original","status":"publish","type":"product","link":"https:\/\/galicianparts.com\/shop\/producto\/5929122-radiador-calefaccion-fiat-ducato-82-90-citroen-c25-peugeot-j5-nuevo-original\/","title":{"rendered":"5929122 Radiador calefacci\u00f3n Fiat Ducato (82-90) Citroen C25 \/Peugeot J5 NUEVO ORIGINAL"},"content":{"rendered":"<p>Radiador del modulo de la calefacci\u00f3n de:<br \/>\nFIAT Ducato I (280)<br \/>\n1.8, A\u00f1o 01.1982 &#8211; 10.1988, 1783 , 67<br \/>\n2.0, A\u00f1o 01.1982 &#8211; 08.1990, 1971 , 79<br \/>\n2.4 D, A\u00f1o 01.1982 &#8211; 08.1990, 2428 , 72<br \/>\n2.5 D, A\u00f1o 01.1982 &#8211; 08.1990, 2500 , 75<\/p>\n<p>CITRO\u00cbN C25<br \/>\n1.8, A\u00f1o 11.1981 &#8211; 01.1994, 1796 , 68<br \/>\n2.0, A\u00f1o 11.1981 &#8211; 12.1986, 1971 , 78<br \/>\n2.0 E, A\u00f1o 09.1981 &#8211; 03.1994, 1971 , 79<br \/>\n2.5 D, A\u00f1o 11.1981 &#8211; 01.1994, 2498 , 75<\/p>\n<p>PEUGEOT J5 (280)<br \/>\n1.8, A\u00f1o 01.1983 &#8211; 11.1988, 1796 , 69<br \/>\n2.0, A\u00f1o 09.1981 &#8211; 08.1990, 1971 , 79<br \/>\n2.5 D, A\u00f1o 09.1981 &#8211; 08.1990, 2498 , 73<br \/>\n2.5 DT, A\u00f1o 09.1981 &#8211; 08.1990, 2498 , 95<\/p>\n<p>LA PIEZA ES NUEVA Y ORIGINAL VALEO<\/p>\n","protected":false},"excerpt":{"rendered":"<p>Radiador del modulo de la calefacci\u00f3n de: FIAT Ducato I (280) 1.8, A\u00f1o 01.1982 &#8211; 10.1988, 1783 , 67 2.0, A\u00f1o 01.1982 &#8211; 08.1990, 1971 , 79 2.4 D, A\u00f1o 01.1982 &#8211; 08.1990, 2428 , 72 2.5 D, A\u00f1o 01.1982 &#8211; 08.1990, 2500 , 75 CITRO\u00cbN C25 1.8, A\u00f1o 11.1981 &#8211; 01.1994, 1796 , 68 [&hellip;]<\/p>\n","protected":false},"featured_media":59951,"template":"","meta":{"_seopress_robots_primary_cat":"","_seopress_titles_title":"","_seopress_titles_desc":"","_seopress_robots_index":""},"product_cat":[132,23,88,20,157,24],"product_tag":[],"class_list":{"0":"post-59950","1":"product","2":"type-product","3":"status-publish","4":"has-post-thumbnail","6":"product_cat-recambios-citroen-c25","7":"product_cat-recambios-citroen","8":"product_cat-recambios-fiat-ducato","9":"product_cat-recambios-fiat","10":"product_cat-recambios-peugeot-j5","11":"product_cat-recambios-peugeot","13":"first","14":"outofstock","15":"taxable","16":"shipping-taxable","17":"purchasable","18":"product-type-simple"},"_links":{"self":[{"href":"https:\/\/galicianparts.com\/shop\/wp-json\/wp\/v2\/product\/59950"}],"collection":[{"href":"https:\/\/galicianparts.com\/shop\/wp-json\/wp\/v2\/product"}],"about":[{"href":"https:\/\/galicianparts.com\/shop\/wp-json\/wp\/v2\/types\/product"}],"wp:featuredmedia":[{"embeddable":true,"href":"https:\/\/galicianparts.com\/shop\/wp-json\/wp\/v2\/media\/59951"}],"wp:attachment":[{"href":"https:\/\/galicianparts.com\/shop\/wp-json\/wp\/v2\/media?parent=59950"}],"wp:term":[{"taxonomy":"product_cat","embeddable":true,"href":"https:\/\/galicianparts.com\/shop\/wp-json\/wp\/v2\/product_cat?post=59950"},{"taxonomy":"product_tag","embeddable":true,"href":"https:\/\/galicianparts.com\/shop\/wp-json\/wp\/v2\/product_tag?post=59950"}],"curies":[{"name":"wp","href":"https:\/\/api.w.org\/{rel}","templated":true}]}}