{"id":59965,"date":"2022-10-06T11:04:52","date_gmt":"2022-10-06T09:04:52","guid":{"rendered":"https:\/\/galicianparts.com\/shop\/producto\/9464383680-capuchon-homocinetica-palier-fiat-ducato-94-02-citroen-jumper-peugeot-boxer-original\/"},"modified":"2024-02-21T17:36:48","modified_gmt":"2024-02-21T15:36:48","slug":"9464383680-capuchon-homocinetica-palier-fiat-ducato-94-02-citroen-jumper-peugeot-boxer-original","status":"publish","type":"product","link":"https:\/\/galicianparts.com\/shop\/producto\/9464383680-capuchon-homocinetica-palier-fiat-ducato-94-02-citroen-jumper-peugeot-boxer-original\/","title":{"rendered":"9464383680 Capuch\u00f3n homocin\u00e9tica palier Fiat Ducato (94-02) Citro\u00ebn Jumper \/Peugeot Boxer ORIGINAL"},"content":{"rendered":"<p>Capuch\u00f3n de la junta homocin\u00e9tica de los ejes de trasmisi\u00f3n de:<br \/>\nDi\u00e1metro homocin\u00e9tica: 110 mm<br \/>\nDi\u00e1metro barra: 33 mm<br \/>\nAltura: 168 mm<\/p>\n<p>FIAT PROFESSIONAL &#8211; PD DUCATO &#8217;94 BENZINA (1994-2002) CON CAPACIDAD 18Q<br \/>\nFIAT PROFESSIONAL &#8211; PE DUCATO&#8217;94 DIESEL (1994-2002) 2800 ASP. \/ 2800 JTD \/ 2800 JTD EGR \/ CON CAPACIDAD 18Q<br \/>\nCITROEN &#8211; JUMPER<br \/>\nPEUGEOT &#8211; BOXER<\/p>\n<p>LA PIEZA ES NUEVA Y ORIGINAL.<\/p>\n","protected":false},"excerpt":{"rendered":"<p>Capuch\u00f3n de la junta homocin\u00e9tica de los ejes de trasmisi\u00f3n de: Di\u00e1metro homocin\u00e9tica: 110 mm Di\u00e1metro barra: 33 mm Altura: 168 mm FIAT PROFESSIONAL &#8211; PD DUCATO &#8217;94 BENZINA (1994-2002) CON CAPACIDAD 18Q FIAT PROFESSIONAL &#8211; PE DUCATO&#8217;94 DIESEL (1994-2002) 2800 ASP. \/ 2800 JTD \/ 2800 JTD EGR \/ CON CAPACIDAD 18Q CITROEN &#8211; [&hellip;]<\/p>\n","protected":false},"featured_media":59968,"template":"","meta":{"_seopress_robots_primary_cat":"","_seopress_titles_title":"","_seopress_titles_desc":"","_seopress_robots_index":""},"product_cat":[155,23,88,20,137,24],"product_tag":[],"class_list":{"0":"post-59965","1":"product","2":"type-product","3":"status-publish","4":"has-post-thumbnail","6":"product_cat-recambios-peugeot-boxer","7":"product_cat-recambios-citroen","8":"product_cat-recambios-fiat-ducato","9":"product_cat-recambios-fiat","10":"product_cat-recambios-citroen-jumper","11":"product_cat-recambios-peugeot","13":"first","14":"outofstock","15":"taxable","16":"shipping-taxable","17":"purchasable","18":"product-type-simple"},"_links":{"self":[{"href":"https:\/\/galicianparts.com\/shop\/wp-json\/wp\/v2\/product\/59965"}],"collection":[{"href":"https:\/\/galicianparts.com\/shop\/wp-json\/wp\/v2\/product"}],"about":[{"href":"https:\/\/galicianparts.com\/shop\/wp-json\/wp\/v2\/types\/product"}],"wp:featuredmedia":[{"embeddable":true,"href":"https:\/\/galicianparts.com\/shop\/wp-json\/wp\/v2\/media\/59968"}],"wp:attachment":[{"href":"https:\/\/galicianparts.com\/shop\/wp-json\/wp\/v2\/media?parent=59965"}],"wp:term":[{"taxonomy":"product_cat","embeddable":true,"href":"https:\/\/galicianparts.com\/shop\/wp-json\/wp\/v2\/product_cat?post=59965"},{"taxonomy":"product_tag","embeddable":true,"href":"https:\/\/galicianparts.com\/shop\/wp-json\/wp\/v2\/product_tag?post=59965"}],"curies":[{"name":"wp","href":"https:\/\/api.w.org\/{rel}","templated":true}]}}