{"id":59984,"date":"2022-10-06T12:28:51","date_gmt":"2022-10-06T10:28:51","guid":{"rendered":"https:\/\/galicianparts.com\/shop\/producto\/5880433-kit-juntas-culata-motor-1-6-1-4-fiat-124-125-nuevo-original\/"},"modified":"2023-12-21T09:50:55","modified_gmt":"2023-12-21T07:50:55","slug":"5880433-kit-juntas-culata-motor-1-6-1-4-fiat-124-125-nuevo-original","status":"publish","type":"product","link":"https:\/\/galicianparts.com\/shop\/producto\/5880433-kit-juntas-culata-motor-1-6-1-4-fiat-124-125-nuevo-original\/","title":{"rendered":"5880433 Kit juntas culata motor 1.6\/1.4 Fiat 124 \/ 125 NUEVO ORIGINAL"},"content":{"rendered":"<p>Juego de descarbonizaci\u00f3n, set de juntas de la culata de motor de:<br \/>\nFIAT 124 Sport Spider (124)<br \/>\n1.4 Sport, A\u00f1o 01.1966 &#8211; 12.1972, 1438 , 90<br \/>\n1.6 Sport, A\u00f1o 11.1969 &#8211; 08.1973, 1608 , 112<br \/>\n1.6 Sport, A\u00f1o 11.1969 &#8211; 08.1973, 1592 , 100<br \/>\n1.6 Sport, A\u00f1o 01.1969 &#8211; 12.1974, 1592 , 108<br \/>\n1.6 Sport, A\u00f1o 01.1969 &#8211; 12.1974, 1592 , 104<br \/>\nFIAT 124 Familiare (124)<br \/>\n1.4, A\u00f1o 09.1967 &#8211; 05.1971, 1438 , 69<br \/>\nFIAT 124 Coup\u00e9 (124)<br \/>\n1.4 Sport, A\u00f1o 06.1967 &#8211; 10.1972, 1438 , 90<br \/>\n1.6, A\u00f1o 11.1971 &#8211; 10.1973, 1608 , 100<br \/>\n1.6, A\u00f1o 04.1970 &#8211; 10.1973, 1608 , 110<br \/>\nFIAT 125 Berlina (125)<br \/>\n1.6, A\u00f1o 05.1969 &#8211; 10.1973, 1608 , 100<\/p>\n<p>LA PIEZA ES NUEVA Y ORIGINAL.<\/p>\n","protected":false},"excerpt":{"rendered":"<p>Juego de descarbonizaci\u00f3n, set de juntas de la culata de motor de: FIAT 124 Sport Spider (124) 1.4 Sport, A\u00f1o 01.1966 &#8211; 12.1972, 1438 , 90 1.6 Sport, A\u00f1o 11.1969 &#8211; 08.1973, 1608 , 112 1.6 Sport, A\u00f1o 11.1969 &#8211; 08.1973, 1592 , 100 1.6 Sport, A\u00f1o 01.1969 &#8211; 12.1974, 1592 , 108 1.6 Sport, [&hellip;]<\/p>\n","protected":false},"featured_media":59986,"template":"","meta":{"_seopress_robots_primary_cat":"","_seopress_titles_title":"","_seopress_titles_desc":"","_seopress_robots_index":""},"product_cat":[65,66,20],"product_tag":[],"class_list":{"0":"post-59984","1":"product","2":"type-product","3":"status-publish","4":"has-post-thumbnail","6":"product_cat-recambios-fiat-124","7":"product_cat-recambios-fiat-125","8":"product_cat-recambios-fiat","10":"first","11":"outofstock","12":"taxable","13":"shipping-taxable","14":"purchasable","15":"product-type-simple"},"_links":{"self":[{"href":"https:\/\/galicianparts.com\/shop\/wp-json\/wp\/v2\/product\/59984"}],"collection":[{"href":"https:\/\/galicianparts.com\/shop\/wp-json\/wp\/v2\/product"}],"about":[{"href":"https:\/\/galicianparts.com\/shop\/wp-json\/wp\/v2\/types\/product"}],"wp:featuredmedia":[{"embeddable":true,"href":"https:\/\/galicianparts.com\/shop\/wp-json\/wp\/v2\/media\/59986"}],"wp:attachment":[{"href":"https:\/\/galicianparts.com\/shop\/wp-json\/wp\/v2\/media?parent=59984"}],"wp:term":[{"taxonomy":"product_cat","embeddable":true,"href":"https:\/\/galicianparts.com\/shop\/wp-json\/wp\/v2\/product_cat?post=59984"},{"taxonomy":"product_tag","embeddable":true,"href":"https:\/\/galicianparts.com\/shop\/wp-json\/wp\/v2\/product_tag?post=59984"}],"curies":[{"name":"wp","href":"https:\/\/api.w.org\/{rel}","templated":true}]}}