{"id":59991,"date":"2022-10-06T12:40:47","date_gmt":"2022-10-06T10:40:47","guid":{"rendered":"https:\/\/galicianparts.com\/shop\/producto\/4390470-carcasa-ventilador-modulo-calefaccion-fiat-127-nuevo-original\/"},"modified":"2024-07-08T17:14:50","modified_gmt":"2024-07-08T15:14:50","slug":"4390470-carcasa-ventilador-modulo-calefaccion-fiat-127-nuevo-original","status":"publish","type":"product","link":"https:\/\/galicianparts.com\/shop\/producto\/4390470-carcasa-ventilador-modulo-calefaccion-fiat-127-nuevo-original\/","title":{"rendered":"4390470 Carcasa ventilador m\u00f3dulo calefacci\u00f3n Fiat 127 NUEVO ORIGINAL"},"content":{"rendered":"<p>Soporte del motor del ventilador de la caja del m\u00f3dulo de la calefacci\u00f3n, con el peque\u00f1o desperfecto que se ve en la foto 5 de:<br \/>\nFIAT 127<\/p>\n<p>LA PIEZA ES NUEVA Y ORIGINAL CON EL PEQUE\u00d1O DESPERFECTO QUE SE VE EN LA FOTO A CAUSA DE MAL ALMACENAJE<\/p>\n","protected":false},"excerpt":{"rendered":"<p>Soporte del motor del ventilador de la caja del m\u00f3dulo de la calefacci\u00f3n, con el peque\u00f1o desperfecto que se ve en la foto 5 de: FIAT 127 LA PIEZA ES NUEVA Y ORIGINAL CON EL PEQUE\u00d1O DESPERFECTO QUE SE VE EN LA FOTO A CAUSA DE MAL ALMACENAJE<\/p>\n","protected":false},"featured_media":59993,"template":"","meta":{"_seopress_robots_primary_cat":"","_seopress_titles_title":"","_seopress_titles_desc":"","_seopress_robots_index":""},"product_cat":[68,20],"product_tag":[],"class_list":{"0":"post-59991","1":"product","2":"type-product","3":"status-publish","4":"has-post-thumbnail","6":"product_cat-recambios-fiat-127","7":"product_cat-recambios-fiat","9":"first","10":"outofstock","11":"taxable","12":"shipping-taxable","13":"purchasable","14":"product-type-simple"},"_links":{"self":[{"href":"https:\/\/galicianparts.com\/shop\/wp-json\/wp\/v2\/product\/59991"}],"collection":[{"href":"https:\/\/galicianparts.com\/shop\/wp-json\/wp\/v2\/product"}],"about":[{"href":"https:\/\/galicianparts.com\/shop\/wp-json\/wp\/v2\/types\/product"}],"wp:featuredmedia":[{"embeddable":true,"href":"https:\/\/galicianparts.com\/shop\/wp-json\/wp\/v2\/media\/59993"}],"wp:attachment":[{"href":"https:\/\/galicianparts.com\/shop\/wp-json\/wp\/v2\/media?parent=59991"}],"wp:term":[{"taxonomy":"product_cat","embeddable":true,"href":"https:\/\/galicianparts.com\/shop\/wp-json\/wp\/v2\/product_cat?post=59991"},{"taxonomy":"product_tag","embeddable":true,"href":"https:\/\/galicianparts.com\/shop\/wp-json\/wp\/v2\/product_tag?post=59991"}],"curies":[{"name":"wp","href":"https:\/\/api.w.org\/{rel}","templated":true}]}}